{"id":403,"date":"2017-07-19T08:15:10","date_gmt":"2017-07-19T08:15:10","guid":{"rendered":"http:\/\/www.nicdarkthemes.com\/themes\/hotel\/wp\/demo\/?page_id=403"},"modified":"2022-06-18T01:39:42","modified_gmt":"2022-06-18T01:39:42","slug":"about-us-2","status":"publish","type":"page","link":"https:\/\/www.hotelvieuxmoulin.lu\/fr\/about-us-2\/","title":{"rendered":"\u00c0 propos de nous"},"content":{"rendered":"<div class=\"vc_row wpb_row vc_row-fluid vc_custom_1485860712352\"><div class=\"wpb_column vc_column_container vc_col-sm-8\"><div class=\"vc_column-inner\"><div class=\"wpb_wrapper\"><div style=\"background-color:;height: 30px\" class=\"nicdark_section\"><\/div>\n\t<div class=\"wpb_text_column wpb_content_element\" id=\"about-us-title\">\n\t\t<div class=\"wpb_wrapper\">\n\t\t\t<h1>Bienvenue au paradis des Ardennes Luxembourgeoises<\/h1>\n\n\t\t<\/div>\n\t<\/div>\n <p style=\"color:;padding:px;text-align:;font-size:16px;line-height:22px;letter-spacing: px;font-weight:\" class=\"\">Plus qu'un h\u00f4tel-restaurant, l'h\u00f4tel est un lieu de d\u00e9couverte et d'enchantement. Le domaine touristique des Ardennes luxembourgeoises \u00e0 Asselborn vous invite \u00e0 un v\u00e9ritable retour au pays: celui du ruisseau du Tratterbach class\u00e9 \u00abNatura 2000\u00bb o\u00f9 les truites font le bonheur des p\u00eacheurs et des gourmands.<\/p> <div style=\"background-color:;height: 10px\" class=\"nicdark_section\"><\/div> <p style=\"color:;padding:px;text-align:;font-size:16px;line-height:22px;letter-spacing: px;font-weight:\" class=\"\">Ouvrez votre esprit aux merveilles de la nature qui se trouvent ici, au chant des oiseaux, au vol gracieux des papillons et des libellules, au concert de grenouilles et au sublime coucher de soleil.<\/p> <div style=\"background-color:;height: 10px\" class=\"nicdark_section\"><\/div> <p style=\"color:;padding:px;text-align:;font-size:16px;line-height:22px;letter-spacing: px;font-weight:\" class=\"\">Pour un s\u00e9jour culturel et gastronomique inoubliable, profitez de notre magnifique domaine pour une halte romantique, un \u00e9v\u00e9nement familial, un groupe ou un s\u00e9jour professionnel. Admirez les d\u00e9tails des objets historiques utilis\u00e9s comme objets de d\u00e9coration ou utilitaires.<\/p> <div style=\"background-color:;height: 10px\" class=\"nicdark_section\"><\/div> <p style=\"color:;padding:px;text-align:;font-size:16px;line-height:22px;letter-spacing: px;font-weight:\" class=\"\">Notre h\u00f4tel dispose d\u00e9sormais \u00e9galement de bornes de recharge \u00e9lectrique pour les voitures.<\/p> <\/div><\/div><\/div><div class=\"wpb_column vc_column_container vc_col-sm-4\"><div class=\"vc_column-inner vc_custom_1485856159511\"><div class=\"wpb_wrapper\"><div style=\"background-color:;height: 60px\" class=\"nicdark_section\"><\/div><div class=\"vc_row wpb_row vc_inner vc_row-fluid\"><div class=\"wpb_column vc_column_container vc_col-sm-12 vc_col-has-fill\"><div class=\"vc_column-inner vc_custom_1552268900351\"><div class=\"wpb_wrapper\">\n\n    <div class=\"nd_options_section nd_options_position_relative about-us-phone\">\n\n        <img decoding=\"async\" style=\"top:px\" alt=\"\" class=\"nd_options_position_absolute nd_options_left_0\" width=\"30\" src=\"https:\/\/www.hotelvieuxmoulin.lu\/wp-content\/uploads\/2017\/07\/icon-checked-white.png\">\n\n        <div style=\"padding-left:50px\" class=\"nd_options_section nd_options_box_sizing_border_box\">\n            \n            <h3 class=\"nd_options_second_font nd_options_letter_spacing_2 nd_options_font_weight_lighter\" style=\"margin:0px 0px 3px 0px;color:#ffffff;font-size:13px;line-height:13px\">T\u00c9L\u00c9PHONE<\/h3> \n             \n            <a class=\"nd_options_display_inline_block\" style=\"font-size:px;line-height:px;border-radius:;border:0px solid;background-color:;padding:;color:#ffffff\" rel=\"\" target=\" _blank\" href=\"tel: 352998616\">+352 99 86 16<\/a>\n\n        <\/div>\n\n    <\/div>\n\n  <div style=\"background-color:;height: 60px\" class=\"nicdark_section\"><\/div>\n\n    <div class=\"nd_options_section nd_options_position_relative\">\n\n        <img decoding=\"async\" style=\"top:px\" alt=\"\" class=\"nd_options_position_absolute nd_options_left_0\" width=\"30\" src=\"https:\/\/www.hotelvieuxmoulin.lu\/wp-content\/uploads\/2017\/07\/icon-checked-white.png\">\n\n        <div style=\"padding-left:50px\" class=\"nd_options_section nd_options_box_sizing_border_box\">\n            \n            <h3 class=\"nd_options_second_font nd_options_letter_spacing_2 nd_options_font_weight_lighter\" style=\"margin:0px 0px 3px 0px;color:#ffffff;font-size:13px;line-height:13px\">E-MAIL<\/h3> \n             \n            <a class=\"nd_options_display_inline_block\" style=\"font-size:px;line-height:px;border-radius:;border:0px solid;background-color:;padding:;color:#ffffff\" rel=\"\" target=\" _blank\" href=\"mailto:resa@hotelvieuxmoulin.lu\">resa@hotelvieuxmoulin.lu<\/a>\n\n        <\/div>\n\n    <\/div>\n\n  <\/div><\/div><\/div><\/div><div style=\"background-color:;height: 10px\" class=\"nicdark_section\"><\/div><\/div><\/div><\/div><\/div><div class=\"vc_row wpb_row vc_row-fluid\"><div class=\"wpb_column vc_column_container vc_col-sm-4 vc_col-has-fill\"><div class=\"vc_column-inner vc_custom_1561551339251\"><div class=\"wpb_wrapper\">\n    <div style=\"text-align:center\" class=\"nd_options_section\">\n      <img decoding=\"async\" alt=\"\" style=\"width:70px\" class=\"nd_options_margin_0 nd_options_padding_0\" src=\"https:\/\/www.hotelvieuxmoulin.lu\/wp-content\/uploads\/2019\/03\/logo_Hotels-ardennes_60.png\">\n    <\/div>\n   <\/div><\/div><\/div><div class=\"wpb_column vc_column_container vc_col-sm-4 vc_col-has-fill\"><div class=\"vc_column-inner vc_custom_1561551333525\"><div class=\"wpb_wrapper\">\n    <div style=\"text-align:center\" class=\"nd_options_section\">\n      <img decoding=\"async\" alt=\"\" style=\"width:70px\" class=\"nd_options_margin_0 nd_options_padding_0\" src=\"https:\/\/www.hotelvieuxmoulin.lu\/wp-content\/uploads\/2019\/03\/main-logo_60.png\">\n    <\/div>\n   <\/div><\/div><\/div><div class=\"wpb_column vc_column_container vc_col-sm-4 vc_col-has-fill\"><div class=\"vc_column-inner vc_custom_1561551327899\"><div class=\"wpb_wrapper\">\n    <div style=\"text-align:center\" class=\"nd_options_section\">\n      <img decoding=\"async\" alt=\"\" style=\"width:70px\" class=\"nd_options_margin_0 nd_options_padding_0\" src=\"https:\/\/www.hotelvieuxmoulin.lu\/wp-content\/uploads\/2019\/03\/A_ardenne.png\">\n    <\/div>\n   <\/div><\/div><\/div><\/div><div class=\"vc_row wpb_row vc_row-fluid vc_custom_1485860933865\"><div class=\"wpb_column vc_column_container vc_col-sm-12\"><div class=\"vc_column-inner vc_custom_1552268799603\"><div class=\"wpb_wrapper\"><div class=\"vc_row wpb_row vc_inner vc_row-fluid\"><div class=\"wpb_column vc_column_container vc_col-sm-6\"><div class=\"vc_column-inner\"><div class=\"wpb_wrapper\"><div style=\"background-color:;height: 10px\" class=\"nicdark_section\"><\/div>\n\n\t<!--START FOCUS-->\n  <div class=\"nd_options_section  nd_options_position_relative nd_options_fadein_fadeout nd_options_overflow_hidden\">\n              \n      <img decoding=\"async\" alt=\"\" class=\"nd_options_section nd_options_zoom_image\" src=\"https:\/\/www.hotelvieuxmoulin.lu\/wp-content\/uploads\/2019\/02\/3_3_2_enseigne-relais.jpg\">\n      \n      <!--filter-->\n      <div class=\"nd_options_fadein nd_options_bg_greydark_alpha_2_2 nd_options_position_absolute nd_options_height_100_percentage nd_options_width_100_percentage\">  \n      <\/div>\n      <!--end filter-->\n      \n      <!--start content-->\n      <div style=\"background-color:#000\" class=\"nd_options_fadeout nd_options_position_absolute nd_options_height_100_percentage nd_options_width_100_percentage\">\n          <div class=\"nd_options_position_absolute nd_options_display_table nd_options_height_100_percentage nd_options_width_100_percentage\">\n              <div class=\"nd_options_display_table_cell nd_options_vertical_align_middle nd_options_text_align_center\">\n                  <h1 style=\"color:#fff\">Le Relais Postal<\/h1>\n                  <div class=\"nd_options_section nd_options_height_20\"><\/div>\n                  <h3 style=\"color:#fff\"><\/h3>\n                  <div class=\"nd_options_section nd_options_height_20\"><\/div>\n                  <img decoding=\"async\" width=\"25\" alt=\"\" src=\"\">\n              <\/div>   \n          <\/div>   \n      <\/div>\n      <!--end content-->\n      \n  <\/div>\n  <!--END FOCUS-->\n\t\n\n   <div style=\"background-color:;height: 10px\" class=\"nicdark_section\"><\/div><\/div><\/div><\/div><div class=\"wpb_column vc_column_container vc_col-sm-6\"><div class=\"vc_column-inner\"><div class=\"wpb_wrapper\"><div style=\"background-color:;height: 10px\" class=\"nicdark_section\"><\/div>\n\t<div class=\"wpb_text_column wpb_content_element\" >\n\t\t<div class=\"wpb_wrapper\">\n\t\t\t<h1>Le Moulin<\/h1>\n\n\t\t<\/div>\n\t<\/div>\n <p style=\"color:;padding:px;text-align:;font-size:18px;line-height:24px;letter-spacing: px;font-weight:\" class=\"\">Cet ancien moulin \u00e0 eau a travers\u00e9 toutes les \u00e9poques du Grand-Duch\u00e9 de Luxembourg depuis 1036. Aujourd'hui, ce petit h\u00f4tel de charme de 18 chambres offre tout le confort d'un lieu authentique. L'atmosph\u00e8re de chalet suisse qui r\u00e8gne dans ces chambres vous invite prenez un moment, le restaurant avec sa chemin\u00e9e \u00e0 bois vous invite \u00e0 d\u00e9couvrir de nouveaux go\u00fbts, et le mus\u00e9e du Moulin vous ram\u00e8ne \u00e0 l\u2019\u00e9poque des moulins. Imaginez le m\u00e9lange d'odeurs de c\u00e9r\u00e9ales s\u00e9ch\u00e9es et de farine fra\u00eechement moulue ...<\/p> <div style=\"background-color:;height: 60px\" class=\"nicdark_section\"><\/div><\/div><\/div><\/div><\/div><\/div><\/div><\/div><\/div><div class=\"vc_row wpb_row vc_row-fluid vc_custom_1485860933865\"><div class=\"wpb_column vc_column_container vc_col-sm-12\"><div class=\"vc_column-inner vc_custom_1552268811634\"><div class=\"wpb_wrapper\"><div class=\"vc_row wpb_row vc_inner vc_row-fluid\"><div class=\"wpb_column vc_column_container vc_col-sm-6\"><div class=\"vc_column-inner\"><div class=\"wpb_wrapper\"><div style=\"background-color:;height: 30px\" class=\"nicdark_section\"><\/div>\n\t<div class=\"wpb_text_column wpb_content_element\" >\n\t\t<div class=\"wpb_wrapper\">\n\t\t\t<h1>Le Relais Postal<\/h1>\n\n\t\t<\/div>\n\t<\/div>\n <p style=\"color:;padding:px;text-align:;font-size:18px;line-height:24px;letter-spacing: px;font-weight:\" class=\"\">D\u00e9couvrez l'Auberge du Relais Postal d'Asselborn, un lieu et l'occasion de vivre une exp\u00e9rience unique.<\/p> <div style=\"background-color:;height: 10px\" class=\"nicdark_section\"><\/div> <p style=\"color:;padding:px;text-align:;font-size:18px;line-height:24px;letter-spacing: px;font-weight:\" class=\"\">Dans un authentique b\u00e2timent du XVIe si\u00e8cle cr\u00e9\u00e9 par Thurn &amp; Taxis sur la route postale de Rome \u00e0 Anvers, vivez l\u2019\u00e9pop\u00e9e des routes postales \u00e0 travers l\u2019Europe.<\/p> <div style=\"background-color:;height: 10px\" class=\"nicdark_section\"><\/div> <p style=\"color:;padding:px;text-align:;font-size:18px;line-height:24px;letter-spacing: px;font-weight:\" class=\"\">Fabuleuses viandes grill\u00e9es au feu de bois pr\u00e9par\u00e9es dans la salle \u00e0 manger. Grandes chambres \u00e0 th\u00e8me dans un style harmonieux o\u00f9 la d\u00e9coration de charme vous transporte dans un univers tr\u00e8s diff\u00e9rent de la gastronomie traditionnelle.<\/p> <\/div><\/div><\/div><div class=\"wpb_column vc_column_container vc_col-sm-6\"><div class=\"vc_column-inner\"><div class=\"wpb_wrapper\"><div style=\"background-color:;height: 10px\" class=\"nicdark_section\"><\/div>\n\n\t<!--START FOCUS-->\n  <div class=\"nd_options_section  nd_options_position_relative nd_options_fadein_fadeout nd_options_overflow_hidden\">\n              \n      <img decoding=\"async\" alt=\"\" class=\"nd_options_section nd_options_zoom_image\" src=\"https:\/\/www.hotelvieuxmoulin.lu\/wp-content\/uploads\/2017\/07\/06-1024x791.jpg\">\n      \n      <!--filter-->\n      <div class=\"nd_options_fadein nd_options_bg_greydark_alpha_2_2 nd_options_position_absolute nd_options_height_100_percentage nd_options_width_100_percentage\">  \n      <\/div>\n      <!--end filter-->\n      \n      <!--start content-->\n      <div style=\"background-color:#000\" class=\"nd_options_fadeout nd_options_position_absolute nd_options_height_100_percentage nd_options_width_100_percentage\">\n          <div class=\"nd_options_position_absolute nd_options_display_table nd_options_height_100_percentage nd_options_width_100_percentage\">\n              <div class=\"nd_options_display_table_cell nd_options_vertical_align_middle nd_options_text_align_center\">\n                  <h1 style=\"color:#fff\">Hotel du Moulin<\/h1>\n                  <div class=\"nd_options_section nd_options_height_20\"><\/div>\n                  <h3 style=\"color:#fff\"><\/h3>\n                  <div class=\"nd_options_section nd_options_height_20\"><\/div>\n                  <img decoding=\"async\" width=\"25\" alt=\"\" src=\"\">\n              <\/div>   \n          <\/div>   \n      <\/div>\n      <!--end content-->\n      \n  <\/div>\n  <!--END FOCUS-->\n\t\n\n   <div style=\"background-color:;height: 10px\" class=\"nicdark_section\"><\/div><\/div><\/div><\/div><\/div><div class=\"vc_row wpb_row vc_inner vc_row-fluid vc_custom_1552268839712\"><div class=\"wpb_column vc_column_container vc_col-sm-3\" id=\"about-us-guy-image\"><div class=\"vc_column-inner\"><div class=\"wpb_wrapper\">\n    <div style=\"text-align:\" class=\"nd_options_section\">\n      <img decoding=\"async\" alt=\"\" style=\"width:100%\" class=\"nd_options_margin_0 nd_options_padding_0\" src=\"https:\/\/www.hotelvieuxmoulin.lu\/wp-content\/uploads\/2019\/03\/leon-nilles.jpg\">\n    <\/div>\n   <\/div><\/div><\/div><div class=\"wpb_column vc_column_container vc_col-sm-9\"><div class=\"vc_column-inner\"><div class=\"wpb_wrapper\">\n\t<div class=\"wpb_text_column wpb_content_element  about-paragraphs\" >\n\t\t<div class=\"wpb_wrapper\">\n\t\t\t<h1>Philosophie<\/h1>\n\n\t\t<\/div>\n\t<\/div>\n <p style=\"color:;padding:px;text-align:;font-size:18px;line-height:24px;letter-spacing: px;font-weight:\" class=\"\">Authenticit\u00e9, convivialit\u00e9, approche personnalis\u00e9e: l'\u00e9quipe du domaine est \u00e0 votre service pour vous proposer des moments uniques de plaisir, de d\u00e9tente et de d\u00e9couverte.<\/p> <div style=\"background-color:;height: 10px\" class=\"nicdark_section\"><\/div> <p style=\"color:;padding:px;text-align:;font-size:18px;line-height:24px;letter-spacing: px;font-weight:\" class=\"\">L'Auberge du Relais Postal est l'oeuvre de L\u00e9on Nilles (\u2020 2016), professeur de g\u00e9nie civil, amoureux des vieilles pierres et de la restauration de b\u00e2timents anciens. Cet endroit inhabituel qui ne ressemble \u00e0 aucun autre est n\u00e9 de ses mains - les mat\u00e9riaux et le design du b\u00e2timent combinent des mat\u00e9riaux du pass\u00e9 et du pr\u00e9sent.<\/p> <\/div><\/div><\/div><\/div><\/div><\/div><\/div><\/div>","protected":false},"excerpt":{"rendered":"Welcome to the paradise of the Luxembourg Ardennes More than just a hotel-restaurant, the hotel is a place of discovery and enchantment. The Tourist Domain of the Luxembourg Ardennes in Asselborn invites you to a real homecoming: that of the Tratterbach stream classified \u201cNatura 2000\u201d where trout are the delight of fishermen and gourmets. Open [...]","protected":false},"author":1,"featured_media":0,"parent":0,"menu_order":0,"comment_status":"closed","ping_status":"closed","template":"","meta":{"om_disable_all_campaigns":false,"_monsterinsights_skip_tracking":false,"_monsterinsights_sitenote_active":false,"_monsterinsights_sitenote_note":"","_monsterinsights_sitenote_category":0,"footnotes":""},"class_list":["post-403","page","type-page","status-publish","hentry"],"yoast_head":"<!-- This site is optimized with the Yoast SEO plugin v21.9.1 - https:\/\/yoast.com\/wordpress\/plugins\/seo\/ -->\n<title>About Us - Domaine du Moulin d&#039;Asselborn<\/title>\n<meta name=\"robots\" content=\"index, follow, max-snippet:-1, max-image-preview:large, max-video-preview:-1\" \/>\n<link rel=\"canonical\" href=\"https:\/\/www.hotelvieuxmoulin.lu\/fr\/about-us-2\/\" \/>\n<meta property=\"og:locale\" content=\"fr_FR\" \/>\n<meta property=\"og:type\" content=\"article\" \/>\n<meta property=\"og:title\" content=\"About Us - Domaine du Moulin d&#039;Asselborn\" \/>\n<meta property=\"og:url\" content=\"https:\/\/www.hotelvieuxmoulin.lu\/fr\/about-us-2\/\" \/>\n<meta property=\"og:site_name\" content=\"Domaine du Moulin d&#039;Asselborn\" \/>\n<meta property=\"article:modified_time\" content=\"2022-06-18T01:39:42+00:00\" \/>\n<meta name=\"twitter:card\" content=\"summary_large_image\" \/>\n<meta name=\"twitter:label1\" content=\"Dur\u00e9e de lecture estim\u00e9e\" \/>\n\t<meta name=\"twitter:data1\" content=\"7 minutes\" \/>\n<script type=\"application\/ld+json\" class=\"yoast-schema-graph\">{\"@context\":\"https:\/\/schema.org\",\"@graph\":[{\"@type\":\"WebPage\",\"@id\":\"https:\/\/www.hotelvieuxmoulin.lu\/de\/about-us-2\/\",\"url\":\"https:\/\/www.hotelvieuxmoulin.lu\/de\/about-us-2\/\",\"name\":\"About Us - Domaine du Moulin d&#039;Asselborn\",\"isPartOf\":{\"@id\":\"https:\/\/www.hotelvieuxmoulin.lu\/#website\"},\"datePublished\":\"2017-07-19T08:15:10+00:00\",\"dateModified\":\"2022-06-18T01:39:42+00:00\",\"breadcrumb\":{\"@id\":\"https:\/\/www.hotelvieuxmoulin.lu\/de\/about-us-2\/#breadcrumb\"},\"inLanguage\":\"fr-FR\",\"potentialAction\":[{\"@type\":\"ReadAction\",\"target\":[\"https:\/\/www.hotelvieuxmoulin.lu\/de\/about-us-2\/\"]}]},{\"@type\":\"BreadcrumbList\",\"@id\":\"https:\/\/www.hotelvieuxmoulin.lu\/de\/about-us-2\/#breadcrumb\",\"itemListElement\":[{\"@type\":\"ListItem\",\"position\":1,\"name\":\"Home\",\"item\":\"https:\/\/www.hotelvieuxmoulin.lu\/\"},{\"@type\":\"ListItem\",\"position\":2,\"name\":\"About Us\"}]},{\"@type\":\"WebSite\",\"@id\":\"https:\/\/www.hotelvieuxmoulin.lu\/#website\",\"url\":\"https:\/\/www.hotelvieuxmoulin.lu\/\",\"name\":\"Domaine du Moulin d&#039;Asselborn\",\"description\":\"Regional Luxembourgish hotel tradition\",\"potentialAction\":[{\"@type\":\"SearchAction\",\"target\":{\"@type\":\"EntryPoint\",\"urlTemplate\":\"https:\/\/www.hotelvieuxmoulin.lu\/?s={search_term_string}\"},\"query-input\":\"required name=search_term_string\"}],\"inLanguage\":\"fr-FR\"}]}<\/script>\n<!-- \/ Yoast SEO plugin. -->","yoast_head_json":{"title":"About Us - Domaine du Moulin d&#039;Asselborn","robots":{"index":"index","follow":"follow","max-snippet":"max-snippet:-1","max-image-preview":"max-image-preview:large","max-video-preview":"max-video-preview:-1"},"canonical":"https:\/\/www.hotelvieuxmoulin.lu\/fr\/about-us-2\/","og_locale":"fr_FR","og_type":"article","og_title":"About Us - Domaine du Moulin d&#039;Asselborn","og_url":"https:\/\/www.hotelvieuxmoulin.lu\/fr\/about-us-2\/","og_site_name":"Domaine du Moulin d&#039;Asselborn","article_modified_time":"2022-06-18T01:39:42+00:00","twitter_card":"summary_large_image","twitter_misc":{"Dur\u00e9e de lecture estim\u00e9e":"7 minutes"},"schema":{"@context":"https:\/\/schema.org","@graph":[{"@type":"WebPage","@id":"https:\/\/www.hotelvieuxmoulin.lu\/de\/about-us-2\/","url":"https:\/\/www.hotelvieuxmoulin.lu\/de\/about-us-2\/","name":"About Us - Domaine du Moulin d&#039;Asselborn","isPartOf":{"@id":"https:\/\/www.hotelvieuxmoulin.lu\/#website"},"datePublished":"2017-07-19T08:15:10+00:00","dateModified":"2022-06-18T01:39:42+00:00","breadcrumb":{"@id":"https:\/\/www.hotelvieuxmoulin.lu\/de\/about-us-2\/#breadcrumb"},"inLanguage":"fr-FR","potentialAction":[{"@type":"ReadAction","target":["https:\/\/www.hotelvieuxmoulin.lu\/de\/about-us-2\/"]}]},{"@type":"BreadcrumbList","@id":"https:\/\/www.hotelvieuxmoulin.lu\/de\/about-us-2\/#breadcrumb","itemListElement":[{"@type":"ListItem","position":1,"name":"Home","item":"https:\/\/www.hotelvieuxmoulin.lu\/"},{"@type":"ListItem","position":2,"name":"About Us"}]},{"@type":"WebSite","@id":"https:\/\/www.hotelvieuxmoulin.lu\/#website","url":"https:\/\/www.hotelvieuxmoulin.lu\/","name":"Domaine du Moulin d&#039;Asselborn","description":"Regional Luxembourgish hotel tradition","potentialAction":[{"@type":"SearchAction","target":{"@type":"EntryPoint","urlTemplate":"https:\/\/www.hotelvieuxmoulin.lu\/?s={search_term_string}"},"query-input":"required name=search_term_string"}],"inLanguage":"fr-FR"}]}},"_links":{"self":[{"href":"https:\/\/www.hotelvieuxmoulin.lu\/fr\/wp-json\/wp\/v2\/pages\/403","targetHints":{"allow":["GET"]}}],"collection":[{"href":"https:\/\/www.hotelvieuxmoulin.lu\/fr\/wp-json\/wp\/v2\/pages"}],"about":[{"href":"https:\/\/www.hotelvieuxmoulin.lu\/fr\/wp-json\/wp\/v2\/types\/page"}],"author":[{"embeddable":true,"href":"https:\/\/www.hotelvieuxmoulin.lu\/fr\/wp-json\/wp\/v2\/users\/1"}],"replies":[{"embeddable":true,"href":"https:\/\/www.hotelvieuxmoulin.lu\/fr\/wp-json\/wp\/v2\/comments?post=403"}],"version-history":[{"count":47,"href":"https:\/\/www.hotelvieuxmoulin.lu\/fr\/wp-json\/wp\/v2\/pages\/403\/revisions"}],"predecessor-version":[{"id":3371,"href":"https:\/\/www.hotelvieuxmoulin.lu\/fr\/wp-json\/wp\/v2\/pages\/403\/revisions\/3371"}],"wp:attachment":[{"href":"https:\/\/www.hotelvieuxmoulin.lu\/fr\/wp-json\/wp\/v2\/media?parent=403"}],"curies":[{"name":"wp","href":"https:\/\/api.w.org\/{rel}","templated":true}]}}