{"id":2638,"date":"2019-08-24T16:56:55","date_gmt":"2019-08-24T16:56:55","guid":{"rendered":"http:\/\/utpawdh.cluster031.hosting.ovh.net\/?page_id=2638"},"modified":"2022-07-21T16:21:19","modified_gmt":"2022-07-21T16:21:19","slug":"privacy-policy","status":"publish","type":"page","link":"https:\/\/www.hotelvieuxmoulin.lu\/fr\/privacy-policy\/","title":{"rendered":"Politique de confidentialit\u00e9"},"content":{"rendered":"<div class=\"vc_row wpb_row vc_row-fluid\"><div class=\"wpb_column vc_column_container vc_col-sm-12\"><div class=\"vc_column-inner\"><div class=\"wpb_wrapper\">\n\t<div class=\"wpb_text_column wpb_content_element\" >\n\t\t<div class=\"wpb_wrapper\">\n\t\t\t<p>L\u2019h\u00f4tel Domaine du Moulin d\u2019Asselborn a pour objectif de se conformer pleinement aux exigences du GDPR. Nous recueillons des informations sur les cookies de nos visiteurs pour plusieurs raisons:<\/p>\n<ul style=\"padding: 10px 0 10px 20px;\">\n<li>des fins statistiques pour suivre le nombre d'utilisateurs que nous avons et combien de fois vous visitez notre site Web<\/li>\n<li>collecte d'informations pour surveiller le comportement sur le site et am\u00e9liorer nos services<\/li>\n<\/ul>\n<p>Nous ne surveillons pas les flux de trafic individuels sur notre site et nous ferons de notre mieux pour respecter votre vie priv\u00e9e.<\/p>\n<h2 style=\"padding: 10px 0;\">Collecte d'informations<\/h2>\n<p>Nous collectons des informations sur nos utilisateurs via Google Analytics et lorsque vous vous inscrivez \u00e0 notre newsletter. Si vous vous \u00eates inscrit \u00e0 notre newsletter dans le pass\u00e9 ou dans l'avenir, ou si vous nous avez fourni votre adresse e-mail pour une autre raison, nous ne vendrons ni ne communiquerons vos coordonn\u00e9es \u00e0 une autre soci\u00e9t\u00e9.<\/p>\n<h2 style=\"padding: 10px 0;\">Comment prot\u00e9geons-nous vos informations?<\/h2>\n<p>Vos informations personnelles sont contenues dans des r\u00e9seaux s\u00e9curis\u00e9s et ne sont accessibles que par un nombre limit\u00e9 de personnes qui disposent de droits d'acc\u00e8s sp\u00e9ciaux \u00e0 de tels syst\u00e8mes et qui sont tenues de pr\u00e9server la confidentialit\u00e9 de ces informations. En outre, toutes les informations que vous fournissez sont crypt\u00e9es via la technologie Secure Socket Layer (SSL). Nous mettons en \u0153uvre diverses mesures de s\u00e9curit\u00e9 lorsqu'un utilisateur entre, soumet ou acc\u00e8de \u00e0 ses informations pour pr\u00e9server la s\u00e9curit\u00e9 de vos informations personnelles. Cependant, aucune transmission de donn\u00e9es en ligne ne peut \u00eatre garantie \u00e0 100%.<\/p>\n<h2 style=\"padding: 10px 0;\">Qu'est-ce qu'un cookie?<\/h2>\n<p>Un cookie est un petit fichier texte contenant les donn\u00e9es stock\u00e9es par votre navigateur sur votre ordinateur. Si vous visitez le site une autre fois, un cookie assurera la reconnaissance de votre navigateur. Par exemple, vos param\u00e8tres de connexion peuvent \u00eatre conserv\u00e9s ou le site Web affiche des informations susceptibles de vous int\u00e9resser plus clairement. Les cookies peuvent \u00e9galement \u00eatre utilis\u00e9s \u00e0 des fins statistiques. Les cookies sont toujours anonymes et vos informations personnelles ne seront pas connues avant que vous ne les quittiez.<\/p>\n<h2 style=\"padding: 10px 0;\">Les tiers<\/h2>\n<p>Les annonceurs tiers tels que Google Analytics, Facebook Pixels ou Sendinblue g\u00e9n\u00e9reront des cookies statistiques afin de suivre les impressions et les conversions publicitaires. L'utilisation de cookies par des tiers est soumise aux politiques de confidentialit\u00e9 et de cookies de ces soci\u00e9t\u00e9s. Pour plus d'informations sur <a href=\"https:\/\/policies.google.com\/privacy?hl=en\" target=\"_blank\" rel=\"noopener noreferrer\">la politique de confidentialit\u00e9 de Google<\/a>, suivez le lien. Voici \u00e9galement une extension Chrome d\u00e9velopp\u00e9e par Google pour pouvoir d\u00e9sactiver son programme Analytics: <a href=\"https:\/\/tools.google.com\/dlpage\/gaoptout?hl=en\" target=\"_blank\" rel=\"noopener noreferrer\">tools.google.com\/dlpage\/gaoptout?hl=en<\/a>.<\/p>\n<h2 style=\"padding: 10px 0;\">Comment se retirer?<\/h2>\n<p>Les lecteurs peuvent choisir de ne pas participer \u00e0 la publicit\u00e9 comportementale en ligne en utilisant les m\u00e9thodes suivantes: Utilisez l\u2019outil de d\u00e9sactivation de Choix en ligne fourni \u00e0 l\u2019adresse suivante: <a href=\"https:\/\/www.youronlinechoices.com\/opt-out-interface\" target=\"_blank\" rel=\"noopener noreferrer\">www.youronlinechoices.com\/opt-out<\/a>. Vous pouvez \u00e9galement modifier les param\u00e8tres du navigateur de votre ordinateur pour bloquer, supprimer et \/ ou contr\u00f4ler l\u2019utilisation de tous les cookies tiers. Reportez-vous \u00e0 la documentation du navigateur Web de votre ordinateur pour plus d'informations.<\/p>\n<h2 style=\"padding: 10px 0;\">Des m\u00e9dias sociaux<\/h2>\n<p>Sur le site Web du Domaine du Moulin d\u2019Asselborn, vous pouvez partager des informations via les m\u00e9dias sociaux, via les boutons de m\u00e9dias sociaux disponibles. Les m\u00e9dias sociaux concern\u00e9s peuvent placer des cookies via ces boutons. Nous n'avons aucune influence sur l'utilisation de ces cookies par ces parties. Ils sont responsables de l'utilisation et de la fourniture des donn\u00e9es ainsi obtenues. La politique de confidentialit\u00e9 et les conditions g\u00e9n\u00e9rales des plateformes de m\u00e9dias sociaux impliqu\u00e9es s'appliquent \u00e0 cette utilisation. Retrouvez ci-dessous les politiques de confidentialit\u00e9 des plateformes de m\u00e9dias sociaux pertinentes:<\/p>\n<ul style=\"padding: 10px 0 10px 20px;\">\n<li><a href=\"https:\/\/www.facebook.com\/policy.php\" target=\"_blank\" rel=\"noopener noreferrer\">Facebook<\/a><\/li>\n<li><a href=\"https:\/\/www.facebook.com\/policy.php\" target=\"_blank\" rel=\"noopener noreferrer\">Instagram<\/a><\/li>\n<\/ul>\n<h2 style=\"padding: 10px 0;\">Des questions<\/h2>\n<p>Si vous avez des questions sur notre d\u00e9claration de confidentialit\u00e9 ou sur l'utilisation de vos informations, vous pouvez nous contacter directement via l'adresse \u00e9lectronique suivante: <a href=\"mailto:resa@hotelvieuxmoulin.lu\">resa@hotelvieuxmoulin.lu<\/a>.<\/p>\n\n\t\t<\/div>\n\t<\/div>\n<\/div><\/div><\/div><\/div>","protected":false},"excerpt":{"rendered":"Hotel Domaine du Moulin d'Asselborn aims to be fully GDPR compliant. We collect cookie information about our visitors for a few reasons: statistical purposes to track how many users we have and how often you visit our website collection of information to monitor behavior on the site and improve our services We do not monitor [...]","protected":false},"author":1,"featured_media":0,"parent":0,"menu_order":0,"comment_status":"closed","ping_status":"closed","template":"","meta":{"om_disable_all_campaigns":false,"_monsterinsights_skip_tracking":false,"_monsterinsights_sitenote_active":false,"_monsterinsights_sitenote_note":"","_monsterinsights_sitenote_category":0,"footnotes":""},"class_list":["post-2638","page","type-page","status-publish","hentry"],"yoast_head":"<!-- This site is optimized with the Yoast SEO plugin v21.9.1 - https:\/\/yoast.com\/wordpress\/plugins\/seo\/ -->\n<title>Privacy Policy - Domaine du Moulin d&#039;Asselborn<\/title>\n<meta name=\"robots\" content=\"index, follow, max-snippet:-1, max-image-preview:large, max-video-preview:-1\" \/>\n<link rel=\"canonical\" href=\"https:\/\/www.hotelvieuxmoulin.lu\/fr\/privacy-policy\/\" \/>\n<meta property=\"og:locale\" content=\"fr_FR\" \/>\n<meta property=\"og:type\" content=\"article\" \/>\n<meta property=\"og:title\" content=\"Privacy Policy - Domaine du Moulin d&#039;Asselborn\" \/>\n<meta property=\"og:url\" content=\"https:\/\/www.hotelvieuxmoulin.lu\/fr\/privacy-policy\/\" \/>\n<meta property=\"og:site_name\" content=\"Domaine du Moulin d&#039;Asselborn\" \/>\n<meta property=\"article:modified_time\" content=\"2022-07-21T16:21:19+00:00\" \/>\n<meta name=\"twitter:card\" content=\"summary_large_image\" \/>\n<meta name=\"twitter:label1\" content=\"Dur\u00e9e de lecture estim\u00e9e\" \/>\n\t<meta name=\"twitter:data1\" content=\"3 minutes\" \/>\n<script type=\"application\/ld+json\" class=\"yoast-schema-graph\">{\"@context\":\"https:\/\/schema.org\",\"@graph\":[{\"@type\":\"WebPage\",\"@id\":\"https:\/\/www.hotelvieuxmoulin.lu\/privacy-policy\/\",\"url\":\"https:\/\/www.hotelvieuxmoulin.lu\/privacy-policy\/\",\"name\":\"Privacy Policy - Domaine du Moulin d&#039;Asselborn\",\"isPartOf\":{\"@id\":\"https:\/\/www.hotelvieuxmoulin.lu\/#website\"},\"datePublished\":\"2019-08-24T16:56:55+00:00\",\"dateModified\":\"2022-07-21T16:21:19+00:00\",\"breadcrumb\":{\"@id\":\"https:\/\/www.hotelvieuxmoulin.lu\/privacy-policy\/#breadcrumb\"},\"inLanguage\":\"fr-FR\",\"potentialAction\":[{\"@type\":\"ReadAction\",\"target\":[\"https:\/\/www.hotelvieuxmoulin.lu\/privacy-policy\/\"]}]},{\"@type\":\"BreadcrumbList\",\"@id\":\"https:\/\/www.hotelvieuxmoulin.lu\/privacy-policy\/#breadcrumb\",\"itemListElement\":[{\"@type\":\"ListItem\",\"position\":1,\"name\":\"Home\",\"item\":\"https:\/\/www.hotelvieuxmoulin.lu\/\"},{\"@type\":\"ListItem\",\"position\":2,\"name\":\"Privacy Policy\"}]},{\"@type\":\"WebSite\",\"@id\":\"https:\/\/www.hotelvieuxmoulin.lu\/#website\",\"url\":\"https:\/\/www.hotelvieuxmoulin.lu\/\",\"name\":\"Domaine du Moulin d&#039;Asselborn\",\"description\":\"Regional Luxembourgish hotel tradition\",\"potentialAction\":[{\"@type\":\"SearchAction\",\"target\":{\"@type\":\"EntryPoint\",\"urlTemplate\":\"https:\/\/www.hotelvieuxmoulin.lu\/?s={search_term_string}\"},\"query-input\":\"required name=search_term_string\"}],\"inLanguage\":\"fr-FR\"}]}<\/script>\n<!-- \/ Yoast SEO plugin. -->","yoast_head_json":{"title":"Privacy Policy - Domaine du Moulin d&#039;Asselborn","robots":{"index":"index","follow":"follow","max-snippet":"max-snippet:-1","max-image-preview":"max-image-preview:large","max-video-preview":"max-video-preview:-1"},"canonical":"https:\/\/www.hotelvieuxmoulin.lu\/fr\/privacy-policy\/","og_locale":"fr_FR","og_type":"article","og_title":"Privacy Policy - Domaine du Moulin d&#039;Asselborn","og_url":"https:\/\/www.hotelvieuxmoulin.lu\/fr\/privacy-policy\/","og_site_name":"Domaine du Moulin d&#039;Asselborn","article_modified_time":"2022-07-21T16:21:19+00:00","twitter_card":"summary_large_image","twitter_misc":{"Dur\u00e9e de lecture estim\u00e9e":"3 minutes"},"schema":{"@context":"https:\/\/schema.org","@graph":[{"@type":"WebPage","@id":"https:\/\/www.hotelvieuxmoulin.lu\/privacy-policy\/","url":"https:\/\/www.hotelvieuxmoulin.lu\/privacy-policy\/","name":"Privacy Policy - Domaine du Moulin d&#039;Asselborn","isPartOf":{"@id":"https:\/\/www.hotelvieuxmoulin.lu\/#website"},"datePublished":"2019-08-24T16:56:55+00:00","dateModified":"2022-07-21T16:21:19+00:00","breadcrumb":{"@id":"https:\/\/www.hotelvieuxmoulin.lu\/privacy-policy\/#breadcrumb"},"inLanguage":"fr-FR","potentialAction":[{"@type":"ReadAction","target":["https:\/\/www.hotelvieuxmoulin.lu\/privacy-policy\/"]}]},{"@type":"BreadcrumbList","@id":"https:\/\/www.hotelvieuxmoulin.lu\/privacy-policy\/#breadcrumb","itemListElement":[{"@type":"ListItem","position":1,"name":"Home","item":"https:\/\/www.hotelvieuxmoulin.lu\/"},{"@type":"ListItem","position":2,"name":"Privacy Policy"}]},{"@type":"WebSite","@id":"https:\/\/www.hotelvieuxmoulin.lu\/#website","url":"https:\/\/www.hotelvieuxmoulin.lu\/","name":"Domaine du Moulin d&#039;Asselborn","description":"Regional Luxembourgish hotel tradition","potentialAction":[{"@type":"SearchAction","target":{"@type":"EntryPoint","urlTemplate":"https:\/\/www.hotelvieuxmoulin.lu\/?s={search_term_string}"},"query-input":"required name=search_term_string"}],"inLanguage":"fr-FR"}]}},"_links":{"self":[{"href":"https:\/\/www.hotelvieuxmoulin.lu\/fr\/wp-json\/wp\/v2\/pages\/2638","targetHints":{"allow":["GET"]}}],"collection":[{"href":"https:\/\/www.hotelvieuxmoulin.lu\/fr\/wp-json\/wp\/v2\/pages"}],"about":[{"href":"https:\/\/www.hotelvieuxmoulin.lu\/fr\/wp-json\/wp\/v2\/types\/page"}],"author":[{"embeddable":true,"href":"https:\/\/www.hotelvieuxmoulin.lu\/fr\/wp-json\/wp\/v2\/users\/1"}],"replies":[{"embeddable":true,"href":"https:\/\/www.hotelvieuxmoulin.lu\/fr\/wp-json\/wp\/v2\/comments?post=2638"}],"version-history":[{"count":5,"href":"https:\/\/www.hotelvieuxmoulin.lu\/fr\/wp-json\/wp\/v2\/pages\/2638\/revisions"}],"predecessor-version":[{"id":3404,"href":"https:\/\/www.hotelvieuxmoulin.lu\/fr\/wp-json\/wp\/v2\/pages\/2638\/revisions\/3404"}],"wp:attachment":[{"href":"https:\/\/www.hotelvieuxmoulin.lu\/fr\/wp-json\/wp\/v2\/media?parent=2638"}],"curies":[{"name":"wp","href":"https:\/\/api.w.org\/{rel}","templated":true}]}}