{"id":2636,"date":"2019-08-24T16:56:32","date_gmt":"2019-08-24T16:56:32","guid":{"rendered":"http:\/\/utpawdh.cluster031.hosting.ovh.net\/?page_id=2636"},"modified":"2022-07-21T16:22:30","modified_gmt":"2022-07-21T16:22:30","slug":"impressum","status":"publish","type":"page","link":"https:\/\/www.hotelvieuxmoulin.lu\/fr\/impressum\/","title":{"rendered":"Impressum"},"content":{"rendered":"<div class=\"vc_row wpb_row vc_row-fluid\"><div class=\"wpb_column vc_column_container vc_col-sm-12\"><div class=\"vc_column-inner\"><div class=\"wpb_wrapper\">\n\t<div class=\"wpb_text_column wpb_content_element\" >\n\t\t<div class=\"wpb_wrapper\">\n\t\t\t<h2 style=\"padding: 10px 0;\">Entreprise:<\/h2>\n<address style=\"padding: 10px 0;\">H\u00f4tel Domaine du Moulin d\u2019Asselborn<\/address>\n<address style=\"padding: 10px 0;\">Robert Nilles<\/address>\n<address style=\"padding: 10px 0;\"><a style=\"color: #000;\" href=\"https:\/\/goo.gl\/maps\/M8DFNUs6vmWZuU6u6\" target=\"_blank\" rel=\"noreferrer noopener\">Op der Millen 1, L-9940 Asselborn<\/a><\/address>\n<h2 style=\"padding: 10px 0;\">Contact:<\/h2>\n<p>T\u00e9l\u00e9phone:\u00a0<a href=\"tel: 352998616\">+352 99 86 16<\/a><\/p>\n<p>Fax:\u00a0+352 99 86 17<\/p>\n<p>E-mail:\u00a0<a href=\"mailto:resa@hotelvieuxmoulin.lu\">resa@hotelvieuxmoulin.lu<\/a><\/p>\n<p>Site internet:\u00a0<a href=\"http:\/\/utpawdh.cluster031.hosting.ovh.net\/\">www.hotelvieuxmoulin.lu<\/a><\/p>\n<h2 style=\"padding: 10px 0;\">Avertissement:<\/h2>\n<h2 style=\"padding: 10px 0;\">Responsabilit\u00e9 pour le contenu:<\/h2>\n<p style=\"padding-bottom: 10px;\">Le contenu de nos pages a \u00e9t\u00e9 cr\u00e9\u00e9 avec le plus grand soin. Cependant, nous ne pouvons pas garantir l'exactitude, la compl\u00e9tude et l'actualit\u00e9 du contenu. En tant que fournisseur de services, nous sommes responsables de notre propre contenu sur ces pages conform\u00e9ment aux lois g\u00e9n\u00e9rales. Cependant, nous ne sommes pas oblig\u00e9s de surveiller les informations tierces transmises ou stock\u00e9es ni d'enqu\u00eater sur des circonstances indiquant une activit\u00e9 ill\u00e9gale. Les obligations de supprimer ou de bloquer l'utilisation d'informations en vertu du droit g\u00e9n\u00e9ral restent inchang\u00e9es. Cependant, la responsabilit\u00e9 \u00e0 cet \u00e9gard n\u2019est possible qu\u2019\u00e0 partir du moment o\u00f9 une infraction sp\u00e9cifique est connue. D\u00e8s notification des violations appropri\u00e9es, nous supprimerons ce contenu imm\u00e9diatement.<\/p>\n<p>Our website was created in collaboration with RegiOtels, a company that helps small and medium-sized independent hotels in terms of Digital Marketing, Revenue Management, and Sales &amp; Marketing. If you&#8217;d like to know more about their services, please visit their website (<a href=\"https:\/\/www.regiotels.com\" target=\"_blank\" rel=\"noreferrer noopener\">regiotels.com<\/a>) ou contactez-les directement via l'adresse e-mail suivante: <a href=\"mailto:info@regiotels.com\">info@regiotels.com<\/a>.<\/p>\n<h2 style=\"padding: 10px 0;\">Responsabilit\u00e9 pour les liens:<\/h2>\n<p style=\"padding: 10px 0;\">Notre site Web contient des liens vers des sites Web externes de tiers sur le contenu desquels nous n'avons aucune influence. Par cons\u00e9quent, nous ne pouvons assumer aucune responsabilit\u00e9 pour ces contenus externes. Le contenu des pages li\u00e9es est toujours la responsabilit\u00e9 du fournisseur ou de l'op\u00e9rateur des pages. Les pages li\u00e9es ont \u00e9t\u00e9 v\u00e9rifi\u00e9es pour d\u00e9tecter d'\u00e9ventuelles violations de la loi au moment de la liaison. Le contenu ill\u00e9gal n'\u00e9tait pas reconnaissable au moment de la cr\u00e9ation du lien. Toutefois, un contr\u00f4le permanent du contenu des pages li\u00e9es n\u2019est pas raisonnable sans preuves concr\u00e8tes d\u2019une violation du droit. Lors de la notification des violations, nous supprimerons ces liens imm\u00e9diatement.<\/p>\n<h2 style=\"padding: 10px 0;\">Droits d'auteur:<\/h2>\n<p style=\"padding: 10px 0;\">Le contenu et les travaux sur ces pages cr\u00e9\u00e9s par les exploitants du site sont soumis au droit d'auteur luxembourgeois. La duplication, le traitement, la distribution et toute forme d'exploitation en dehors des limites du droit d'auteur n\u00e9cessitent le consentement \u00e9crit de l'auteur ou du cr\u00e9ateur concern\u00e9. Les t\u00e9l\u00e9chargements et les copies de cette page et de leur contenu ne sont pas autoris\u00e9s. Dans la mesure o\u00f9 le contenu de ce c\u00f4t\u00e9 n'a pas \u00e9t\u00e9 cr\u00e9\u00e9 par l'op\u00e9rateur, les droits d'auteur de tiers sont pris en compte. Les contenus de tiers sont notamment marqu\u00e9s comme tels. Si vous \u00eates toujours au courant d'une violation du droit d'auteur, nous vous demanderons une note. Lors de la notification des violations, nous supprimerons ce contenu imm\u00e9diatement.<\/p>\n<h2 style=\"padding: 10px 0;\">Responsabilit\u00e9 pour les photos:<\/h2>\n<p style=\"padding: 10px 0;\">Toutes les photos sur ce site ont \u00e9t\u00e9 prises par un photographe professionnel command\u00e9 par <a href=\"https:\/\/www.regiotels.com\" target=\"_blank\" rel=\"noreferrer noopener\">RegiOtels<\/a> ou ont \u00e9t\u00e9 prises par le personnel de l'h\u00f4tel lui-m\u00eame. Si vous avez des questions sur les licences d\u2019images ou similaires, nous vous prions de bien vouloir contacter RegiOtels \u00e0 l\u2019adresse \u00e9lectronique suivante: <a href=\"mailto:info@regiotels.com?subject=Photographs\">info@regiotels.com<\/a>.<\/p>\n<p style=\"padding: 10px 0;\">Les images sur notre page Attractions ont \u00e9t\u00e9 prises de <a href=\"https:\/\/www.visitluxembourg.com\/en\" target=\"_blank\" rel=\"noreferrer noopener\">visitluxembourg.com<\/a> ou d'autres sites Web qui fournissent ces images sans licence.<\/p>\n<h2 style=\"padding: 10px 0;\">Politique de confidentialit\u00e9:<\/h2>\n<p style=\"padding: 10px 0;\">Pour en savoir plus sur notre politique de confidentialit\u00e9, veuillez visiter notre\u00a0<a href=\"http:\/\/utpawdh.cluster031.hosting.ovh.net\/privacy-policy\/\">page de politique de confidentialit\u00e9<\/a>.<\/p>\n\n\t\t<\/div>\n\t<\/div>\n<\/div><\/div><\/div><\/div>","protected":false},"excerpt":{"rendered":"Company: Hotel Domaine du Moulin d'Asselborn Robert Nilles Op der Millen 1, L-9940 Asselborn Contact: Telephone:\u00a0+352 99 86 16 Fax:\u00a0+352 99 86 17 Email:\u00a0resa@hotelvieuxmoulin.lu Website:\u00a0www.hotelvieuxmoulin.lu Disclaimer: Liability for content: The contents of our pages were created with great care. However, we can not guarantee for the accuracy, completeness and currentness of the content. As a [...]","protected":false},"author":1,"featured_media":0,"parent":0,"menu_order":0,"comment_status":"closed","ping_status":"closed","template":"","meta":{"om_disable_all_campaigns":false,"_monsterinsights_skip_tracking":false,"_monsterinsights_sitenote_active":false,"_monsterinsights_sitenote_note":"","_monsterinsights_sitenote_category":0,"footnotes":""},"class_list":["post-2636","page","type-page","status-publish","hentry"],"yoast_head":"<!-- This site is optimized with the Yoast SEO plugin v21.9.1 - https:\/\/yoast.com\/wordpress\/plugins\/seo\/ -->\n<title>Impressum - Domaine du Moulin d&#039;Asselborn<\/title>\n<meta name=\"robots\" content=\"index, follow, max-snippet:-1, max-image-preview:large, max-video-preview:-1\" \/>\n<link rel=\"canonical\" href=\"https:\/\/www.hotelvieuxmoulin.lu\/fr\/impressum\/\" \/>\n<meta property=\"og:locale\" content=\"fr_FR\" \/>\n<meta property=\"og:type\" content=\"article\" \/>\n<meta property=\"og:title\" content=\"Impressum - Domaine du Moulin d&#039;Asselborn\" \/>\n<meta property=\"og:url\" content=\"https:\/\/www.hotelvieuxmoulin.lu\/fr\/impressum\/\" \/>\n<meta property=\"og:site_name\" content=\"Domaine du Moulin d&#039;Asselborn\" \/>\n<meta property=\"article:modified_time\" content=\"2022-07-21T16:22:30+00:00\" \/>\n<meta name=\"twitter:card\" content=\"summary_large_image\" \/>\n<meta name=\"twitter:label1\" content=\"Dur\u00e9e de lecture estim\u00e9e\" \/>\n\t<meta name=\"twitter:data1\" content=\"3 minutes\" \/>\n<script type=\"application\/ld+json\" class=\"yoast-schema-graph\">{\"@context\":\"https:\/\/schema.org\",\"@graph\":[{\"@type\":\"WebPage\",\"@id\":\"https:\/\/www.hotelvieuxmoulin.lu\/impressum\/\",\"url\":\"https:\/\/www.hotelvieuxmoulin.lu\/impressum\/\",\"name\":\"Impressum - Domaine du Moulin d&#039;Asselborn\",\"isPartOf\":{\"@id\":\"https:\/\/www.hotelvieuxmoulin.lu\/#website\"},\"datePublished\":\"2019-08-24T16:56:32+00:00\",\"dateModified\":\"2022-07-21T16:22:30+00:00\",\"breadcrumb\":{\"@id\":\"https:\/\/www.hotelvieuxmoulin.lu\/impressum\/#breadcrumb\"},\"inLanguage\":\"fr-FR\",\"potentialAction\":[{\"@type\":\"ReadAction\",\"target\":[\"https:\/\/www.hotelvieuxmoulin.lu\/impressum\/\"]}]},{\"@type\":\"BreadcrumbList\",\"@id\":\"https:\/\/www.hotelvieuxmoulin.lu\/impressum\/#breadcrumb\",\"itemListElement\":[{\"@type\":\"ListItem\",\"position\":1,\"name\":\"Home\",\"item\":\"https:\/\/www.hotelvieuxmoulin.lu\/\"},{\"@type\":\"ListItem\",\"position\":2,\"name\":\"Impressum\"}]},{\"@type\":\"WebSite\",\"@id\":\"https:\/\/www.hotelvieuxmoulin.lu\/#website\",\"url\":\"https:\/\/www.hotelvieuxmoulin.lu\/\",\"name\":\"Domaine du Moulin d&#039;Asselborn\",\"description\":\"Regional Luxembourgish hotel tradition\",\"potentialAction\":[{\"@type\":\"SearchAction\",\"target\":{\"@type\":\"EntryPoint\",\"urlTemplate\":\"https:\/\/www.hotelvieuxmoulin.lu\/?s={search_term_string}\"},\"query-input\":\"required name=search_term_string\"}],\"inLanguage\":\"fr-FR\"}]}<\/script>\n<!-- \/ Yoast SEO plugin. -->","yoast_head_json":{"title":"Impressum - Domaine du Moulin d&#039;Asselborn","robots":{"index":"index","follow":"follow","max-snippet":"max-snippet:-1","max-image-preview":"max-image-preview:large","max-video-preview":"max-video-preview:-1"},"canonical":"https:\/\/www.hotelvieuxmoulin.lu\/fr\/impressum\/","og_locale":"fr_FR","og_type":"article","og_title":"Impressum - Domaine du Moulin d&#039;Asselborn","og_url":"https:\/\/www.hotelvieuxmoulin.lu\/fr\/impressum\/","og_site_name":"Domaine du Moulin d&#039;Asselborn","article_modified_time":"2022-07-21T16:22:30+00:00","twitter_card":"summary_large_image","twitter_misc":{"Dur\u00e9e de lecture estim\u00e9e":"3 minutes"},"schema":{"@context":"https:\/\/schema.org","@graph":[{"@type":"WebPage","@id":"https:\/\/www.hotelvieuxmoulin.lu\/impressum\/","url":"https:\/\/www.hotelvieuxmoulin.lu\/impressum\/","name":"Impressum - Domaine du Moulin d&#039;Asselborn","isPartOf":{"@id":"https:\/\/www.hotelvieuxmoulin.lu\/#website"},"datePublished":"2019-08-24T16:56:32+00:00","dateModified":"2022-07-21T16:22:30+00:00","breadcrumb":{"@id":"https:\/\/www.hotelvieuxmoulin.lu\/impressum\/#breadcrumb"},"inLanguage":"fr-FR","potentialAction":[{"@type":"ReadAction","target":["https:\/\/www.hotelvieuxmoulin.lu\/impressum\/"]}]},{"@type":"BreadcrumbList","@id":"https:\/\/www.hotelvieuxmoulin.lu\/impressum\/#breadcrumb","itemListElement":[{"@type":"ListItem","position":1,"name":"Home","item":"https:\/\/www.hotelvieuxmoulin.lu\/"},{"@type":"ListItem","position":2,"name":"Impressum"}]},{"@type":"WebSite","@id":"https:\/\/www.hotelvieuxmoulin.lu\/#website","url":"https:\/\/www.hotelvieuxmoulin.lu\/","name":"Domaine du Moulin d&#039;Asselborn","description":"Regional Luxembourgish hotel tradition","potentialAction":[{"@type":"SearchAction","target":{"@type":"EntryPoint","urlTemplate":"https:\/\/www.hotelvieuxmoulin.lu\/?s={search_term_string}"},"query-input":"required name=search_term_string"}],"inLanguage":"fr-FR"}]}},"_links":{"self":[{"href":"https:\/\/www.hotelvieuxmoulin.lu\/fr\/wp-json\/wp\/v2\/pages\/2636","targetHints":{"allow":["GET"]}}],"collection":[{"href":"https:\/\/www.hotelvieuxmoulin.lu\/fr\/wp-json\/wp\/v2\/pages"}],"about":[{"href":"https:\/\/www.hotelvieuxmoulin.lu\/fr\/wp-json\/wp\/v2\/types\/page"}],"author":[{"embeddable":true,"href":"https:\/\/www.hotelvieuxmoulin.lu\/fr\/wp-json\/wp\/v2\/users\/1"}],"replies":[{"embeddable":true,"href":"https:\/\/www.hotelvieuxmoulin.lu\/fr\/wp-json\/wp\/v2\/comments?post=2636"}],"version-history":[{"count":11,"href":"https:\/\/www.hotelvieuxmoulin.lu\/fr\/wp-json\/wp\/v2\/pages\/2636\/revisions"}],"predecessor-version":[{"id":3405,"href":"https:\/\/www.hotelvieuxmoulin.lu\/fr\/wp-json\/wp\/v2\/pages\/2636\/revisions\/3405"}],"wp:attachment":[{"href":"https:\/\/www.hotelvieuxmoulin.lu\/fr\/wp-json\/wp\/v2\/media?parent=2636"}],"curies":[{"name":"wp","href":"https:\/\/api.w.org\/{rel}","templated":true}]}}