{"id":2595,"date":"2019-08-01T15:35:15","date_gmt":"2019-08-01T15:35:15","guid":{"rendered":"http:\/\/utpawdh.cluster031.hosting.ovh.net\/?page_id=2595"},"modified":"2022-07-29T17:52:06","modified_gmt":"2022-07-29T17:52:06","slug":"mobike","status":"publish","type":"page","link":"https:\/\/www.hotelvieuxmoulin.lu\/fr\/mobike\/","title":{"rendered":"Un paradis pour les motos"},"content":{"rendered":"<div class=\"mobike\">\n<p>Asselborn est une ville situ\u00e9e dans l'extr\u00eame nord du Luxembourg, un point de d\u00e9part id\u00e9al pour les amateurs de belles et passionnantes routes de moto. Beaucoup de gens ont peut-\u00eatre entendu parler de la r\u00e9gion du Mullerthal, mais le nord du pays n\u2019est nullement inf\u00e9rieur. D\u00e9couvrez les routes sinueuses qui vous m\u00e8nent dans les Ardennes luxembourgeoises (\u00c9islek), conduisez \u00e0 moto dans les nombreux parcs naturels ou visitez les ch\u00e2teaux du Nord.<\/p>\n<p class=\"mobike__paragraph\">L\u2019h\u00f4tel Domaine du Moulin d\u2019Asselborn vous invite \u00e0 s\u00e9journer et \u00e0 explorer les nombreux sites touristiques de la r\u00e9gion, directement depuis l\u2019h\u00f4tel. Nous vous fournirons la nourriture dont vous avez besoin pour votre voyage, une bonne nuit de sommeil, et nous pourrons vous donner des conseils sur les meilleurs itin\u00e9raires autour de l\u2019h\u00f4tel.<\/p>\n<p class=\"mobike__paragraph\">En r\u00e9servant via le lien ci-dessous, vous b\u00e9n\u00e9ficiez d'une <a href=\"https:\/\/reservations.cubilis.eu\/domaine-du-moulin-dasselborn-asselborn?Language=fr-FR&amp;DiscountCode=MOBIKE\" target=\"_blank\" rel=\"noreferrer noopener\"><em><strong><u>r\u00e9duction de 10%<\/u><\/strong><\/em><\/a> lors de la r\u00e9servation d'une chambre au Domaine du Moulin d'Asselborn! Ceci est une offre sp\u00e9ciale r\u00e9serv\u00e9e \u00e0 nos clients qui sont venus sur notre page via Mobile.<\/p>\n<figure class=\"mobike__banner\">\n<div class=\"mobike__banner-img\"><\/div>\n<p><iframe class=\"mobike__map\" src=\"https:\/\/www.google.com\/maps\/embed?pb=!1m18!1m12!1m3!1d1751.0976458779849!2d5.962789376850364!3d50.08791423454594!2m3!1f0!2f0!3f0!3m2!1i1024!2i768!4f13.1!3m3!1m2!1s0x47c00eb5cb10650b%3A0x9c82229b12549378!2sDomaine+du+Moulin+d'Asselborn+S%C3%A0rl!5e0!3m2!1sen!2slu!4v1564675019412!5m2!1sen!2slu\" height=\"450\" frameborder=\"0\" allowfullscreen=\"allowfullscreen\"><\/iframe><\/figure>\n<p>Asselborn est plus qu\u2019un h\u00f4tel et un restaurant habituels, c\u2019est un lieu de d\u00e9couverte et de charme. Pour un s\u00e9jour culturel et gastronomique inoubliable, passez une nuit ou deux (ou un long week-end) \u00e0 notre h\u00f4tel et profitez d'une escale aventureuse parmi les plus grandes pistes de moto du pays. Jetez un coup d\u2019\u0153il \u00e0 ces deux listes pour avoir un aper\u00e7u de ce que nous avons \u00e0 offrir:<\/p>\n<div class=\"mobike__services\">\n<div class=\"mobike__service-item\">\n<table class=\"mobike__table\">\n<tbody>\n<tr>\n<td>Grande terrasse<\/td>\n<td>Restaurant &amp; brasserie<\/td>\n<\/tr>\n<tr>\n<td>Chambres confortables<\/td>\n<td>\u00c9v\u00e9nements fr\u00e9quents<\/td>\n<\/tr>\n<tr>\n<td>Forfaits int\u00e9ressants et abordables<\/td>\n<td>Proximit\u00e9 de nombreux sites<\/td>\n<\/tr>\n<\/tbody>\n<\/table>\n<\/div>\n<div class=\"mobike__service-item\">\n<p><strong>Services pour motards<\/strong><\/p>\n<table class=\"mobike__table\">\n<tbody>\n<tr>\n<td>Visites guid\u00e9es<\/td>\n<\/tr>\n<\/tbody>\n<\/table>\n<\/div>\n<\/div>\n<\/div>\n<p class=\"mobike__book\"><a href=\"https:\/\/reservations.cubilis.eu\/domaine-du-moulin-dasselborn-asselborn?Language=fr-FR&amp;DiscountCode=MOBIKE\" target=\"_blank\" rel=\"noreferrer noopener\"><button>R\u00e9servez en ligne maintenant<\/button><\/a><\/p>","protected":false},"excerpt":{"rendered":"<p>Asselborn is a town located in the far north of Luxembourg, which is a perfect starting point for fans of exciting and beautiful motorbike roads. Many people may have heard of the Mullerthal region, but the north of the country is in no way inferior. Discover winding roads that lead you through the Luxembourgish Ardennes [&hellip;]<\/p>","protected":false},"author":1,"featured_media":0,"parent":0,"menu_order":0,"comment_status":"closed","ping_status":"closed","template":"","meta":{"om_disable_all_campaigns":false,"_monsterinsights_skip_tracking":false,"_monsterinsights_sitenote_active":false,"_monsterinsights_sitenote_note":"","_monsterinsights_sitenote_category":0,"footnotes":""},"class_list":["post-2595","page","type-page","status-publish","hentry"],"yoast_head":"<!-- This site is optimized with the Yoast SEO plugin v21.9.1 - https:\/\/yoast.com\/wordpress\/plugins\/seo\/ -->\n<title>A haven for motorbikes - Domaine du Moulin d&#039;Asselborn<\/title>\n<meta name=\"robots\" content=\"index, follow, max-snippet:-1, max-image-preview:large, max-video-preview:-1\" \/>\n<link rel=\"canonical\" href=\"https:\/\/www.hotelvieuxmoulin.lu\/fr\/mobike\/\" \/>\n<meta property=\"og:locale\" content=\"fr_FR\" \/>\n<meta property=\"og:type\" content=\"article\" \/>\n<meta property=\"og:title\" content=\"A haven for motorbikes - Domaine du Moulin d&#039;Asselborn\" \/>\n<meta property=\"og:description\" content=\"Asselborn is a town located in the far north of Luxembourg, which is a perfect starting point for fans of exciting and beautiful motorbike roads. Many people may have heard of the Mullerthal region, but the north of the country is in no way inferior. Discover winding roads that lead you through the Luxembourgish Ardennes [&hellip;]\" \/>\n<meta property=\"og:url\" content=\"https:\/\/www.hotelvieuxmoulin.lu\/fr\/mobike\/\" \/>\n<meta property=\"og:site_name\" content=\"Domaine du Moulin d&#039;Asselborn\" \/>\n<meta property=\"article:modified_time\" content=\"2022-07-29T17:52:06+00:00\" \/>\n<meta name=\"twitter:card\" content=\"summary_large_image\" \/>\n<meta name=\"twitter:label1\" content=\"Dur\u00e9e de lecture estim\u00e9e\" \/>\n\t<meta name=\"twitter:data1\" content=\"2 minutes\" \/>\n<script type=\"application\/ld+json\" class=\"yoast-schema-graph\">{\"@context\":\"https:\/\/schema.org\",\"@graph\":[{\"@type\":\"WebPage\",\"@id\":\"https:\/\/www.hotelvieuxmoulin.lu\/mobike\/\",\"url\":\"https:\/\/www.hotelvieuxmoulin.lu\/mobike\/\",\"name\":\"A haven for motorbikes - Domaine du Moulin d&#039;Asselborn\",\"isPartOf\":{\"@id\":\"https:\/\/www.hotelvieuxmoulin.lu\/#website\"},\"datePublished\":\"2019-08-01T15:35:15+00:00\",\"dateModified\":\"2022-07-29T17:52:06+00:00\",\"breadcrumb\":{\"@id\":\"https:\/\/www.hotelvieuxmoulin.lu\/mobike\/#breadcrumb\"},\"inLanguage\":\"fr-FR\",\"potentialAction\":[{\"@type\":\"ReadAction\",\"target\":[\"https:\/\/www.hotelvieuxmoulin.lu\/mobike\/\"]}]},{\"@type\":\"BreadcrumbList\",\"@id\":\"https:\/\/www.hotelvieuxmoulin.lu\/mobike\/#breadcrumb\",\"itemListElement\":[{\"@type\":\"ListItem\",\"position\":1,\"name\":\"Home\",\"item\":\"https:\/\/www.hotelvieuxmoulin.lu\/\"},{\"@type\":\"ListItem\",\"position\":2,\"name\":\"A haven for motorbikes\"}]},{\"@type\":\"WebSite\",\"@id\":\"https:\/\/www.hotelvieuxmoulin.lu\/#website\",\"url\":\"https:\/\/www.hotelvieuxmoulin.lu\/\",\"name\":\"Domaine du Moulin d&#039;Asselborn\",\"description\":\"Regional Luxembourgish hotel tradition\",\"potentialAction\":[{\"@type\":\"SearchAction\",\"target\":{\"@type\":\"EntryPoint\",\"urlTemplate\":\"https:\/\/www.hotelvieuxmoulin.lu\/?s={search_term_string}\"},\"query-input\":\"required name=search_term_string\"}],\"inLanguage\":\"fr-FR\"}]}<\/script>\n<!-- \/ Yoast SEO plugin. -->","yoast_head_json":{"title":"A haven for motorbikes - Domaine du Moulin d&#039;Asselborn","robots":{"index":"index","follow":"follow","max-snippet":"max-snippet:-1","max-image-preview":"max-image-preview:large","max-video-preview":"max-video-preview:-1"},"canonical":"https:\/\/www.hotelvieuxmoulin.lu\/fr\/mobike\/","og_locale":"fr_FR","og_type":"article","og_title":"A haven for motorbikes - Domaine du Moulin d&#039;Asselborn","og_description":"Asselborn is a town located in the far north of Luxembourg, which is a perfect starting point for fans of exciting and beautiful motorbike roads. Many people may have heard of the Mullerthal region, but the north of the country is in no way inferior. Discover winding roads that lead you through the Luxembourgish Ardennes [&hellip;]","og_url":"https:\/\/www.hotelvieuxmoulin.lu\/fr\/mobike\/","og_site_name":"Domaine du Moulin d&#039;Asselborn","article_modified_time":"2022-07-29T17:52:06+00:00","twitter_card":"summary_large_image","twitter_misc":{"Dur\u00e9e de lecture estim\u00e9e":"2 minutes"},"schema":{"@context":"https:\/\/schema.org","@graph":[{"@type":"WebPage","@id":"https:\/\/www.hotelvieuxmoulin.lu\/mobike\/","url":"https:\/\/www.hotelvieuxmoulin.lu\/mobike\/","name":"A haven for motorbikes - Domaine du Moulin d&#039;Asselborn","isPartOf":{"@id":"https:\/\/www.hotelvieuxmoulin.lu\/#website"},"datePublished":"2019-08-01T15:35:15+00:00","dateModified":"2022-07-29T17:52:06+00:00","breadcrumb":{"@id":"https:\/\/www.hotelvieuxmoulin.lu\/mobike\/#breadcrumb"},"inLanguage":"fr-FR","potentialAction":[{"@type":"ReadAction","target":["https:\/\/www.hotelvieuxmoulin.lu\/mobike\/"]}]},{"@type":"BreadcrumbList","@id":"https:\/\/www.hotelvieuxmoulin.lu\/mobike\/#breadcrumb","itemListElement":[{"@type":"ListItem","position":1,"name":"Home","item":"https:\/\/www.hotelvieuxmoulin.lu\/"},{"@type":"ListItem","position":2,"name":"A haven for motorbikes"}]},{"@type":"WebSite","@id":"https:\/\/www.hotelvieuxmoulin.lu\/#website","url":"https:\/\/www.hotelvieuxmoulin.lu\/","name":"Domaine du Moulin d&#039;Asselborn","description":"Regional Luxembourgish hotel tradition","potentialAction":[{"@type":"SearchAction","target":{"@type":"EntryPoint","urlTemplate":"https:\/\/www.hotelvieuxmoulin.lu\/?s={search_term_string}"},"query-input":"required name=search_term_string"}],"inLanguage":"fr-FR"}]}},"_links":{"self":[{"href":"https:\/\/www.hotelvieuxmoulin.lu\/fr\/wp-json\/wp\/v2\/pages\/2595","targetHints":{"allow":["GET"]}}],"collection":[{"href":"https:\/\/www.hotelvieuxmoulin.lu\/fr\/wp-json\/wp\/v2\/pages"}],"about":[{"href":"https:\/\/www.hotelvieuxmoulin.lu\/fr\/wp-json\/wp\/v2\/types\/page"}],"author":[{"embeddable":true,"href":"https:\/\/www.hotelvieuxmoulin.lu\/fr\/wp-json\/wp\/v2\/users\/1"}],"replies":[{"embeddable":true,"href":"https:\/\/www.hotelvieuxmoulin.lu\/fr\/wp-json\/wp\/v2\/comments?post=2595"}],"version-history":[{"count":27,"href":"https:\/\/www.hotelvieuxmoulin.lu\/fr\/wp-json\/wp\/v2\/pages\/2595\/revisions"}],"predecessor-version":[{"id":2604,"href":"https:\/\/www.hotelvieuxmoulin.lu\/fr\/wp-json\/wp\/v2\/pages\/2595\/revisions\/2604"}],"wp:attachment":[{"href":"https:\/\/www.hotelvieuxmoulin.lu\/fr\/wp-json\/wp\/v2\/media?parent=2595"}],"curies":[{"name":"wp","href":"https:\/\/api.w.org\/{rel}","templated":true}]}}