{"id":1388,"date":"2019-02-03T21:07:45","date_gmt":"2019-02-03T21:07:45","guid":{"rendered":"http:\/\/utpawdh.cluster031.hosting.ovh.net\/?page_id=1388"},"modified":"2019-10-23T11:22:53","modified_gmt":"2019-10-23T11:22:53","slug":"la-rotisserie-dhaascht","status":"publish","type":"page","link":"https:\/\/www.hotelvieuxmoulin.lu\/fr\/la-rotisserie-dhaascht\/","title":{"rendered":"La R\u00f4tisserie \u00abd&#8217;Haascht\u00bb"},"content":{"rendered":"<div data-vc-full-width=\"true\" data-vc-full-width-init=\"false\" class=\"vc_row wpb_row vc_row-fluid vc_custom_1504096112164 vc_row-has-fill\"><div class=\"wpb_column vc_column_container vc_col-sm-12\" id=\"rotisserie-title\"><div class=\"vc_column-inner vc_custom_1554590013594\"><div class=\"wpb_wrapper\"> <h6 style=\"color:#878787;padding:px;text-align:center;font-size:12px;line-height:12px;letter-spacing: 2px;font-weight:lighter\" class=\"nd_options_second_font\">\u00c9v\u00e9nements<\/h6> <div style=\"background-color:;height: 10px\" class=\"nicdark_section\"><\/div>\n    <div class=\"nd_options_section nd_options_line_height_0  nd_options_text_align_center\">\n        <span style=\"height:1px;width:30px;background-color:#878787\" class=\"nd_options_display_inline_block\"><\/span>\n    <\/div>\n   <div style=\"background-color:;height: 30px\" class=\"nicdark_section\"><\/div> <h1 style=\"color:#1c1c1c;padding:px;text-align:center;font-size:55px;line-height:px;letter-spacing: px;font-weight:normal\" class=\"nd_options_font_size_40_important_all_iphone nd_options_line_height_40_important_all_iphone nd_options_first_font\">La R\u00f4tisserie \u00ab d'Haascht \u00bb<\/h1> <div style=\"background-color:;height: 45px\" class=\"nicdark_section\"><\/div><\/div><\/div><\/div><\/div><div class=\"vc_row-full-width vc_clearfix\"><\/div><div data-vc-full-width=\"true\" data-vc-full-width-init=\"false\" data-vc-stretch-content=\"true\" class=\"vc_row wpb_row vc_row-fluid vc_row-o-equal-height vc_row-o-content-middle vc_row-flex\"><div class=\"wpb_column vc_column_container vc_col-sm-6\"><div class=\"vc_column-inner\"><div class=\"wpb_wrapper\">\n    <div style=\"text-align:\" class=\"nd_options_section\">\n      <img decoding=\"async\" alt=\"\" style=\"width:100%\" class=\"no-margin-event-image nd_options_margin_0 nd_options_padding_0\" src=\"https:\/\/www.hotelvieuxmoulin.lu\/wp-content\/uploads\/2019\/03\/pexels-photo-903400-1024x682.jpeg\">\n    <\/div>\n   <\/div><\/div><\/div><div class=\"wpb_column vc_column_container vc_col-sm-6\"><div class=\"vc_column-inner vc_custom_1552262962325\"><div class=\"wpb_wrapper\"> <p style=\"color:;padding:px;text-align:;font-size:30px;line-height:36px;letter-spacing: px;font-weight:\" class=\"\">Nos espaces \u00e9v\u00e9nementiels sont con\u00e7us pour vous accueillir, vous et vos proches, au mieux de nos capacit\u00e9s. Si vous c\u00e9l\u00e9brez un mariage ou un bapt\u00eame, un anniversaire ou une remise des dipl\u00f4mes, nous faisons toujours de notre mieux pour que vos moments privil\u00e9gi\u00e9s soient parfaits.<\/p> <\/div><\/div><\/div><\/div><div class=\"vc_row-full-width vc_clearfix\"><\/div><div data-vc-full-width=\"true\" data-vc-full-width-init=\"false\" data-vc-stretch-content=\"true\" class=\"vc_row wpb_row vc_row-fluid vc_row-o-equal-height vc_row-o-content-middle vc_row-flex\"><div class=\"nd_options_padding_50_first_div_important_all_iphone wpb_column vc_column_container vc_col-sm-12 vc_col-has-fill\"><div class=\"vc_column-inner vc_custom_1552263348882\"><div class=\"wpb_wrapper\"><div style=\"background-color:;height: 50px\" class=\"nicdark_section\"><\/div> <h1 style=\"color:#ffffff;padding:px;text-align:center;font-size:24px;line-height:30px;letter-spacing: px;font-weight:normal\" class=\"nd_options_font_size_40_important_all_iphone nd_options_line_height_40_important_all_iphone nd_options_first_font\">Reservations in the former miller's house only for groups from 10 to 30 people.<\/h1> <div style=\"background-color:;height: 10px\" class=\"nicdark_section\"><\/div> <h1 style=\"color:#dfcca7;padding:px;text-align:center;font-size:24px;line-height:30px;letter-spacing: px;font-weight:normal\" class=\"nd_options_font_size_40_important_all_iphone nd_options_line_height_40_important_all_iphone nd_options_first_font\">R\u00e9servation: 48 heures \u00e0 l'avance.<\/h1> <div style=\"background-color:;height: 50px\" class=\"nicdark_section\"><\/div>\n\t<div class=\"nd_options_section nd_options_text_align_center\">\n\t<a style=\"border: px solid;border-radius:px;letter-spacing:px;line-height:24px;font-size:24px;background-color:#b6a078;padding:10px;margin:;color:#ffffff\" rel=\"\" target=\" _blank\" href=\"mailto:resa@hotelvieuxmoulin.lu\" class=\"nicdark_display_inline_block  nd_options_font_weight_normal nd_options_second_font\">R\u00e9server<\/a>\n\t<\/div>\n<\/div><\/div><\/div><\/div><div class=\"vc_row-full-width vc_clearfix\"><\/div><div class=\"vc_row wpb_row vc_row-fluid vc_custom_1551048358805\"><div class=\"wpb_column vc_column_container vc_col-sm-4\"><div class=\"vc_column-inner\"><div class=\"wpb_wrapper\">\n\n  <div class=\"nd_options_section nd_options_position_relative nd_options_fadein_fadeout nd_options_overflow_hidden\">    \n\n    <img decoding=\"async\" alt=\"\" class=\"nd_options_section nd_options_zoom_image\" src=\"https:\/\/www.hotelvieuxmoulin.lu\/wp-content\/uploads\/2019\/02\/roti2.jpg\">\n\n    <!--filter-->\n    <div class=\"nd_options_fadeout nd_options_bg_greydark_alpha_2_2 nd_options_position_absolute nd_options_height_100_percentage nd_options_width_100_percentage\">  \n    <\/div>\n    <!--end filter-->\n\n    <!--start content-->\n    <div class=\"nd_options_fadein nd_options_bg_greydark_alpha_5 nd_options_position_absolute nd_options_height_100_percentage nd_options_width_100_percentage\">\n        <div class=\"nd_options_position_absolute nd_options_display_table nd_options_height_100_percentage nd_options_width_100_percentage\">\n            <div class=\"nd_options_display_table_cell nd_options_vertical_align_middle nd_options_text_align_center\">\n                <h3 style=\"color:#fff;font-size:17px;line-height:17px\" class=\"\"><\/h3>\n                <div class=\"nd_options_section nd_options_height_20\"><\/div>\n                <div class=\"nd_options_mpopup_gallery\"><a style=\"font-size:15px;line-height:15px;color:#fff\" class=\"nd_options_outline_0  nd_options_mpopup_gallery\" href=\"https:\/\/www.hotelvieuxmoulin.lu\/wp-content\/uploads\/2019\/02\/roti2.jpg\">View<\/a><\/div>\n            <\/div>   \n        <\/div>   \n    <\/div>\n    <!--end content-->\n\n<\/div>\n\n   <\/div><\/div><\/div><div class=\"wpb_column vc_column_container vc_col-sm-4\"><div class=\"vc_column-inner\"><div class=\"wpb_wrapper\">\n\n  <div class=\"nd_options_section nd_options_position_relative nd_options_fadein_fadeout nd_options_overflow_hidden\">    \n\n    <img decoding=\"async\" alt=\"\" class=\"nd_options_section nd_options_zoom_image\" src=\"https:\/\/www.hotelvieuxmoulin.lu\/wp-content\/uploads\/2019\/02\/roti.jpg\">\n\n    <!--filter-->\n    <div class=\"nd_options_fadeout nd_options_bg_greydark_alpha_2_2 nd_options_position_absolute nd_options_height_100_percentage nd_options_width_100_percentage\">  \n    <\/div>\n    <!--end filter-->\n\n    <!--start content-->\n    <div class=\"nd_options_fadein nd_options_bg_greydark_alpha_5 nd_options_position_absolute nd_options_height_100_percentage nd_options_width_100_percentage\">\n        <div class=\"nd_options_position_absolute nd_options_display_table nd_options_height_100_percentage nd_options_width_100_percentage\">\n            <div class=\"nd_options_display_table_cell nd_options_vertical_align_middle nd_options_text_align_center\">\n                <h3 style=\"color:#fff;font-size:17px;line-height:17px\" class=\"\"><\/h3>\n                <div class=\"nd_options_section nd_options_height_20\"><\/div>\n                <div class=\"nd_options_mpopup_gallery\"><a style=\"font-size:15px;line-height:15px;color:#fff\" class=\"nd_options_outline_0  nd_options_mpopup_gallery\" href=\"https:\/\/www.hotelvieuxmoulin.lu\/wp-content\/uploads\/2019\/02\/roti.jpg\">View<\/a><\/div>\n            <\/div>   \n        <\/div>   \n    <\/div>\n    <!--end content-->\n\n<\/div>\n\n   <\/div><\/div><\/div><div class=\"wpb_column vc_column_container vc_col-sm-4\"><div class=\"vc_column-inner\"><div class=\"wpb_wrapper\">\n\n  <div class=\"nd_options_section nd_options_position_relative nd_options_fadein_fadeout nd_options_overflow_hidden\">    \n\n    <img decoding=\"async\" alt=\"\" class=\"nd_options_section nd_options_zoom_image\" src=\"https:\/\/www.hotelvieuxmoulin.lu\/wp-content\/uploads\/2019\/02\/roti3.jpg\">\n\n    <!--filter-->\n    <div class=\"nd_options_fadeout nd_options_bg_greydark_alpha_2_2 nd_options_position_absolute nd_options_height_100_percentage nd_options_width_100_percentage\">  \n    <\/div>\n    <!--end filter-->\n\n    <!--start content-->\n    <div class=\"nd_options_fadein nd_options_bg_greydark_alpha_5 nd_options_position_absolute nd_options_height_100_percentage nd_options_width_100_percentage\">\n        <div class=\"nd_options_position_absolute nd_options_display_table nd_options_height_100_percentage nd_options_width_100_percentage\">\n            <div class=\"nd_options_display_table_cell nd_options_vertical_align_middle nd_options_text_align_center\">\n                <h3 style=\"color:#fff;font-size:17px;line-height:17px\" class=\"\"><\/h3>\n                <div class=\"nd_options_section nd_options_height_20\"><\/div>\n                <div class=\"nd_options_mpopup_gallery\"><a style=\"font-size:15px;line-height:15px;color:#fff\" class=\"nd_options_outline_0  nd_options_mpopup_gallery\" href=\"https:\/\/www.hotelvieuxmoulin.lu\/wp-content\/uploads\/2019\/02\/roti3.jpg\">View<\/a><\/div>\n            <\/div>   \n        <\/div>   \n    <\/div>\n    <!--end content-->\n\n<\/div>\n\n   <\/div><\/div><\/div><\/div><div class=\"vc_row wpb_row vc_row-fluid vc_custom_1551048993887\"><div class=\"wpb_column vc_column_container vc_col-sm-6\"><div class=\"vc_column-inner\"><div class=\"wpb_wrapper\">\n\n  <div class=\"nd_options_section nd_options_position_relative nd_options_fadein_fadeout nd_options_overflow_hidden\">    \n\n    <img decoding=\"async\" alt=\"\" class=\"nd_options_section nd_options_zoom_image\" src=\"https:\/\/www.hotelvieuxmoulin.lu\/wp-content\/uploads\/2019\/10\/hotel_MoulinAsselborn-80-1024x683.jpg\">\n\n    <!--filter-->\n    <div class=\"nd_options_fadeout nd_options_bg_greydark_alpha_2_2 nd_options_position_absolute nd_options_height_100_percentage nd_options_width_100_percentage\">  \n    <\/div>\n    <!--end filter-->\n\n    <!--start content-->\n    <div class=\"nd_options_fadein nd_options_bg_greydark_alpha_5 nd_options_position_absolute nd_options_height_100_percentage nd_options_width_100_percentage\">\n        <div class=\"nd_options_position_absolute nd_options_display_table nd_options_height_100_percentage nd_options_width_100_percentage\">\n            <div class=\"nd_options_display_table_cell nd_options_vertical_align_middle nd_options_text_align_center\">\n                <h3 style=\"color:#fff;font-size:17px;line-height:17px\" class=\"\"><\/h3>\n                <div class=\"nd_options_section nd_options_height_20\"><\/div>\n                <div class=\"nd_options_mpopup_gallery\"><a style=\"font-size:15px;line-height:15px;color:#fff\" class=\"nd_options_outline_0  nd_options_mpopup_gallery\" href=\"https:\/\/www.hotelvieuxmoulin.lu\/wp-content\/uploads\/2019\/10\/hotel_MoulinAsselborn-80-1024x683.jpg\">View<\/a><\/div>\n            <\/div>   \n        <\/div>   \n    <\/div>\n    <!--end content-->\n\n<\/div>\n\n   <\/div><\/div><\/div><div class=\"wpb_column vc_column_container vc_col-sm-6\"><div class=\"vc_column-inner\"><div class=\"wpb_wrapper\">\n\n  <div class=\"nd_options_section nd_options_position_relative nd_options_fadein_fadeout nd_options_overflow_hidden\">    \n\n    <img decoding=\"async\" alt=\"\" class=\"nd_options_section nd_options_zoom_image\" src=\"https:\/\/www.hotelvieuxmoulin.lu\/wp-content\/uploads\/2017\/06\/restaurant-gallery-2.jpg\">\n\n    <!--filter-->\n    <div class=\"nd_options_fadeout nd_options_bg_greydark_alpha_2_2 nd_options_position_absolute nd_options_height_100_percentage nd_options_width_100_percentage\">  \n    <\/div>\n    <!--end filter-->\n\n    <!--start content-->\n    <div class=\"nd_options_fadein nd_options_bg_greydark_alpha_5 nd_options_position_absolute nd_options_height_100_percentage nd_options_width_100_percentage\">\n        <div class=\"nd_options_position_absolute nd_options_display_table nd_options_height_100_percentage nd_options_width_100_percentage\">\n            <div class=\"nd_options_display_table_cell nd_options_vertical_align_middle nd_options_text_align_center\">\n                <h3 style=\"color:#fff;font-size:17px;line-height:17px\" class=\"\"><\/h3>\n                <div class=\"nd_options_section nd_options_height_20\"><\/div>\n                <div class=\"nd_options_mpopup_gallery\"><a style=\"font-size:15px;line-height:15px;color:#fff\" class=\"nd_options_outline_0  nd_options_mpopup_gallery\" href=\"https:\/\/www.hotelvieuxmoulin.lu\/wp-content\/uploads\/2017\/06\/restaurant-gallery-2.jpg\">View<\/a><\/div>\n            <\/div>   \n        <\/div>   \n    <\/div>\n    <!--end content-->\n\n<\/div>\n\n   <\/div><\/div><\/div><\/div>","protected":false},"excerpt":{"rendered":"Events The Rotisserie \u00ab d'Haascht \u00bb Our event spaces are designed to welcome you and your loved ones to the best of our ability. If you are celebrating a wedding or baptism, anniversary or graduation, we always do our best to make your special moments perfect. Reservations in the former miller's house only for groups [...]","protected":false},"author":1,"featured_media":0,"parent":0,"menu_order":0,"comment_status":"closed","ping_status":"closed","template":"","meta":{"om_disable_all_campaigns":false,"_monsterinsights_skip_tracking":false,"_monsterinsights_sitenote_active":false,"_monsterinsights_sitenote_note":"","_monsterinsights_sitenote_category":0,"footnotes":""},"class_list":["post-1388","page","type-page","status-publish","hentry"],"yoast_head":"<!-- This site is optimized with the Yoast SEO plugin v21.9.1 - https:\/\/yoast.com\/wordpress\/plugins\/seo\/ -->\n<title>La R\u00f4tisserie \u00abd&#039;Haascht\u00bb - Domaine du Moulin d&#039;Asselborn<\/title>\n<meta name=\"robots\" content=\"index, follow, max-snippet:-1, max-image-preview:large, max-video-preview:-1\" \/>\n<link rel=\"canonical\" href=\"https:\/\/www.hotelvieuxmoulin.lu\/fr\/la-rotisserie-dhaascht\/\" \/>\n<meta property=\"og:locale\" content=\"fr_FR\" \/>\n<meta property=\"og:type\" content=\"article\" \/>\n<meta property=\"og:title\" content=\"La R\u00f4tisserie \u00abd&#039;Haascht\u00bb - Domaine du Moulin d&#039;Asselborn\" \/>\n<meta property=\"og:url\" content=\"https:\/\/www.hotelvieuxmoulin.lu\/fr\/la-rotisserie-dhaascht\/\" \/>\n<meta property=\"og:site_name\" content=\"Domaine du Moulin d&#039;Asselborn\" \/>\n<meta property=\"article:modified_time\" content=\"2019-10-23T11:22:53+00:00\" \/>\n<meta name=\"twitter:card\" content=\"summary_large_image\" \/>\n<meta name=\"twitter:label1\" content=\"Dur\u00e9e de lecture estim\u00e9e\" \/>\n\t<meta name=\"twitter:data1\" content=\"4 minutes\" \/>\n<script type=\"application\/ld+json\" class=\"yoast-schema-graph\">{\"@context\":\"https:\/\/schema.org\",\"@graph\":[{\"@type\":\"WebPage\",\"@id\":\"https:\/\/www.hotelvieuxmoulin.lu\/la-rotisserie-dhaascht\/\",\"url\":\"https:\/\/www.hotelvieuxmoulin.lu\/la-rotisserie-dhaascht\/\",\"name\":\"La R\u00f4tisserie \u00abd'Haascht\u00bb - Domaine du Moulin d&#039;Asselborn\",\"isPartOf\":{\"@id\":\"https:\/\/www.hotelvieuxmoulin.lu\/#website\"},\"datePublished\":\"2019-02-03T21:07:45+00:00\",\"dateModified\":\"2019-10-23T11:22:53+00:00\",\"breadcrumb\":{\"@id\":\"https:\/\/www.hotelvieuxmoulin.lu\/la-rotisserie-dhaascht\/#breadcrumb\"},\"inLanguage\":\"fr-FR\",\"potentialAction\":[{\"@type\":\"ReadAction\",\"target\":[\"https:\/\/www.hotelvieuxmoulin.lu\/la-rotisserie-dhaascht\/\"]}]},{\"@type\":\"BreadcrumbList\",\"@id\":\"https:\/\/www.hotelvieuxmoulin.lu\/la-rotisserie-dhaascht\/#breadcrumb\",\"itemListElement\":[{\"@type\":\"ListItem\",\"position\":1,\"name\":\"Home\",\"item\":\"https:\/\/www.hotelvieuxmoulin.lu\/\"},{\"@type\":\"ListItem\",\"position\":2,\"name\":\"La R\u00f4tisserie \u00abd&#8217;Haascht\u00bb\"}]},{\"@type\":\"WebSite\",\"@id\":\"https:\/\/www.hotelvieuxmoulin.lu\/#website\",\"url\":\"https:\/\/www.hotelvieuxmoulin.lu\/\",\"name\":\"Domaine du Moulin d&#039;Asselborn\",\"description\":\"Regional Luxembourgish hotel tradition\",\"potentialAction\":[{\"@type\":\"SearchAction\",\"target\":{\"@type\":\"EntryPoint\",\"urlTemplate\":\"https:\/\/www.hotelvieuxmoulin.lu\/?s={search_term_string}\"},\"query-input\":\"required name=search_term_string\"}],\"inLanguage\":\"fr-FR\"}]}<\/script>\n<!-- \/ Yoast SEO plugin. -->","yoast_head_json":{"title":"La R\u00f4tisserie \u00abd'Haascht\u00bb - Domaine du Moulin d&#039;Asselborn","robots":{"index":"index","follow":"follow","max-snippet":"max-snippet:-1","max-image-preview":"max-image-preview:large","max-video-preview":"max-video-preview:-1"},"canonical":"https:\/\/www.hotelvieuxmoulin.lu\/fr\/la-rotisserie-dhaascht\/","og_locale":"fr_FR","og_type":"article","og_title":"La R\u00f4tisserie \u00abd'Haascht\u00bb - Domaine du Moulin d&#039;Asselborn","og_url":"https:\/\/www.hotelvieuxmoulin.lu\/fr\/la-rotisserie-dhaascht\/","og_site_name":"Domaine du Moulin d&#039;Asselborn","article_modified_time":"2019-10-23T11:22:53+00:00","twitter_card":"summary_large_image","twitter_misc":{"Dur\u00e9e de lecture estim\u00e9e":"4 minutes"},"schema":{"@context":"https:\/\/schema.org","@graph":[{"@type":"WebPage","@id":"https:\/\/www.hotelvieuxmoulin.lu\/la-rotisserie-dhaascht\/","url":"https:\/\/www.hotelvieuxmoulin.lu\/la-rotisserie-dhaascht\/","name":"La R\u00f4tisserie \u00abd'Haascht\u00bb - Domaine du Moulin d&#039;Asselborn","isPartOf":{"@id":"https:\/\/www.hotelvieuxmoulin.lu\/#website"},"datePublished":"2019-02-03T21:07:45+00:00","dateModified":"2019-10-23T11:22:53+00:00","breadcrumb":{"@id":"https:\/\/www.hotelvieuxmoulin.lu\/la-rotisserie-dhaascht\/#breadcrumb"},"inLanguage":"fr-FR","potentialAction":[{"@type":"ReadAction","target":["https:\/\/www.hotelvieuxmoulin.lu\/la-rotisserie-dhaascht\/"]}]},{"@type":"BreadcrumbList","@id":"https:\/\/www.hotelvieuxmoulin.lu\/la-rotisserie-dhaascht\/#breadcrumb","itemListElement":[{"@type":"ListItem","position":1,"name":"Home","item":"https:\/\/www.hotelvieuxmoulin.lu\/"},{"@type":"ListItem","position":2,"name":"La R\u00f4tisserie \u00abd&#8217;Haascht\u00bb"}]},{"@type":"WebSite","@id":"https:\/\/www.hotelvieuxmoulin.lu\/#website","url":"https:\/\/www.hotelvieuxmoulin.lu\/","name":"Domaine du Moulin d&#039;Asselborn","description":"Regional Luxembourgish hotel tradition","potentialAction":[{"@type":"SearchAction","target":{"@type":"EntryPoint","urlTemplate":"https:\/\/www.hotelvieuxmoulin.lu\/?s={search_term_string}"},"query-input":"required name=search_term_string"}],"inLanguage":"fr-FR"}]}},"_links":{"self":[{"href":"https:\/\/www.hotelvieuxmoulin.lu\/fr\/wp-json\/wp\/v2\/pages\/1388","targetHints":{"allow":["GET"]}}],"collection":[{"href":"https:\/\/www.hotelvieuxmoulin.lu\/fr\/wp-json\/wp\/v2\/pages"}],"about":[{"href":"https:\/\/www.hotelvieuxmoulin.lu\/fr\/wp-json\/wp\/v2\/types\/page"}],"author":[{"embeddable":true,"href":"https:\/\/www.hotelvieuxmoulin.lu\/fr\/wp-json\/wp\/v2\/users\/1"}],"replies":[{"embeddable":true,"href":"https:\/\/www.hotelvieuxmoulin.lu\/fr\/wp-json\/wp\/v2\/comments?post=1388"}],"version-history":[{"count":31,"href":"https:\/\/www.hotelvieuxmoulin.lu\/fr\/wp-json\/wp\/v2\/pages\/1388\/revisions"}],"predecessor-version":[{"id":2694,"href":"https:\/\/www.hotelvieuxmoulin.lu\/fr\/wp-json\/wp\/v2\/pages\/1388\/revisions\/2694"}],"wp:attachment":[{"href":"https:\/\/www.hotelvieuxmoulin.lu\/fr\/wp-json\/wp\/v2\/media?parent=1388"}],"curies":[{"name":"wp","href":"https:\/\/api.w.org\/{rel}","templated":true}]}}