{"id":460,"date":"2017-07-19T09:28:56","date_gmt":"2017-07-19T09:28:56","guid":{"rendered":"http:\/\/www.nicdarkthemes.com\/themes\/hotel\/wp\/demo\/?page_id=460"},"modified":"2022-06-28T20:13:30","modified_gmt":"2022-06-28T20:13:30","slug":"contact","status":"publish","type":"page","link":"https:\/\/www.hotelvieuxmoulin.lu\/de\/contact\/","title":{"rendered":"Kontakt"},"content":{"rendered":"<div class=\"vc_row wpb_row vc_row-fluid vc_custom_1492593618245\"><div class=\"wpb_column vc_column_container vc_col-sm-6\"><div class=\"vc_column-inner\"><div class=\"wpb_wrapper\"><div style=\"background-color:;height: 20px\" class=\"nicdark_section\"><\/div> <h3 style=\"color:#1c1c1c;padding:px;text-align:;font-size:25px;line-height:25px;letter-spacing: px;font-weight:normal\" class=\"nd_options_first_font\">Kontaktieren Sie uns<\/h3> <div style=\"background-color:;height: 20px\" class=\"nicdark_section\"><\/div>\n\n    <!--start form-->\n    <div id=\"nd_options_shortcode_cf7_13\" class=\"nd_options_section\">\n      \n      <div class=\"nd_options_section nd_options_box_sizing_border_box\">\n        \n<div class=\"wpcf7 no-js\" id=\"wpcf7-f13-o1\" lang=\"en-US\" dir=\"ltr\">\n<div class=\"screen-reader-response\"><p role=\"status\" aria-live=\"polite\" aria-atomic=\"true\"><\/p> <ul><\/ul><\/div>\n<form action=\"\/de\/wp-json\/wp\/v2\/pages\/460#wpcf7-f13-o1\" method=\"post\" class=\"wpcf7-form init\" aria-label=\"Contact form\" novalidate=\"novalidate\" data-status=\"init\" data-trp-original-action=\"\/de\/wp-json\/wp\/v2\/pages\/460#wpcf7-f13-o1\">\n<div>\n<input type=\"hidden\" name=\"_wpcf7\" value=\"13\" \/>\n<input type=\"hidden\" name=\"_wpcf7_version\" value=\"5.8.7\" \/>\n<input type=\"hidden\" name=\"_wpcf7_locale\" value=\"en_US\" \/>\n<input type=\"hidden\" name=\"_wpcf7_unit_tag\" value=\"wpcf7-f13-o1\" \/>\n<input type=\"hidden\" name=\"_wpcf7_container_post\" value=\"0\" \/>\n<input type=\"hidden\" name=\"_wpcf7_posted_data_hash\" value=\"\" \/>\n<\/div>\n<div class=\"nd_options_float_left nd_options_box_sizing_border_box nd_options_width_100_percentage_all_iphone_important nd_options_padding_0_right_important_all_iphone nd_options_padding_0_left_important_all_iphone\" style=\"padding: 0px 10px 15px 0px;width:100%\">\n<\/p>\n<p>Name :\n<\/p>\n<p><span class=\"wpcf7-form-control-wrap\" data-name=\"name-form\"><\/span><\/div><br \/>\n<div class=\"nd_options_float_left nd_options_box_sizing_border_box nd_options_width_100_percentage_all_iphone_important nd_options_padding_0_right_important_all_iphone nd_options_padding_0_left_important_all_iphone\" style=\"padding: 0px 10px 15px 0px;width:100%\">\n<\/p>\n<p>Email :\n<\/p>\n<p><span class=\"wpcf7-form-control-wrap\" data-name=\"email-form\"><\/span><\/div><br \/>\n<div class=\"nd_options_float_left nd_options_box_sizing_border_box nd_options_width_100_percentage_all_iphone_important nd_options_padding_0_right_important_all_iphone nd_options_padding_0_left_important_all_iphone\" style=\"padding: 0px 10px 15px 0px;width:100%\">\n<\/p>\n<p>Nachricht :\n<\/p>\n<p><span class=\"wpcf7-form-control-wrap\" data-name=\"message\"><textarea cols=\"40\" rows=\"5\" class=\"wpcf7-form-control wpcf7-textarea nd_options_padding_10_20_important nd_options_margin_top_10\" name=\"message\"><\/textarea><\/span><\/div><br \/>\n<div class=\"nd_options_float_left nd_options_box_sizing_border_box nd_options_width_100_percentage_all_iphone_important nd_options_padding_0_right_important_all_iphone nd_options_padding_0_left_important_all_iphone\" style=\"padding: 0px 0px 0px 0px;width:30%\"><\/div><input type='hidden' class='wpcf7-pum' value='{\"closepopup\":false,\"closedelay\":0,\"openpopup\":false,\"openpopup_id\":0}' \/><div class=\"wpcf7-response-output\" aria-hidden=\"true\"><\/div>\n<input type=\"hidden\" name=\"trp-form-language\" value=\"de\"\/><\/form>\n<\/div>\n \n      <\/div>  \n\n    <\/div>\n    <!--end form-->\n\n   <div style=\"background-color:;height: 20px\" class=\"nicdark_section\"><\/div><\/div><\/div><\/div><div class=\"wpb_column vc_column_container vc_col-sm-6\" id=\"restaurant-margin\"><div class=\"vc_column-inner\"><div class=\"wpb_wrapper\"><div style=\"background-color:;height: 20px\" class=\"nicdark_section\"><\/div> <h3 style=\"color:#1c1c1c;padding:px;text-align:;font-size:25px;line-height:25px;letter-spacing: px;font-weight:normal\" class=\"nd_options_first_font\">FAQ<\/h3> <div style=\"background-color:;height: 30px\" class=\"nicdark_section\"><\/div>\n\t<div class=\"wpb_text_column wpb_content_element\" >\n\t\t<div class=\"wpb_wrapper\">\n\t\t\t<p class=\"p1\">Sie erreichen unser Hotel mit \u00f6ffentlichen Verkehrsmitteln, insbesondere mit dem Zug. Benachrichtigen Sie uns zum Zeitpunkt der Buchung und wir holen Sie am Bahnhof Troisvierges ab.<\/p>\n\n\t\t<\/div>\n\t<\/div>\n<div style=\"background-color:;height: 25px\" class=\"nicdark_section\"><\/div>\n\n    <div class=\"nd_options_section nd_options_toogles_contact_2\">\n\n      <div class=\"nd_options_section nd_options_box_sizing_border_box\">\n        <p class=\"nd_options_toogle_title nd_options_first_font nd_options_font_size_17 nd_options_position_relative nd_options_padding_right_20 nd_options_padding_top_5 nd_options_padding_left_45 nd_options_padding_bottom_5\">\n          <span style=\"background-color:#c19b76\" class=\"nd_options_cursor_pointer nd_options_text_align_center nd_options_toogle_title_open_90 nd_options_width_25 nd_options_height_25  nd_options_position_absolute nd_options_top_0 nd_options_left_0\">\n            <img decoding=\"async\" alt=\"\" class=\"nd_options_margin_top_6\" width=\"12\" src=\"https:\/\/www.hotelvieuxmoulin.lu\/wp-content\/plugins\/nd-shortcodes\/shortcodes\/custom\/toogle\/icon-add-white.png\">\n          <\/span> \n          <span style=\"background-color:#c19b76\" class=\"nd_options_cursor_pointer nd_options_text_align_center nd_options_toogle_title_close_90 nd_options_width_25 nd_options_display_none nd_options_height_25  nd_options_position_absolute nd_options_top_0 nd_options_left_0\">\n            <img decoding=\"async\" alt=\"\" class=\"nd_options_margin_top_6\" width=\"12\" src=\"https:\/\/www.hotelvieuxmoulin.lu\/wp-content\/plugins\/nd-shortcodes\/shortcodes\/custom\/toogle\/icon-less-white.png\">\n          <\/span>\n          Sind beide Hotels am selben Ort?\n        <\/p>\n      <\/div>\n      \n      <div class=\"nd_options_display_none nd_options_padding_20 nd_options_padding_left_45 nd_options_toogle_content_90 nd_options_section nd_options_box_sizing_border_box\">\n        <p>Nein, Le Relais Postal liegt 1 km vom Hotel du Moulin entfernt.<\/p>\n      <\/div>\n\n    <\/div>\n\n   <div style=\"background-color:;height: 18px\" class=\"nicdark_section\"><\/div>\n\n    <div class=\"nd_options_section nd_options_toogles_contact_2\">\n\n      <div class=\"nd_options_section nd_options_box_sizing_border_box\">\n        <p class=\"nd_options_toogle_title nd_options_first_font nd_options_font_size_17 nd_options_position_relative nd_options_padding_right_20 nd_options_padding_top_5 nd_options_padding_left_45 nd_options_padding_bottom_5\">\n          <span style=\"background-color:#c19b76\" class=\"nd_options_cursor_pointer nd_options_text_align_center nd_options_toogle_title_open_246 nd_options_width_25 nd_options_height_25  nd_options_position_absolute nd_options_top_0 nd_options_left_0\">\n            <img decoding=\"async\" alt=\"\" class=\"nd_options_margin_top_6\" width=\"12\" src=\"https:\/\/www.hotelvieuxmoulin.lu\/wp-content\/plugins\/nd-shortcodes\/shortcodes\/custom\/toogle\/icon-add-white.png\">\n          <\/span> \n          <span style=\"background-color:#c19b76\" class=\"nd_options_cursor_pointer nd_options_text_align_center nd_options_toogle_title_close_246 nd_options_width_25 nd_options_display_none nd_options_height_25  nd_options_position_absolute nd_options_top_0 nd_options_left_0\">\n            <img decoding=\"async\" alt=\"\" class=\"nd_options_margin_top_6\" width=\"12\" src=\"https:\/\/www.hotelvieuxmoulin.lu\/wp-content\/plugins\/nd-shortcodes\/shortcodes\/custom\/toogle\/icon-less-white.png\">\n          <\/span>\n          Sind Hunde und andere Tiere willkommen?\n        <\/p>\n      <\/div>\n      \n      <div class=\"nd_options_display_none nd_options_padding_20 nd_options_padding_left_45 nd_options_toogle_content_246 nd_options_section nd_options_box_sizing_border_box\">\n        <p>Viele unserer Zimmer sind in tierfreundlichen Ausf\u00fchrungen erh\u00e4ltlich. Stellen Sie sicher, dass das tierfreundliche Etikett auf dem Zimmer Ihrer Wahl angebracht ist, bevor Sie f\u00fcr gr\u00f6\u00dfere Gruppen buchen.<\/p>\n      <\/div>\n\n    <\/div>\n\n   <div style=\"background-color:;height: 18px\" class=\"nicdark_section\"><\/div>\n\n    <div class=\"nd_options_section nd_options_toogles_contact_2\">\n\n      <div class=\"nd_options_section nd_options_box_sizing_border_box\">\n        <p class=\"nd_options_toogle_title nd_options_first_font nd_options_font_size_17 nd_options_position_relative nd_options_padding_right_20 nd_options_padding_top_5 nd_options_padding_left_45 nd_options_padding_bottom_5\">\n          <span style=\"background-color:#c19b76\" class=\"nd_options_cursor_pointer nd_options_text_align_center nd_options_toogle_title_open_917 nd_options_width_25 nd_options_height_25  nd_options_position_absolute nd_options_top_0 nd_options_left_0\">\n            <img decoding=\"async\" alt=\"\" class=\"nd_options_margin_top_6\" width=\"12\" src=\"https:\/\/www.hotelvieuxmoulin.lu\/wp-content\/plugins\/nd-shortcodes\/shortcodes\/custom\/toogle\/icon-add-white.png\">\n          <\/span> \n          <span style=\"background-color:#c19b76\" class=\"nd_options_cursor_pointer nd_options_text_align_center nd_options_toogle_title_close_917 nd_options_width_25 nd_options_display_none nd_options_height_25  nd_options_position_absolute nd_options_top_0 nd_options_left_0\">\n            <img decoding=\"async\" alt=\"\" class=\"nd_options_margin_top_6\" width=\"12\" src=\"https:\/\/www.hotelvieuxmoulin.lu\/wp-content\/plugins\/nd-shortcodes\/shortcodes\/custom\/toogle\/icon-less-white.png\">\n          <\/span>\n          Wo ist das Restaurant?\n        <\/p>\n      <\/div>\n      \n      <div class=\"nd_options_display_none nd_options_padding_20 nd_options_padding_left_45 nd_options_toogle_content_917 nd_options_section nd_options_box_sizing_border_box\">\n        <p>Das Restaurant und der Check-in finden im Hotel du Moulin statt. Jedes unserer Hotels bietet verschiedene Vorteile.<\/p>\n      <\/div>\n\n    <\/div>\n\n   <div style=\"background-color:;height: 20px\" class=\"nicdark_section\"><\/div><\/div><\/div><\/div><\/div><div data-vc-full-width=\"true\" data-vc-full-width-init=\"false\" data-vc-stretch-content=\"true\" class=\"vc_row wpb_row vc_row-fluid vc_custom_1476114800174 vc_row-no-padding\"><div class=\"wpb_column vc_column_container vc_col-sm-6\"><div class=\"vc_column-inner\"><div class=\"wpb_wrapper\"><div class=\"wpb_gmaps_widget wpb_content_element\" >\n\t\t<div class=\"wpb_wrapper\">\n\t\t<div class=\"wpb_map_wraper\">\n\t\t\t<iframe loading=\"lazy\" src=\"https:\/\/www.google.com\/maps\/embed?pb=!1m18!1m12!1m3!1d2559.9104787854967!2d5.962307251868082!3d50.08796292119635!2m3!1f0!2f0!3f0!3m2!1i1024!2i768!4f13.1!3m3!1m2!1s0x47c00eb5cb10650b%3A0x9c82229b12549378!2sDomaine%20du%20Moulin%20d&#39;Asselborn%20S%C3%A0rl!5e0!3m2!1sen!2slu!4v1567010134900!5m2!1sen!2slu\" width=\"600\" height=\"450\" frameborder=\"0\" style=\"border:0;\" allowfullscreen=\"\"><\/iframe>\t\t<\/div>\n\t<\/div>\n<\/div>\n<\/div><\/div><\/div><div class=\"wpb_column vc_column_container vc_col-sm-6\" id=\"contact-contact\"><div class=\"vc_column-inner\"><div class=\"wpb_wrapper\">\n\t<div class=\"wpb_text_column wpb_content_element  vc_custom_1561565558959\" >\n\t\t<div class=\"wpb_wrapper\">\n\t\t\t<p><strong>Moulin d&#8217;Asselborn<\/strong><br \/>\nOp der Millen 1<br \/>\nL-9940 Asselborn<\/p>\n<p>Tel : <a href=\"tel:00352998616\">+352 99 86 16<\/a><\/p>\n<p>Fax: +352 99 86 17<\/p>\n<p><a style=\"color: #5b9279;\" href=\"https:\/\/goo.gl\/maps\/MyPVdvytEjv\" target=\"_blank\" rel=\"noreferrer noopener\">Wegbeschreibung auf Google Maps<\/a><\/p>\n<p>&nbsp;<\/p>\n<p><strong>Le Relais Postal<\/strong><br \/>\nPosteck 5<br \/>\nL-9940 Asselborn<\/p>\n<p>Tel : <a href=\"tel:003522780961\">+352 27 80 96 1<\/a><\/p>\n<p>Fax: +352 99 86 17<\/p>\n<p><a style=\"color: #5b9279;\" href=\"https:\/\/goo.gl\/maps\/miEkuAxMgGJ2\" target=\"_blank\" rel=\"noreferrer noopener\">Wegbeschreibung auf Google Maps<\/a><\/p>\n\n\t\t<\/div>\n\t<\/div>\n<\/div><\/div><\/div><\/div><div class=\"vc_row-full-width vc_clearfix\"><\/div>","protected":false},"excerpt":{"rendered":"Contact Us Name : Email : Message : FAQ You can reach our hotel via public transportation, especially via train. Notify us at the time of booking and we will pick you up at the Troisvierges station. Are both hotels in the same place? No, Le Relais Postal is located 1 km from the Hotel [...]","protected":false},"author":1,"featured_media":0,"parent":0,"menu_order":0,"comment_status":"closed","ping_status":"closed","template":"","meta":{"om_disable_all_campaigns":false,"_monsterinsights_skip_tracking":false,"_monsterinsights_sitenote_active":false,"_monsterinsights_sitenote_note":"","_monsterinsights_sitenote_category":0,"footnotes":""},"class_list":["post-460","page","type-page","status-publish","hentry"],"yoast_head":"<!-- This site is optimized with the Yoast SEO plugin v21.9.1 - https:\/\/yoast.com\/wordpress\/plugins\/seo\/ -->\n<title>Contact - Domaine du Moulin d&#039;Asselborn<\/title>\n<meta name=\"robots\" content=\"index, follow, max-snippet:-1, max-image-preview:large, max-video-preview:-1\" \/>\n<link rel=\"canonical\" href=\"https:\/\/www.hotelvieuxmoulin.lu\/de\/contact\/\" \/>\n<meta property=\"og:locale\" content=\"de_DE\" \/>\n<meta property=\"og:type\" content=\"article\" \/>\n<meta property=\"og:title\" content=\"Contact - Domaine du Moulin d&#039;Asselborn\" \/>\n<meta property=\"og:url\" content=\"https:\/\/www.hotelvieuxmoulin.lu\/de\/contact\/\" \/>\n<meta property=\"og:site_name\" content=\"Domaine du Moulin d&#039;Asselborn\" \/>\n<meta property=\"article:modified_time\" content=\"2022-06-28T20:13:30+00:00\" \/>\n<meta name=\"twitter:card\" content=\"summary_large_image\" \/>\n<meta name=\"twitter:label1\" content=\"Gesch\u00e4tzte Lesezeit\" \/>\n\t<meta name=\"twitter:data1\" content=\"2\u00a0Minuten\" \/>\n<script type=\"application\/ld+json\" class=\"yoast-schema-graph\">{\"@context\":\"https:\/\/schema.org\",\"@graph\":[{\"@type\":\"WebPage\",\"@id\":\"https:\/\/www.hotelvieuxmoulin.lu\/contact\/\",\"url\":\"https:\/\/www.hotelvieuxmoulin.lu\/contact\/\",\"name\":\"Contact - Domaine du Moulin d&#039;Asselborn\",\"isPartOf\":{\"@id\":\"https:\/\/www.hotelvieuxmoulin.lu\/#website\"},\"datePublished\":\"2017-07-19T09:28:56+00:00\",\"dateModified\":\"2022-06-28T20:13:30+00:00\",\"breadcrumb\":{\"@id\":\"https:\/\/www.hotelvieuxmoulin.lu\/contact\/#breadcrumb\"},\"inLanguage\":\"de\",\"potentialAction\":[{\"@type\":\"ReadAction\",\"target\":[\"https:\/\/www.hotelvieuxmoulin.lu\/contact\/\"]}]},{\"@type\":\"BreadcrumbList\",\"@id\":\"https:\/\/www.hotelvieuxmoulin.lu\/contact\/#breadcrumb\",\"itemListElement\":[{\"@type\":\"ListItem\",\"position\":1,\"name\":\"Home\",\"item\":\"https:\/\/www.hotelvieuxmoulin.lu\/\"},{\"@type\":\"ListItem\",\"position\":2,\"name\":\"Contact\"}]},{\"@type\":\"WebSite\",\"@id\":\"https:\/\/www.hotelvieuxmoulin.lu\/#website\",\"url\":\"https:\/\/www.hotelvieuxmoulin.lu\/\",\"name\":\"Domaine du Moulin d&#039;Asselborn\",\"description\":\"Regional Luxembourgish hotel tradition\",\"potentialAction\":[{\"@type\":\"SearchAction\",\"target\":{\"@type\":\"EntryPoint\",\"urlTemplate\":\"https:\/\/www.hotelvieuxmoulin.lu\/?s={search_term_string}\"},\"query-input\":\"required name=search_term_string\"}],\"inLanguage\":\"de\"}]}<\/script>\n<!-- \/ Yoast SEO plugin. -->","yoast_head_json":{"title":"Contact - Domaine du Moulin d&#039;Asselborn","robots":{"index":"index","follow":"follow","max-snippet":"max-snippet:-1","max-image-preview":"max-image-preview:large","max-video-preview":"max-video-preview:-1"},"canonical":"https:\/\/www.hotelvieuxmoulin.lu\/de\/contact\/","og_locale":"de_DE","og_type":"article","og_title":"Contact - Domaine du Moulin d&#039;Asselborn","og_url":"https:\/\/www.hotelvieuxmoulin.lu\/de\/contact\/","og_site_name":"Domaine du Moulin d&#039;Asselborn","article_modified_time":"2022-06-28T20:13:30+00:00","twitter_card":"summary_large_image","twitter_misc":{"Gesch\u00e4tzte Lesezeit":"2\u00a0Minuten"},"schema":{"@context":"https:\/\/schema.org","@graph":[{"@type":"WebPage","@id":"https:\/\/www.hotelvieuxmoulin.lu\/contact\/","url":"https:\/\/www.hotelvieuxmoulin.lu\/contact\/","name":"Contact - Domaine du Moulin d&#039;Asselborn","isPartOf":{"@id":"https:\/\/www.hotelvieuxmoulin.lu\/#website"},"datePublished":"2017-07-19T09:28:56+00:00","dateModified":"2022-06-28T20:13:30+00:00","breadcrumb":{"@id":"https:\/\/www.hotelvieuxmoulin.lu\/contact\/#breadcrumb"},"inLanguage":"de","potentialAction":[{"@type":"ReadAction","target":["https:\/\/www.hotelvieuxmoulin.lu\/contact\/"]}]},{"@type":"BreadcrumbList","@id":"https:\/\/www.hotelvieuxmoulin.lu\/contact\/#breadcrumb","itemListElement":[{"@type":"ListItem","position":1,"name":"Home","item":"https:\/\/www.hotelvieuxmoulin.lu\/"},{"@type":"ListItem","position":2,"name":"Contact"}]},{"@type":"WebSite","@id":"https:\/\/www.hotelvieuxmoulin.lu\/#website","url":"https:\/\/www.hotelvieuxmoulin.lu\/","name":"Domaine du Moulin d&#039;Asselborn","description":"Regional Luxembourgish hotel tradition","potentialAction":[{"@type":"SearchAction","target":{"@type":"EntryPoint","urlTemplate":"https:\/\/www.hotelvieuxmoulin.lu\/?s={search_term_string}"},"query-input":"required name=search_term_string"}],"inLanguage":"de"}]}},"_links":{"self":[{"href":"https:\/\/www.hotelvieuxmoulin.lu\/de\/wp-json\/wp\/v2\/pages\/460","targetHints":{"allow":["GET"]}}],"collection":[{"href":"https:\/\/www.hotelvieuxmoulin.lu\/de\/wp-json\/wp\/v2\/pages"}],"about":[{"href":"https:\/\/www.hotelvieuxmoulin.lu\/de\/wp-json\/wp\/v2\/types\/page"}],"author":[{"embeddable":true,"href":"https:\/\/www.hotelvieuxmoulin.lu\/de\/wp-json\/wp\/v2\/users\/1"}],"replies":[{"embeddable":true,"href":"https:\/\/www.hotelvieuxmoulin.lu\/de\/wp-json\/wp\/v2\/comments?post=460"}],"version-history":[{"count":25,"href":"https:\/\/www.hotelvieuxmoulin.lu\/de\/wp-json\/wp\/v2\/pages\/460\/revisions"}],"predecessor-version":[{"id":1879,"href":"https:\/\/www.hotelvieuxmoulin.lu\/de\/wp-json\/wp\/v2\/pages\/460\/revisions\/1879"}],"wp:attachment":[{"href":"https:\/\/www.hotelvieuxmoulin.lu\/de\/wp-json\/wp\/v2\/media?parent=460"}],"curies":[{"name":"wp","href":"https:\/\/api.w.org\/{rel}","templated":true}]}}