{"id":403,"date":"2017-07-19T08:15:10","date_gmt":"2017-07-19T08:15:10","guid":{"rendered":"http:\/\/www.nicdarkthemes.com\/themes\/hotel\/wp\/demo\/?page_id=403"},"modified":"2022-06-18T01:39:42","modified_gmt":"2022-06-18T01:39:42","slug":"about-us-2","status":"publish","type":"page","link":"https:\/\/www.hotelvieuxmoulin.lu\/de\/about-us-2\/","title":{"rendered":"\u00dcber uns"},"content":{"rendered":"<div class=\"vc_row wpb_row vc_row-fluid vc_custom_1485860712352\"><div class=\"wpb_column vc_column_container vc_col-sm-8\"><div class=\"vc_column-inner\"><div class=\"wpb_wrapper\"><div style=\"background-color:;height: 30px\" class=\"nicdark_section\"><\/div>\n\t<div class=\"wpb_text_column wpb_content_element\" id=\"about-us-title\">\n\t\t<div class=\"wpb_wrapper\">\n\t\t\t<h1>Willkommen im Paradies der Luxemburger Ardennen<\/h1>\n\n\t\t<\/div>\n\t<\/div>\n <p style=\"color:;padding:px;text-align:;font-size:16px;line-height:22px;letter-spacing: px;font-weight:\" class=\"\">Unser Haus ist mehr als nur ein Hotel-Restaurant, es ist ein Ort der Entdeckung und des Zaubers. Das Tourismusgebiet der Luxemburger Ardennen in Asselborn l\u00e4dt Sie zu einer echten Heimkehr ein: das des Tratterbachs Natura 2000, wo Forellen das Vergn\u00fcgen von Fischern und Feinschmeckern sind.<\/p> <div style=\"background-color:;height: 10px\" class=\"nicdark_section\"><\/div> <p style=\"color:;padding:px;text-align:;font-size:16px;line-height:22px;letter-spacing: px;font-weight:\" class=\"\">Seien Sie offen f\u00fcr die Wunder der Natur, die hier zu finden sind: das Singen von V\u00f6geln, den anmutigen Flug von Schmetterlingen und Libellen, das Konzert der Fr\u00f6sche und den erhabenen Sonnenuntergang.<\/p> <div style=\"background-color:;height: 10px\" class=\"nicdark_section\"><\/div> <p style=\"color:;padding:px;text-align:;font-size:16px;line-height:22px;letter-spacing: px;font-weight:\" class=\"\">Genie\u00dfen Sie f\u00fcr einen unvergesslichen kulturellen und gastronomischen Aufenthalt unser herrliches Domizils f\u00fcr einen romantischen Zwischenstopp, eine Familienfeier, eine Gruppe oder ein Gesch\u00e4ft. Bewundern Sie die Details historischer Objekte, die als dekorative Objekte oder Gebrauchsgegenst\u00e4nde verwendet werden.<\/p> <div style=\"background-color:;height: 10px\" class=\"nicdark_section\"><\/div> <p style=\"color:;padding:px;text-align:;font-size:16px;line-height:22px;letter-spacing: px;font-weight:\" class=\"\">Unser Hotel verf\u00fcgt jetzt auch \u00fcber elektrische Ladestationen f\u00fcr Autos.<\/p> <\/div><\/div><\/div><div class=\"wpb_column vc_column_container vc_col-sm-4\"><div class=\"vc_column-inner vc_custom_1485856159511\"><div class=\"wpb_wrapper\"><div style=\"background-color:;height: 60px\" class=\"nicdark_section\"><\/div><div class=\"vc_row wpb_row vc_inner vc_row-fluid\"><div class=\"wpb_column vc_column_container vc_col-sm-12 vc_col-has-fill\"><div class=\"vc_column-inner vc_custom_1552268900351\"><div class=\"wpb_wrapper\">\n\n    <div class=\"nd_options_section nd_options_position_relative about-us-phone\">\n\n        <img decoding=\"async\" style=\"top:px\" alt=\"\" class=\"nd_options_position_absolute nd_options_left_0\" width=\"30\" src=\"https:\/\/www.hotelvieuxmoulin.lu\/wp-content\/uploads\/2017\/07\/icon-checked-white.png\">\n\n        <div style=\"padding-left:50px\" class=\"nd_options_section nd_options_box_sizing_border_box\">\n            \n            <h3 class=\"nd_options_second_font nd_options_letter_spacing_2 nd_options_font_weight_lighter\" style=\"margin:0px 0px 3px 0px;color:#ffffff;font-size:13px;line-height:13px\">TELEFON<\/h3> \n             \n            <a class=\"nd_options_display_inline_block\" style=\"font-size:px;line-height:px;border-radius:;border:0px solid;background-color:;padding:;color:#ffffff\" rel=\"\" target=\" _blank\" href=\"tel: 352998616\">+352 99 86 16<\/a>\n\n        <\/div>\n\n    <\/div>\n\n  <div style=\"background-color:;height: 60px\" class=\"nicdark_section\"><\/div>\n\n    <div class=\"nd_options_section nd_options_position_relative\">\n\n        <img decoding=\"async\" style=\"top:px\" alt=\"\" class=\"nd_options_position_absolute nd_options_left_0\" width=\"30\" src=\"https:\/\/www.hotelvieuxmoulin.lu\/wp-content\/uploads\/2017\/07\/icon-checked-white.png\">\n\n        <div style=\"padding-left:50px\" class=\"nd_options_section nd_options_box_sizing_border_box\">\n            \n            <h3 class=\"nd_options_second_font nd_options_letter_spacing_2 nd_options_font_weight_lighter\" style=\"margin:0px 0px 3px 0px;color:#ffffff;font-size:13px;line-height:13px\">EMAIL<\/h3> \n             \n            <a class=\"nd_options_display_inline_block\" style=\"font-size:px;line-height:px;border-radius:;border:0px solid;background-color:;padding:;color:#ffffff\" rel=\"\" target=\" _blank\" href=\"mailto:resa@hotelvieuxmoulin.lu\">resa@hotelvieuxmoulin.lu<\/a>\n\n        <\/div>\n\n    <\/div>\n\n  <\/div><\/div><\/div><\/div><div style=\"background-color:;height: 10px\" class=\"nicdark_section\"><\/div><\/div><\/div><\/div><\/div><div class=\"vc_row wpb_row vc_row-fluid\"><div class=\"wpb_column vc_column_container vc_col-sm-4 vc_col-has-fill\"><div class=\"vc_column-inner vc_custom_1561551339251\"><div class=\"wpb_wrapper\">\n    <div style=\"text-align:center\" class=\"nd_options_section\">\n      <img decoding=\"async\" alt=\"\" style=\"width:70px\" class=\"nd_options_margin_0 nd_options_padding_0\" src=\"https:\/\/www.hotelvieuxmoulin.lu\/wp-content\/uploads\/2019\/03\/logo_Hotels-ardennes_60.png\">\n    <\/div>\n   <\/div><\/div><\/div><div class=\"wpb_column vc_column_container vc_col-sm-4 vc_col-has-fill\"><div class=\"vc_column-inner vc_custom_1561551333525\"><div class=\"wpb_wrapper\">\n    <div style=\"text-align:center\" class=\"nd_options_section\">\n      <img decoding=\"async\" alt=\"\" style=\"width:70px\" class=\"nd_options_margin_0 nd_options_padding_0\" src=\"https:\/\/www.hotelvieuxmoulin.lu\/wp-content\/uploads\/2019\/03\/main-logo_60.png\">\n    <\/div>\n   <\/div><\/div><\/div><div class=\"wpb_column vc_column_container vc_col-sm-4 vc_col-has-fill\"><div class=\"vc_column-inner vc_custom_1561551327899\"><div class=\"wpb_wrapper\">\n    <div style=\"text-align:center\" class=\"nd_options_section\">\n      <img decoding=\"async\" alt=\"\" style=\"width:70px\" class=\"nd_options_margin_0 nd_options_padding_0\" src=\"https:\/\/www.hotelvieuxmoulin.lu\/wp-content\/uploads\/2019\/03\/A_ardenne.png\">\n    <\/div>\n   <\/div><\/div><\/div><\/div><div class=\"vc_row wpb_row vc_row-fluid vc_custom_1485860933865\"><div class=\"wpb_column vc_column_container vc_col-sm-12\"><div class=\"vc_column-inner vc_custom_1552268799603\"><div class=\"wpb_wrapper\"><div class=\"vc_row wpb_row vc_inner vc_row-fluid\"><div class=\"wpb_column vc_column_container vc_col-sm-6\"><div class=\"vc_column-inner\"><div class=\"wpb_wrapper\"><div style=\"background-color:;height: 10px\" class=\"nicdark_section\"><\/div>\n\n\t<!--START FOCUS-->\n  <div class=\"nd_options_section  nd_options_position_relative nd_options_fadein_fadeout nd_options_overflow_hidden\">\n              \n      <img decoding=\"async\" alt=\"\" class=\"nd_options_section nd_options_zoom_image\" src=\"https:\/\/www.hotelvieuxmoulin.lu\/wp-content\/uploads\/2019\/02\/3_3_2_enseigne-relais.jpg\">\n      \n      <!--filter-->\n      <div class=\"nd_options_fadein nd_options_bg_greydark_alpha_2_2 nd_options_position_absolute nd_options_height_100_percentage nd_options_width_100_percentage\">  \n      <\/div>\n      <!--end filter-->\n      \n      <!--start content-->\n      <div style=\"background-color:#000\" class=\"nd_options_fadeout nd_options_position_absolute nd_options_height_100_percentage nd_options_width_100_percentage\">\n          <div class=\"nd_options_position_absolute nd_options_display_table nd_options_height_100_percentage nd_options_width_100_percentage\">\n              <div class=\"nd_options_display_table_cell nd_options_vertical_align_middle nd_options_text_align_center\">\n                  <h1 style=\"color:#fff\">Le Relais Postal<\/h1>\n                  <div class=\"nd_options_section nd_options_height_20\"><\/div>\n                  <h3 style=\"color:#fff\"><\/h3>\n                  <div class=\"nd_options_section nd_options_height_20\"><\/div>\n                  <img decoding=\"async\" width=\"25\" alt=\"\" src=\"\">\n              <\/div>   \n          <\/div>   \n      <\/div>\n      <!--end content-->\n      \n  <\/div>\n  <!--END FOCUS-->\n\t\n\n   <div style=\"background-color:;height: 10px\" class=\"nicdark_section\"><\/div><\/div><\/div><\/div><div class=\"wpb_column vc_column_container vc_col-sm-6\"><div class=\"vc_column-inner\"><div class=\"wpb_wrapper\"><div style=\"background-color:;height: 10px\" class=\"nicdark_section\"><\/div>\n\t<div class=\"wpb_text_column wpb_content_element\" >\n\t\t<div class=\"wpb_wrapper\">\n\t\t\t<h1>Le Moulin<\/h1>\n\n\t\t<\/div>\n\t<\/div>\n <p style=\"color:;padding:px;text-align:;font-size:18px;line-height:24px;letter-spacing: px;font-weight:\" class=\"\">Diese alte Wasserm\u00fchle hat seit 1036 alle Epochen des Gro\u00dfherzogtums Luxemburg durchlaufen. Heute bietet dieses kleine charmante Hotel mit 18 Zimmern den Komfort eines authentischen Ortes und die Schweizer-Chalet-Atmosph\u00e4re der Zimmer l\u00e4dt zum Verweilen ein. Das Restaurant mit seinem Holzkamin l\u00e4dt Sie ein, neue Geschm\u00e4cker zu entdecken, und das Museum des Moulin versetzt Sie zur\u00fcck in die M\u00fchlen-Zeiten. Stellen Sie sich die Mischung aus Ger\u00fcchen von getrocknetem Getreide und frisch gemahlenem Mehl vor ...<\/p> <div style=\"background-color:;height: 60px\" class=\"nicdark_section\"><\/div><\/div><\/div><\/div><\/div><\/div><\/div><\/div><\/div><div class=\"vc_row wpb_row vc_row-fluid vc_custom_1485860933865\"><div class=\"wpb_column vc_column_container vc_col-sm-12\"><div class=\"vc_column-inner vc_custom_1552268811634\"><div class=\"wpb_wrapper\"><div class=\"vc_row wpb_row vc_inner vc_row-fluid\"><div class=\"wpb_column vc_column_container vc_col-sm-6\"><div class=\"vc_column-inner\"><div class=\"wpb_wrapper\"><div style=\"background-color:;height: 30px\" class=\"nicdark_section\"><\/div>\n\t<div class=\"wpb_text_column wpb_content_element\" >\n\t\t<div class=\"wpb_wrapper\">\n\t\t\t<h1>Le Relais Postal<\/h1>\n\n\t\t<\/div>\n\t<\/div>\n <p style=\"color:;padding:px;text-align:;font-size:18px;line-height:24px;letter-spacing: px;font-weight:\" class=\"\">Entdecken Sie die Auberge du Relais Postal von Asselborn, einen Ort und eine Gelegenheit f\u00fcr ein einzigartiges Erlebnis.<\/p> <div style=\"background-color:;height: 10px\" class=\"nicdark_section\"><\/div> <p style=\"color:;padding:px;text-align:;font-size:18px;line-height:24px;letter-spacing: px;font-weight:\" class=\"\">Erleben Sie in einem authentischen Geb\u00e4ude aus dem 16. Jahrhundert, das Thurn &amp; Taxis auf der Postroute von Rom nach Antwerpen geschaffen hat, die Epoche der Postrouten durch Europa.<\/p> <div style=\"background-color:;height: 10px\" class=\"nicdark_section\"><\/div> <p style=\"color:;padding:px;text-align:;font-size:18px;line-height:24px;letter-spacing: px;font-weight:\" class=\"\">Fabelhaftes, mit Holz gebranntes Grillfleisch, das im Speisesaal zubereitet wird. Gro\u00dfe Themenzimmer in einem harmonischen Stil, in denen die charmante Dekoration Sie in eine Welt entf\u00fchrt, die sich von der traditionellen Gastronomie unterscheidet.<\/p> <\/div><\/div><\/div><div class=\"wpb_column vc_column_container vc_col-sm-6\"><div class=\"vc_column-inner\"><div class=\"wpb_wrapper\"><div style=\"background-color:;height: 10px\" class=\"nicdark_section\"><\/div>\n\n\t<!--START FOCUS-->\n  <div class=\"nd_options_section  nd_options_position_relative nd_options_fadein_fadeout nd_options_overflow_hidden\">\n              \n      <img decoding=\"async\" alt=\"\" class=\"nd_options_section nd_options_zoom_image\" src=\"https:\/\/www.hotelvieuxmoulin.lu\/wp-content\/uploads\/2017\/07\/06-1024x791.jpg\">\n      \n      <!--filter-->\n      <div class=\"nd_options_fadein nd_options_bg_greydark_alpha_2_2 nd_options_position_absolute nd_options_height_100_percentage nd_options_width_100_percentage\">  \n      <\/div>\n      <!--end filter-->\n      \n      <!--start content-->\n      <div style=\"background-color:#000\" class=\"nd_options_fadeout nd_options_position_absolute nd_options_height_100_percentage nd_options_width_100_percentage\">\n          <div class=\"nd_options_position_absolute nd_options_display_table nd_options_height_100_percentage nd_options_width_100_percentage\">\n              <div class=\"nd_options_display_table_cell nd_options_vertical_align_middle nd_options_text_align_center\">\n                  <h1 style=\"color:#fff\">Hotel du Moulin<\/h1>\n                  <div class=\"nd_options_section nd_options_height_20\"><\/div>\n                  <h3 style=\"color:#fff\"><\/h3>\n                  <div class=\"nd_options_section nd_options_height_20\"><\/div>\n                  <img decoding=\"async\" width=\"25\" alt=\"\" src=\"\">\n              <\/div>   \n          <\/div>   \n      <\/div>\n      <!--end content-->\n      \n  <\/div>\n  <!--END FOCUS-->\n\t\n\n   <div style=\"background-color:;height: 10px\" class=\"nicdark_section\"><\/div><\/div><\/div><\/div><\/div><div class=\"vc_row wpb_row vc_inner vc_row-fluid vc_custom_1552268839712\"><div class=\"wpb_column vc_column_container vc_col-sm-3\" id=\"about-us-guy-image\"><div class=\"vc_column-inner\"><div class=\"wpb_wrapper\">\n    <div style=\"text-align:\" class=\"nd_options_section\">\n      <img decoding=\"async\" alt=\"\" style=\"width:100%\" class=\"nd_options_margin_0 nd_options_padding_0\" src=\"https:\/\/www.hotelvieuxmoulin.lu\/wp-content\/uploads\/2019\/03\/leon-nilles.jpg\">\n    <\/div>\n   <\/div><\/div><\/div><div class=\"wpb_column vc_column_container vc_col-sm-9\"><div class=\"vc_column-inner\"><div class=\"wpb_wrapper\">\n\t<div class=\"wpb_text_column wpb_content_element  about-paragraphs\" >\n\t\t<div class=\"wpb_wrapper\">\n\t\t\t<h1>Ans\u00e4tze &amp; Philosophie<\/h1>\n\n\t\t<\/div>\n\t<\/div>\n <p style=\"color:;padding:px;text-align:;font-size:18px;line-height:24px;letter-spacing: px;font-weight:\" class=\"\">Authentizit\u00e4t, Freundlichkeit, pers\u00f6nliche Ansprache: Das Domain-Team steht zu Ihrer Verf\u00fcgung, um Ihnen einzigartige Momente des Vergn\u00fcgens, der Entspannung und der Entdeckung zu bieten.<\/p> <div style=\"background-color:;height: 10px\" class=\"nicdark_section\"><\/div> <p style=\"color:;padding:px;text-align:;font-size:18px;line-height:24px;letter-spacing: px;font-weight:\" class=\"\">Die Auberge du Relais Postal ist das Werk von L\u00e9on Nilles (\u2020 2016), Professor f\u00fcr Bauingenieurwesen, Liebhaber alter Steine und Restaurierer alter Geb\u00e4ude. Dieser ungew\u00f6hnliche Ort, der wie kein anderer aussieht, wurde aus seinen H\u00e4nden geboren - die Materialien und das Design des Geb\u00e4udes verbinden Materialien der Vergangenheit und Gegenwart.<\/p> <\/div><\/div><\/div><\/div><\/div><\/div><\/div><\/div>","protected":false},"excerpt":{"rendered":"Welcome to the paradise of the Luxembourg Ardennes More than just a hotel-restaurant, the hotel is a place of discovery and enchantment. The Tourist Domain of the Luxembourg Ardennes in Asselborn invites you to a real homecoming: that of the Tratterbach stream classified \u201cNatura 2000\u201d where trout are the delight of fishermen and gourmets. Open [...]","protected":false},"author":1,"featured_media":0,"parent":0,"menu_order":0,"comment_status":"closed","ping_status":"closed","template":"","meta":{"om_disable_all_campaigns":false,"_monsterinsights_skip_tracking":false,"_monsterinsights_sitenote_active":false,"_monsterinsights_sitenote_note":"","_monsterinsights_sitenote_category":0,"footnotes":""},"class_list":["post-403","page","type-page","status-publish","hentry"],"yoast_head":"<!-- This site is optimized with the Yoast SEO plugin v21.9.1 - https:\/\/yoast.com\/wordpress\/plugins\/seo\/ -->\n<title>About Us - Domaine du Moulin d&#039;Asselborn<\/title>\n<meta name=\"robots\" content=\"index, follow, max-snippet:-1, max-image-preview:large, max-video-preview:-1\" \/>\n<link rel=\"canonical\" href=\"https:\/\/www.hotelvieuxmoulin.lu\/de\/about-us-2\/\" \/>\n<meta property=\"og:locale\" content=\"de_DE\" \/>\n<meta property=\"og:type\" content=\"article\" \/>\n<meta property=\"og:title\" content=\"About Us - Domaine du Moulin d&#039;Asselborn\" \/>\n<meta property=\"og:url\" content=\"https:\/\/www.hotelvieuxmoulin.lu\/de\/about-us-2\/\" \/>\n<meta property=\"og:site_name\" content=\"Domaine du Moulin d&#039;Asselborn\" \/>\n<meta property=\"article:modified_time\" content=\"2022-06-18T01:39:42+00:00\" \/>\n<meta name=\"twitter:card\" content=\"summary_large_image\" \/>\n<meta name=\"twitter:label1\" content=\"Gesch\u00e4tzte Lesezeit\" \/>\n\t<meta name=\"twitter:data1\" content=\"7\u00a0Minuten\" \/>\n<script type=\"application\/ld+json\" class=\"yoast-schema-graph\">{\"@context\":\"https:\/\/schema.org\",\"@graph\":[{\"@type\":\"WebPage\",\"@id\":\"https:\/\/www.hotelvieuxmoulin.lu\/de\/about-us-2\/\",\"url\":\"https:\/\/www.hotelvieuxmoulin.lu\/de\/about-us-2\/\",\"name\":\"About Us - Domaine du Moulin d&#039;Asselborn\",\"isPartOf\":{\"@id\":\"https:\/\/www.hotelvieuxmoulin.lu\/#website\"},\"datePublished\":\"2017-07-19T08:15:10+00:00\",\"dateModified\":\"2022-06-18T01:39:42+00:00\",\"breadcrumb\":{\"@id\":\"https:\/\/www.hotelvieuxmoulin.lu\/de\/about-us-2\/#breadcrumb\"},\"inLanguage\":\"de\",\"potentialAction\":[{\"@type\":\"ReadAction\",\"target\":[\"https:\/\/www.hotelvieuxmoulin.lu\/de\/about-us-2\/\"]}]},{\"@type\":\"BreadcrumbList\",\"@id\":\"https:\/\/www.hotelvieuxmoulin.lu\/de\/about-us-2\/#breadcrumb\",\"itemListElement\":[{\"@type\":\"ListItem\",\"position\":1,\"name\":\"Home\",\"item\":\"https:\/\/www.hotelvieuxmoulin.lu\/\"},{\"@type\":\"ListItem\",\"position\":2,\"name\":\"About Us\"}]},{\"@type\":\"WebSite\",\"@id\":\"https:\/\/www.hotelvieuxmoulin.lu\/#website\",\"url\":\"https:\/\/www.hotelvieuxmoulin.lu\/\",\"name\":\"Domaine du Moulin d&#039;Asselborn\",\"description\":\"Regional Luxembourgish hotel tradition\",\"potentialAction\":[{\"@type\":\"SearchAction\",\"target\":{\"@type\":\"EntryPoint\",\"urlTemplate\":\"https:\/\/www.hotelvieuxmoulin.lu\/?s={search_term_string}\"},\"query-input\":\"required name=search_term_string\"}],\"inLanguage\":\"de\"}]}<\/script>\n<!-- \/ Yoast SEO plugin. -->","yoast_head_json":{"title":"About Us - Domaine du Moulin d&#039;Asselborn","robots":{"index":"index","follow":"follow","max-snippet":"max-snippet:-1","max-image-preview":"max-image-preview:large","max-video-preview":"max-video-preview:-1"},"canonical":"https:\/\/www.hotelvieuxmoulin.lu\/de\/about-us-2\/","og_locale":"de_DE","og_type":"article","og_title":"About Us - Domaine du Moulin d&#039;Asselborn","og_url":"https:\/\/www.hotelvieuxmoulin.lu\/de\/about-us-2\/","og_site_name":"Domaine du Moulin d&#039;Asselborn","article_modified_time":"2022-06-18T01:39:42+00:00","twitter_card":"summary_large_image","twitter_misc":{"Gesch\u00e4tzte Lesezeit":"7\u00a0Minuten"},"schema":{"@context":"https:\/\/schema.org","@graph":[{"@type":"WebPage","@id":"https:\/\/www.hotelvieuxmoulin.lu\/de\/about-us-2\/","url":"https:\/\/www.hotelvieuxmoulin.lu\/de\/about-us-2\/","name":"About Us - Domaine du Moulin d&#039;Asselborn","isPartOf":{"@id":"https:\/\/www.hotelvieuxmoulin.lu\/#website"},"datePublished":"2017-07-19T08:15:10+00:00","dateModified":"2022-06-18T01:39:42+00:00","breadcrumb":{"@id":"https:\/\/www.hotelvieuxmoulin.lu\/de\/about-us-2\/#breadcrumb"},"inLanguage":"de","potentialAction":[{"@type":"ReadAction","target":["https:\/\/www.hotelvieuxmoulin.lu\/de\/about-us-2\/"]}]},{"@type":"BreadcrumbList","@id":"https:\/\/www.hotelvieuxmoulin.lu\/de\/about-us-2\/#breadcrumb","itemListElement":[{"@type":"ListItem","position":1,"name":"Home","item":"https:\/\/www.hotelvieuxmoulin.lu\/"},{"@type":"ListItem","position":2,"name":"About Us"}]},{"@type":"WebSite","@id":"https:\/\/www.hotelvieuxmoulin.lu\/#website","url":"https:\/\/www.hotelvieuxmoulin.lu\/","name":"Domaine du Moulin d&#039;Asselborn","description":"Regional Luxembourgish hotel tradition","potentialAction":[{"@type":"SearchAction","target":{"@type":"EntryPoint","urlTemplate":"https:\/\/www.hotelvieuxmoulin.lu\/?s={search_term_string}"},"query-input":"required name=search_term_string"}],"inLanguage":"de"}]}},"_links":{"self":[{"href":"https:\/\/www.hotelvieuxmoulin.lu\/de\/wp-json\/wp\/v2\/pages\/403","targetHints":{"allow":["GET"]}}],"collection":[{"href":"https:\/\/www.hotelvieuxmoulin.lu\/de\/wp-json\/wp\/v2\/pages"}],"about":[{"href":"https:\/\/www.hotelvieuxmoulin.lu\/de\/wp-json\/wp\/v2\/types\/page"}],"author":[{"embeddable":true,"href":"https:\/\/www.hotelvieuxmoulin.lu\/de\/wp-json\/wp\/v2\/users\/1"}],"replies":[{"embeddable":true,"href":"https:\/\/www.hotelvieuxmoulin.lu\/de\/wp-json\/wp\/v2\/comments?post=403"}],"version-history":[{"count":47,"href":"https:\/\/www.hotelvieuxmoulin.lu\/de\/wp-json\/wp\/v2\/pages\/403\/revisions"}],"predecessor-version":[{"id":3371,"href":"https:\/\/www.hotelvieuxmoulin.lu\/de\/wp-json\/wp\/v2\/pages\/403\/revisions\/3371"}],"wp:attachment":[{"href":"https:\/\/www.hotelvieuxmoulin.lu\/de\/wp-json\/wp\/v2\/media?parent=403"}],"curies":[{"name":"wp","href":"https:\/\/api.w.org\/{rel}","templated":true}]}}