{"id":2820,"date":"2020-12-17T14:30:23","date_gmt":"2020-12-17T14:30:23","guid":{"rendered":"http:\/\/utpawdh.cluster031.hosting.ovh.net\/?page_id=2820"},"modified":"2021-08-25T17:02:51","modified_gmt":"2021-08-25T17:02:51","slug":"gift-cards","status":"publish","type":"page","link":"https:\/\/www.hotelvieuxmoulin.lu\/de\/gift-cards\/","title":{"rendered":"Geschenkkarten"},"content":{"rendered":"<div class=\"vc_row wpb_row vc_row-fluid\"><div class=\"wpb_column vc_column_container vc_col-sm-6\"><div class=\"vc_column-inner\"><div class=\"wpb_wrapper\">\n\t<div class=\"wpb_text_column wpb_content_element\" >\n\t\t<div class=\"wpb_wrapper\">\n\t\t\t<p>Eine Geschenkkarte ist das perfekte Geschenk, um diejenigen zu \u00fcberraschen, die Sie lieben. Kaufen Sie eine f\u00fcr sich selbst oder Ihre Freunde, Familie oder Ihre(n) Partner(in) und genie\u00dfen Sie eine tolle Zeit in unserem Hotel.<\/p>\n<p>Alles was Sie tun m\u00fcssen, ist das Formular mit Ihren Informationen auszuf\u00fcllen und wir werden uns mit Ihnen in Verbindung setzen.<\/p>\n\n\t\t<\/div>\n\t<\/div>\n<\/div><\/div><\/div><div class=\"wpb_column vc_column_container vc_col-sm-6\"><div class=\"vc_column-inner\"><div class=\"wpb_wrapper\">\n<div class=\"wpcf7 no-js\" id=\"wpcf7-f2823-o1\" lang=\"en-US\" dir=\"ltr\">\n<div class=\"screen-reader-response\"><p role=\"status\" aria-live=\"polite\" aria-atomic=\"true\"><\/p> <ul><\/ul><\/div>\n<form action=\"\/de\/wp-json\/wp\/v2\/pages\/2820#wpcf7-f2823-o1\" method=\"post\" class=\"wpcf7-form init\" aria-label=\"Contact form\" novalidate=\"novalidate\" data-status=\"init\" data-trp-original-action=\"\/de\/wp-json\/wp\/v2\/pages\/2820#wpcf7-f2823-o1\">\n<div style=\"display: none;\">\n<input type=\"hidden\" name=\"_wpcf7\" value=\"2823\" \/>\n<input type=\"hidden\" name=\"_wpcf7_version\" value=\"5.8.7\" \/>\n<input type=\"hidden\" name=\"_wpcf7_locale\" value=\"en_US\" \/>\n<input type=\"hidden\" name=\"_wpcf7_unit_tag\" value=\"wpcf7-f2823-o1\" \/>\n<input type=\"hidden\" name=\"_wpcf7_container_post\" value=\"0\" \/>\n<input type=\"hidden\" name=\"_wpcf7_posted_data_hash\" value=\"\" \/>\n<\/div>\n<div class=\"nd_options_float_left nd_options_box_sizing_border_box nd_options_width_100_percentage_all_iphone_important nd_options_padding_0_right_important_all_iphone nd_options_padding_0_left_important_all_iphone\" style=\"padding: 0px 10px 15px 0px;width:100%\">\n<\/p>\n<p>Vor- und Nachname:\n<\/p>\n<p><span class=\"wpcf7-form-control-wrap\" data-name=\"fullname\"><\/span><br \/>\n<\/div>\n<div class=\"nd_options_float_left nd_options_box_sizing_border_box nd_options_width_100_percentage_all_iphone_important nd_options_padding_0_right_important_all_iphone nd_options_padding_0_left_important_all_iphone\" style=\"padding: 0px 10px 15px 0px;width:100%\">\n<\/p>\n<p>Email :\n<\/p>\n<p><span class=\"wpcf7-form-control-wrap\" data-name=\"email\"><\/span><br \/>\n<\/div>\n<div class=\"nd_options_float_left nd_options_box_sizing_border_box nd_options_width_100_percentage_all_iphone_important nd_options_padding_0_right_important_all_iphone nd_options_padding_0_left_important_all_iphone\" style=\"padding: 0px 10px 15px 0px;width:100%\">\n<\/p>\n<p>Ihre Adresse:\n<\/p>\n<p><span class=\"wpcf7-form-control-wrap\" data-name=\"address\"><\/span><br \/>\n<\/div>\n<div class=\"nd_options_float_left nd_options_box_sizing_border_box nd_options_width_100_percentage_all_iphone_important nd_options_padding_0_right_important_all_iphone nd_options_padding_0_left_important_all_iphone\" style=\"padding: 0px 10px 15px 0px;width:100%\">\n<\/p>\n<p>Name auf der Geschenkkarte:\n<\/p>\n<p><span class=\"wpcf7-form-control-wrap\" data-name=\"name_giftcard\"><\/span><br \/>\n<\/div>\n<div class=\"nd_options_float_left nd_options_box_sizing_border_box nd_options_width_100_percentage_all_iphone_important nd_options_padding_0_right_important_all_iphone nd_options_padding_0_left_important_all_iphone\" style=\"padding: 0px 10px 15px 0px;width:100%\">\n<\/p>\n<p>Wert der Geschenkkarte:\n<\/p>\n<p><span class=\"wpcf7-form-control-wrap\" data-name=\"value_giftcard\"><\/span><br \/>\n<\/div>\n<div class=\"nd_options_float_left nd_options_box_sizing_border_box nd_options_width_100_percentage_all_iphone_important nd_options_padding_0_right_important_all_iphone nd_options_padding_0_left_important_all_iphone\" style=\"padding: 0px 10px 15px 0px;width:100%\">\n<\/p>\n<p>Nachricht auf der Geschenkkarte (nicht erforderlich):\n<\/p>\n<p><span class=\"wpcf7-form-control-wrap\" data-name=\"message_giftcard\"><textarea cols=\"40\" rows=\"5\" class=\"wpcf7-form-control wpcf7-textarea nd_options_padding_10_20_important nd_options_margin_top_10\" name=\"message_giftcard\"><\/textarea><\/span><br \/>\n<\/div>\n<div class=\"nd_options_float_left nd_options_box_sizing_border_box nd_options_width_100_percentage_all_iphone_important nd_options_padding_0_right_important_all_iphone nd_options_padding_0_left_important_all_iphone\" style=\"padding: 0px 0px 0px 0px;width:30%\"><br \/>\n<br \/>\n<\/div><input type='hidden' class='wpcf7-pum' value='{\"closepopup\":false,\"closedelay\":0,\"openpopup\":false,\"openpopup_id\":0}' \/><div class=\"wpcf7-response-output\" aria-hidden=\"true\"><\/div>\n<input type=\"hidden\" name=\"trp-form-language\" value=\"de\"\/><\/form>\n<\/div>\n<\/div><\/div><\/div><\/div>","protected":false},"excerpt":{"rendered":"A gift card is the perfect gift to surprise the ones you love this year. Buy one for yourself or your friends, family, or your partner and enjoy a great time at our hotel. All you have to do is fill out the form with your information and we will get back in touch with [...]","protected":false},"author":1,"featured_media":0,"parent":0,"menu_order":0,"comment_status":"closed","ping_status":"closed","template":"","meta":{"om_disable_all_campaigns":false,"_monsterinsights_skip_tracking":false,"_monsterinsights_sitenote_active":false,"_monsterinsights_sitenote_note":"","_monsterinsights_sitenote_category":0,"footnotes":""},"class_list":["post-2820","page","type-page","status-publish","hentry"],"yoast_head":"<!-- This site is optimized with the Yoast SEO plugin v21.9.1 - https:\/\/yoast.com\/wordpress\/plugins\/seo\/ -->\n<title>Gift cards - Domaine du Moulin d&#039;Asselborn<\/title>\n<meta name=\"robots\" content=\"index, follow, max-snippet:-1, max-image-preview:large, max-video-preview:-1\" \/>\n<link rel=\"canonical\" href=\"https:\/\/www.hotelvieuxmoulin.lu\/de\/gift-cards\/\" \/>\n<meta property=\"og:locale\" content=\"de_DE\" \/>\n<meta property=\"og:type\" content=\"article\" \/>\n<meta property=\"og:title\" content=\"Gift cards - Domaine du Moulin d&#039;Asselborn\" \/>\n<meta property=\"og:url\" content=\"https:\/\/www.hotelvieuxmoulin.lu\/de\/gift-cards\/\" \/>\n<meta property=\"og:site_name\" content=\"Domaine du Moulin d&#039;Asselborn\" \/>\n<meta property=\"article:modified_time\" content=\"2021-08-25T17:02:51+00:00\" \/>\n<meta name=\"twitter:card\" content=\"summary_large_image\" \/>\n<script type=\"application\/ld+json\" class=\"yoast-schema-graph\">{\"@context\":\"https:\/\/schema.org\",\"@graph\":[{\"@type\":\"WebPage\",\"@id\":\"https:\/\/www.hotelvieuxmoulin.lu\/gift-cards\/\",\"url\":\"https:\/\/www.hotelvieuxmoulin.lu\/gift-cards\/\",\"name\":\"Gift cards - Domaine du Moulin d&#039;Asselborn\",\"isPartOf\":{\"@id\":\"https:\/\/www.hotelvieuxmoulin.lu\/#website\"},\"datePublished\":\"2020-12-17T14:30:23+00:00\",\"dateModified\":\"2021-08-25T17:02:51+00:00\",\"breadcrumb\":{\"@id\":\"https:\/\/www.hotelvieuxmoulin.lu\/gift-cards\/#breadcrumb\"},\"inLanguage\":\"de\",\"potentialAction\":[{\"@type\":\"ReadAction\",\"target\":[\"https:\/\/www.hotelvieuxmoulin.lu\/gift-cards\/\"]}]},{\"@type\":\"BreadcrumbList\",\"@id\":\"https:\/\/www.hotelvieuxmoulin.lu\/gift-cards\/#breadcrumb\",\"itemListElement\":[{\"@type\":\"ListItem\",\"position\":1,\"name\":\"Home\",\"item\":\"https:\/\/www.hotelvieuxmoulin.lu\/\"},{\"@type\":\"ListItem\",\"position\":2,\"name\":\"Gift cards\"}]},{\"@type\":\"WebSite\",\"@id\":\"https:\/\/www.hotelvieuxmoulin.lu\/#website\",\"url\":\"https:\/\/www.hotelvieuxmoulin.lu\/\",\"name\":\"Domaine du Moulin d&#039;Asselborn\",\"description\":\"Regional Luxembourgish hotel tradition\",\"potentialAction\":[{\"@type\":\"SearchAction\",\"target\":{\"@type\":\"EntryPoint\",\"urlTemplate\":\"https:\/\/www.hotelvieuxmoulin.lu\/?s={search_term_string}\"},\"query-input\":\"required name=search_term_string\"}],\"inLanguage\":\"de\"}]}<\/script>\n<!-- \/ Yoast SEO plugin. -->","yoast_head_json":{"title":"Gift cards - Domaine du Moulin d&#039;Asselborn","robots":{"index":"index","follow":"follow","max-snippet":"max-snippet:-1","max-image-preview":"max-image-preview:large","max-video-preview":"max-video-preview:-1"},"canonical":"https:\/\/www.hotelvieuxmoulin.lu\/de\/gift-cards\/","og_locale":"de_DE","og_type":"article","og_title":"Gift cards - Domaine du Moulin d&#039;Asselborn","og_url":"https:\/\/www.hotelvieuxmoulin.lu\/de\/gift-cards\/","og_site_name":"Domaine du Moulin d&#039;Asselborn","article_modified_time":"2021-08-25T17:02:51+00:00","twitter_card":"summary_large_image","schema":{"@context":"https:\/\/schema.org","@graph":[{"@type":"WebPage","@id":"https:\/\/www.hotelvieuxmoulin.lu\/gift-cards\/","url":"https:\/\/www.hotelvieuxmoulin.lu\/gift-cards\/","name":"Gift cards - Domaine du Moulin d&#039;Asselborn","isPartOf":{"@id":"https:\/\/www.hotelvieuxmoulin.lu\/#website"},"datePublished":"2020-12-17T14:30:23+00:00","dateModified":"2021-08-25T17:02:51+00:00","breadcrumb":{"@id":"https:\/\/www.hotelvieuxmoulin.lu\/gift-cards\/#breadcrumb"},"inLanguage":"de","potentialAction":[{"@type":"ReadAction","target":["https:\/\/www.hotelvieuxmoulin.lu\/gift-cards\/"]}]},{"@type":"BreadcrumbList","@id":"https:\/\/www.hotelvieuxmoulin.lu\/gift-cards\/#breadcrumb","itemListElement":[{"@type":"ListItem","position":1,"name":"Home","item":"https:\/\/www.hotelvieuxmoulin.lu\/"},{"@type":"ListItem","position":2,"name":"Gift cards"}]},{"@type":"WebSite","@id":"https:\/\/www.hotelvieuxmoulin.lu\/#website","url":"https:\/\/www.hotelvieuxmoulin.lu\/","name":"Domaine du Moulin d&#039;Asselborn","description":"Regional Luxembourgish hotel tradition","potentialAction":[{"@type":"SearchAction","target":{"@type":"EntryPoint","urlTemplate":"https:\/\/www.hotelvieuxmoulin.lu\/?s={search_term_string}"},"query-input":"required name=search_term_string"}],"inLanguage":"de"}]}},"_links":{"self":[{"href":"https:\/\/www.hotelvieuxmoulin.lu\/de\/wp-json\/wp\/v2\/pages\/2820","targetHints":{"allow":["GET"]}}],"collection":[{"href":"https:\/\/www.hotelvieuxmoulin.lu\/de\/wp-json\/wp\/v2\/pages"}],"about":[{"href":"https:\/\/www.hotelvieuxmoulin.lu\/de\/wp-json\/wp\/v2\/types\/page"}],"author":[{"embeddable":true,"href":"https:\/\/www.hotelvieuxmoulin.lu\/de\/wp-json\/wp\/v2\/users\/1"}],"replies":[{"embeddable":true,"href":"https:\/\/www.hotelvieuxmoulin.lu\/de\/wp-json\/wp\/v2\/comments?post=2820"}],"version-history":[{"count":6,"href":"https:\/\/www.hotelvieuxmoulin.lu\/de\/wp-json\/wp\/v2\/pages\/2820\/revisions"}],"predecessor-version":[{"id":2832,"href":"https:\/\/www.hotelvieuxmoulin.lu\/de\/wp-json\/wp\/v2\/pages\/2820\/revisions\/2832"}],"wp:attachment":[{"href":"https:\/\/www.hotelvieuxmoulin.lu\/de\/wp-json\/wp\/v2\/media?parent=2820"}],"curies":[{"name":"wp","href":"https:\/\/api.w.org\/{rel}","templated":true}]}}