{"id":2638,"date":"2019-08-24T16:56:55","date_gmt":"2019-08-24T16:56:55","guid":{"rendered":"http:\/\/utpawdh.cluster031.hosting.ovh.net\/?page_id=2638"},"modified":"2022-07-21T16:21:19","modified_gmt":"2022-07-21T16:21:19","slug":"privacy-policy","status":"publish","type":"page","link":"https:\/\/www.hotelvieuxmoulin.lu\/de\/privacy-policy\/","title":{"rendered":"Datenschutz"},"content":{"rendered":"<div class=\"vc_row wpb_row vc_row-fluid\"><div class=\"wpb_column vc_column_container vc_col-sm-12\"><div class=\"vc_column-inner\"><div class=\"wpb_wrapper\">\n\t<div class=\"wpb_text_column wpb_content_element\" >\n\t\t<div class=\"wpb_wrapper\">\n\t\t\t<p>Das Hotel Domaine du Moulin d'Asselborn ist bestrebt, die GDPR-Richtlinien zu erf\u00fcllen. Wir sammeln Cookie-Informationen \u00fcber unsere Besucher aus folgenden Gr\u00fcnden:<\/p>\n<ul style=\"padding: 10px 0 10px 20px;\">\n<li>statistische Zwecke, um zu erfassen, wie viele Benutzer wir haben und wie oft Sie unsere Website besuchen<\/li>\n<li>Sammlung von Informationen zur \u00dcberwachung des Verhaltens auf der Website und zur Verbesserung unserer Dienste<\/li>\n<\/ul>\n<p>Wir \u00fcberwachen keine individuellen Verkehrsmuster auf unserer Website und werden unser M\u00f6glichstes tun, um Ihre Privatsph\u00e4re zu respektieren.<\/p>\n<h2 style=\"padding: 10px 0;\">Informationssammlung<\/h2>\n<p>Wir erfassen Informationen \u00fcber unsere Nutzer \u00fcber Google Analytics und wenn Sie sich f\u00fcr unseren Newsletter anmelden. Wenn Sie sich in der Vergangenheit oder Zukunft f\u00fcr unseren Newsletter angemeldet haben oder uns Ihre E-Mail-Adresse aus einem anderen Grund mitgeteilt haben, werden wir Ihre Daten weder verkaufen noch an andere Unternehmen weitergeben.<\/p>\n<h2 style=\"padding: 10px 0;\">Wie sch\u00fctzen wir Ihre Daten?<\/h2>\n<p>Ihre pers\u00f6nlichen Daten befinden sich in gesicherten Netzwerken und sind nur einer begrenzten Anzahl von Personen zug\u00e4nglich, die \u00fcber besondere Zugriffsrechte auf solche Systeme verf\u00fcgen und zur Geheimhaltung der Informationen verpflichtet sind. Dar\u00fcber hinaus werden alle von Ihnen bereitgestellten Informationen mithilfe der SSL-Technologie (Secure Socket Layer) verschl\u00fcsselt. Wir ergreifen eine Reihe von Sicherheitsma\u00dfnahmen, wenn ein Benutzer Daten eingibt, \u00fcbermittelt oder auf diese zugreift, um die Sicherheit Ihrer pers\u00f6nlichen Daten zu gew\u00e4hrleisten. Es kann jedoch keine 100% sichere Online-Daten\u00fcbertragung garantiert werden.<\/p>\n<h2 style=\"padding: 10px 0;\">Was ist ein Cookie?<\/h2>\n<p>Ein Cookie ist eine kleine Textdatei mit Daten, die von Ihrem Browser auf Ihrem Computer gespeichert werden. Wenn Sie die Website ein weiteres Mal besuchen, wird durch ein Cookie sichergestellt, dass Ihr Browser erkannt wird. Beispielsweise k\u00f6nnen Ihre Einstellungen f\u00fcr Anmeldungen beibehalten werden, oder auf der Website werden Informationen angezeigt, die Sie m\u00f6glicherweise deutlicher interessieren. Cookies k\u00f6nnen auch zu statistischen Zwecken verwendet werden. Cookies sind immer anonym und Ihre pers\u00f6nlichen Daten werden erst bekannt, wenn Sie sie verlassen.<\/p>\n<h2 style=\"padding: 10px 0;\">Drittanbieter<\/h2>\n<p>Drittanbieter wie Google Analytics, Facebook Pixels oder Sendinblue generieren statistische Cookies, um Werbeimpressionen und -ums\u00e4tze zu verfolgen. Die Verwendung von Cookies durch Dritte unterliegt den Datenschutz- und Cookie-Richtlinien dieser Unternehmen. Weitere Informationen zu den <a href=\"https:\/\/policies.google.com\/privacy?hl=en\" target=\"_blank\" rel=\"noopener noreferrer\">Datenschutzbestimmungen von Google<\/a>erhalten Sie \u00fcber den Link. Hier ist auch eine Chrome-Erweiterung, die Google entwickelt hat, um die Deaktivierung seines Analytics-Programms zu erm\u00f6glichen: <a href=\"https:\/\/tools.google.com\/dlpage\/gaoptout?hl=en\" target=\"_blank\" rel=\"noopener noreferrer\">tools.google.com\/dlpage\/gaoptout?hl=en<\/a>.<\/p>\n<h2 style=\"padding: 10px 0;\">Wie kann ich mich abmelden?<\/h2>\n<p>Leser k\u00f6nnen sich mit den folgenden Methoden von Online-Verhaltenswerbung abmelden: Verwenden Sie das Online-Auswahl-Abmeldetool unter <a href=\"https:\/\/www.youronlinechoices.com\/opt-out-interface\" target=\"_blank\" rel=\"noopener noreferrer\">www.youronlinechoices.com\/opt-out<\/a>. Oder \u00e4ndern Sie die Browsereinstellungen Ihres Computers, um die Verwendung aller Cookies von Drittanbietern zu blockieren, zu l\u00f6schen und \/ oder zu steuern. Weitere Informationen finden Sie in der Dokumentation zum Webbrowser Ihres Computers.<\/p>\n<h2 style=\"padding: 10px 0;\">Soziale Medien<\/h2>\n<p>Auf der Website von Domaine du Moulin d'Asselborn k\u00f6nnen Sie Informationen \u00fcber soziale Medien \u00fcber die verf\u00fcgbaren Schaltfl\u00e4chen f\u00fcr soziale Medien austauschen. \u00dcber diese Buttons k\u00f6nnen die relevanten Social Media Cookies setzen. Wir haben keinen Einfluss auf die Verwendung dieser Cookies durch diese Parteien. Sie sind f\u00fcr die Verwendung und Bereitstellung der auf diese Weise erhaltenen Daten verantwortlich. F\u00fcr diese Nutzung gelten die Datenschutzbestimmungen sowie die Allgemeinen Gesch\u00e4ftsbedingungen der beteiligten Social-Media-Plattformen. Nachfolgend finden Sie die Datenschutzrichtlinien der relevanten Social Media-Plattformen:<\/p>\n<ul style=\"padding: 10px 0 10px 20px;\">\n<li><a href=\"https:\/\/www.facebook.com\/policy.php\" target=\"_blank\" rel=\"noopener noreferrer\">Facebook<\/a><\/li>\n<li><a href=\"https:\/\/www.facebook.com\/policy.php\" target=\"_blank\" rel=\"noopener noreferrer\">Instagram<\/a><\/li>\n<\/ul>\n<h2 style=\"padding: 10px 0;\">Fragen<\/h2>\n<p>Wenn Sie Fragen zu unserer Datenschutzerkl\u00e4rung oder zur Verwendung Ihrer Daten haben, k\u00f6nnen Sie sich direkt \u00fcber die folgende E-Mail-Adresse an uns wenden: <a href=\"mailto:resa@hotelvieuxmoulin.lu\">resa@hotelvieuxmoulin.lu<\/a>.<\/p>\n\n\t\t<\/div>\n\t<\/div>\n<\/div><\/div><\/div><\/div>","protected":false},"excerpt":{"rendered":"Hotel Domaine du Moulin d'Asselborn aims to be fully GDPR compliant. We collect cookie information about our visitors for a few reasons: statistical purposes to track how many users we have and how often you visit our website collection of information to monitor behavior on the site and improve our services We do not monitor [...]","protected":false},"author":1,"featured_media":0,"parent":0,"menu_order":0,"comment_status":"closed","ping_status":"closed","template":"","meta":{"om_disable_all_campaigns":false,"_monsterinsights_skip_tracking":false,"_monsterinsights_sitenote_active":false,"_monsterinsights_sitenote_note":"","_monsterinsights_sitenote_category":0,"footnotes":""},"class_list":["post-2638","page","type-page","status-publish","hentry"],"yoast_head":"<!-- This site is optimized with the Yoast SEO plugin v21.9.1 - https:\/\/yoast.com\/wordpress\/plugins\/seo\/ -->\n<title>Privacy Policy - Domaine du Moulin d&#039;Asselborn<\/title>\n<meta name=\"robots\" content=\"index, follow, max-snippet:-1, max-image-preview:large, max-video-preview:-1\" \/>\n<link rel=\"canonical\" href=\"https:\/\/www.hotelvieuxmoulin.lu\/de\/privacy-policy\/\" \/>\n<meta property=\"og:locale\" content=\"de_DE\" \/>\n<meta property=\"og:type\" content=\"article\" \/>\n<meta property=\"og:title\" content=\"Privacy Policy - Domaine du Moulin d&#039;Asselborn\" \/>\n<meta property=\"og:url\" content=\"https:\/\/www.hotelvieuxmoulin.lu\/de\/privacy-policy\/\" \/>\n<meta property=\"og:site_name\" content=\"Domaine du Moulin d&#039;Asselborn\" \/>\n<meta property=\"article:modified_time\" content=\"2022-07-21T16:21:19+00:00\" \/>\n<meta name=\"twitter:card\" content=\"summary_large_image\" \/>\n<meta name=\"twitter:label1\" content=\"Gesch\u00e4tzte Lesezeit\" \/>\n\t<meta name=\"twitter:data1\" content=\"3\u00a0Minuten\" \/>\n<script type=\"application\/ld+json\" class=\"yoast-schema-graph\">{\"@context\":\"https:\/\/schema.org\",\"@graph\":[{\"@type\":\"WebPage\",\"@id\":\"https:\/\/www.hotelvieuxmoulin.lu\/privacy-policy\/\",\"url\":\"https:\/\/www.hotelvieuxmoulin.lu\/privacy-policy\/\",\"name\":\"Privacy Policy - Domaine du Moulin d&#039;Asselborn\",\"isPartOf\":{\"@id\":\"https:\/\/www.hotelvieuxmoulin.lu\/#website\"},\"datePublished\":\"2019-08-24T16:56:55+00:00\",\"dateModified\":\"2022-07-21T16:21:19+00:00\",\"breadcrumb\":{\"@id\":\"https:\/\/www.hotelvieuxmoulin.lu\/privacy-policy\/#breadcrumb\"},\"inLanguage\":\"de\",\"potentialAction\":[{\"@type\":\"ReadAction\",\"target\":[\"https:\/\/www.hotelvieuxmoulin.lu\/privacy-policy\/\"]}]},{\"@type\":\"BreadcrumbList\",\"@id\":\"https:\/\/www.hotelvieuxmoulin.lu\/privacy-policy\/#breadcrumb\",\"itemListElement\":[{\"@type\":\"ListItem\",\"position\":1,\"name\":\"Home\",\"item\":\"https:\/\/www.hotelvieuxmoulin.lu\/\"},{\"@type\":\"ListItem\",\"position\":2,\"name\":\"Privacy Policy\"}]},{\"@type\":\"WebSite\",\"@id\":\"https:\/\/www.hotelvieuxmoulin.lu\/#website\",\"url\":\"https:\/\/www.hotelvieuxmoulin.lu\/\",\"name\":\"Domaine du Moulin d&#039;Asselborn\",\"description\":\"Regional Luxembourgish hotel tradition\",\"potentialAction\":[{\"@type\":\"SearchAction\",\"target\":{\"@type\":\"EntryPoint\",\"urlTemplate\":\"https:\/\/www.hotelvieuxmoulin.lu\/?s={search_term_string}\"},\"query-input\":\"required name=search_term_string\"}],\"inLanguage\":\"de\"}]}<\/script>\n<!-- \/ Yoast SEO plugin. -->","yoast_head_json":{"title":"Privacy Policy - Domaine du Moulin d&#039;Asselborn","robots":{"index":"index","follow":"follow","max-snippet":"max-snippet:-1","max-image-preview":"max-image-preview:large","max-video-preview":"max-video-preview:-1"},"canonical":"https:\/\/www.hotelvieuxmoulin.lu\/de\/privacy-policy\/","og_locale":"de_DE","og_type":"article","og_title":"Privacy Policy - Domaine du Moulin d&#039;Asselborn","og_url":"https:\/\/www.hotelvieuxmoulin.lu\/de\/privacy-policy\/","og_site_name":"Domaine du Moulin d&#039;Asselborn","article_modified_time":"2022-07-21T16:21:19+00:00","twitter_card":"summary_large_image","twitter_misc":{"Gesch\u00e4tzte Lesezeit":"3\u00a0Minuten"},"schema":{"@context":"https:\/\/schema.org","@graph":[{"@type":"WebPage","@id":"https:\/\/www.hotelvieuxmoulin.lu\/privacy-policy\/","url":"https:\/\/www.hotelvieuxmoulin.lu\/privacy-policy\/","name":"Privacy Policy - Domaine du Moulin d&#039;Asselborn","isPartOf":{"@id":"https:\/\/www.hotelvieuxmoulin.lu\/#website"},"datePublished":"2019-08-24T16:56:55+00:00","dateModified":"2022-07-21T16:21:19+00:00","breadcrumb":{"@id":"https:\/\/www.hotelvieuxmoulin.lu\/privacy-policy\/#breadcrumb"},"inLanguage":"de","potentialAction":[{"@type":"ReadAction","target":["https:\/\/www.hotelvieuxmoulin.lu\/privacy-policy\/"]}]},{"@type":"BreadcrumbList","@id":"https:\/\/www.hotelvieuxmoulin.lu\/privacy-policy\/#breadcrumb","itemListElement":[{"@type":"ListItem","position":1,"name":"Home","item":"https:\/\/www.hotelvieuxmoulin.lu\/"},{"@type":"ListItem","position":2,"name":"Privacy Policy"}]},{"@type":"WebSite","@id":"https:\/\/www.hotelvieuxmoulin.lu\/#website","url":"https:\/\/www.hotelvieuxmoulin.lu\/","name":"Domaine du Moulin d&#039;Asselborn","description":"Regional Luxembourgish hotel tradition","potentialAction":[{"@type":"SearchAction","target":{"@type":"EntryPoint","urlTemplate":"https:\/\/www.hotelvieuxmoulin.lu\/?s={search_term_string}"},"query-input":"required name=search_term_string"}],"inLanguage":"de"}]}},"_links":{"self":[{"href":"https:\/\/www.hotelvieuxmoulin.lu\/de\/wp-json\/wp\/v2\/pages\/2638","targetHints":{"allow":["GET"]}}],"collection":[{"href":"https:\/\/www.hotelvieuxmoulin.lu\/de\/wp-json\/wp\/v2\/pages"}],"about":[{"href":"https:\/\/www.hotelvieuxmoulin.lu\/de\/wp-json\/wp\/v2\/types\/page"}],"author":[{"embeddable":true,"href":"https:\/\/www.hotelvieuxmoulin.lu\/de\/wp-json\/wp\/v2\/users\/1"}],"replies":[{"embeddable":true,"href":"https:\/\/www.hotelvieuxmoulin.lu\/de\/wp-json\/wp\/v2\/comments?post=2638"}],"version-history":[{"count":5,"href":"https:\/\/www.hotelvieuxmoulin.lu\/de\/wp-json\/wp\/v2\/pages\/2638\/revisions"}],"predecessor-version":[{"id":3404,"href":"https:\/\/www.hotelvieuxmoulin.lu\/de\/wp-json\/wp\/v2\/pages\/2638\/revisions\/3404"}],"wp:attachment":[{"href":"https:\/\/www.hotelvieuxmoulin.lu\/de\/wp-json\/wp\/v2\/media?parent=2638"}],"curies":[{"name":"wp","href":"https:\/\/api.w.org\/{rel}","templated":true}]}}