{"id":2636,"date":"2019-08-24T16:56:32","date_gmt":"2019-08-24T16:56:32","guid":{"rendered":"http:\/\/utpawdh.cluster031.hosting.ovh.net\/?page_id=2636"},"modified":"2022-07-21T16:22:30","modified_gmt":"2022-07-21T16:22:30","slug":"impressum","status":"publish","type":"page","link":"https:\/\/www.hotelvieuxmoulin.lu\/de\/impressum\/","title":{"rendered":"Impressum"},"content":{"rendered":"<div class=\"vc_row wpb_row vc_row-fluid\"><div class=\"wpb_column vc_column_container vc_col-sm-12\"><div class=\"vc_column-inner\"><div class=\"wpb_wrapper\">\n\t<div class=\"wpb_text_column wpb_content_element\" >\n\t\t<div class=\"wpb_wrapper\">\n\t\t\t<h2 style=\"padding: 10px 0;\">Unternehmen:<\/h2>\n<address style=\"padding: 10px 0;\">Hotel Domaine du Moulin d&#8217;Asselborn<\/address>\n<address style=\"padding: 10px 0;\">Robert Nilles<\/address>\n<address style=\"padding: 10px 0;\"><a style=\"color: #000;\" href=\"https:\/\/goo.gl\/maps\/M8DFNUs6vmWZuU6u6\" target=\"_blank\" rel=\"noreferrer noopener\">Op der Millen 1, L-9940 Asselborn<\/a><\/address>\n<h2 style=\"padding: 10px 0;\">Contact:<\/h2>\n<p>Telefon:\u00a0<a href=\"tel: 352998616\">+352 99 86 16<\/a><\/p>\n<p>Fax:\u00a0+352 99 86 17<\/p>\n<p>Email:\u00a0<a href=\"mailto:resa@hotelvieuxmoulin.lu\">resa@hotelvieuxmoulin.lu<\/a><\/p>\n<p>Website:\u00a0<a href=\"http:\/\/utpawdh.cluster031.hosting.ovh.net\/\">www.hotelvieuxmoulin.lu<\/a><\/p>\n<h2 style=\"padding: 10px 0;\">Haftungsausschluss:<\/h2>\n<h2 style=\"padding: 10px 0;\">Haftung f\u00fcr Inhalte:<\/h2>\n<p style=\"padding-bottom: 10px;\">Die Inhalte unserer Seiten wurden mit gr\u00f6\u00dfter Sorgfalt erstellt. F\u00fcr die Richtigkeit, Vollst\u00e4ndigkeit und Aktualit\u00e4t der Inhalte k\u00f6nnen wir jedoch keine Gew\u00e4hr \u00fcbernehmen. Als Diensteanbieter sind wir gem\u00e4\u00df den allgemeinen Gesetzen f\u00fcr eigene Inhalte auf diesen Seiten verantwortlich. Wir sind jedoch nicht verpflichtet, \u00fcbermittelte oder gespeicherte fremde Informationen zu \u00fcberwachen oder nach Umst\u00e4nden zu forschen, die auf eine rechtswidrige T\u00e4tigkeit hinweisen. Verpflichtungen zur Entfernung oder Sperrung der Nutzung von Informationen nach den allgemeinen Gesetzen bleiben hiervon unber\u00fchrt. Eine diesbez\u00fcgliche Haftung ist jedoch erst ab dem Zeitpunkt der Kenntnis einer konkreten Rechtsverletzung m\u00f6glich. Bei bekannt werden von entsprechenden Rechtsverletzungen werden wir diese Inhalte umgehend entfernen.<\/p>\n<p>Our website was created in collaboration with RegiOtels, a company that helps small and medium-sized independent hotels in terms of Digital Marketing, Revenue Management, and Sales &amp; Marketing. If you&#8217;d like to know more about their services, please visit their website (<a href=\"https:\/\/www.regiotels.com\" target=\"_blank\" rel=\"noreferrer noopener\">regiotels.com<\/a>) oder kontaktieren Sie sie direkt \u00fcber die folgende E-Mail-Adresse: <a href=\"mailto:info@regiotels.com\">info@regiotels.com<\/a>.<\/p>\n<h2 style=\"padding: 10px 0;\">Haftung f\u00fcr Links:<\/h2>\n<p style=\"padding: 10px 0;\">Unser Angebot enth\u00e4lt Links zu externen Webseiten Dritter, auf deren Inhalte wir keinen Einfluss haben. Deshalb k\u00f6nnen wir f\u00fcr diese fremden Inhalte auch keine Gew\u00e4hr \u00fcbernehmen. F\u00fcr die Inhalte der verlinkten Seiten ist stets der jeweilige Anbieter oder Betreiber der Seiten verantwortlich. Die verlinkten Seiten wurden zum Zeitpunkt der Verlinkung auf m\u00f6gliche Rechtsverst\u00f6\u00dfe \u00fcberpr\u00fcft. Rechtswidrige Inhalte waren zum Zeitpunkt der Verlinkung nicht erkennbar. Eine permanente inhaltliche Kontrolle der verlinkten Seiten ist jedoch ohne konkrete Anhaltspunkte einer Rechtsverletzung nicht zumutbar. Bei Bekanntwerden von Rechtsverletzungen werden wir derartige Links umgehend entfernen.<\/p>\n<h2 style=\"padding: 10px 0;\">Urheberrechte:<\/h2>\n<p style=\"padding: 10px 0;\">Die durch die Seitenbetreiber erstellten Inhalte und Werke auf diesen Seiten unterliegen dem luxemburgischen Urheberrecht. Die Vervielf\u00e4ltigung, Bearbeitung, Verbreitung und jede Art der Verwertung au\u00dferhalb der Grenzen des Urheberrechtes bed\u00fcrfen der schriftlichen Zustimmung des jeweiligen Autors bzw. Erstellers. Downloads und Kopien dieser Seite und des Inhalts sind nicht gestattet. Soweit die Inhalte auf dieser Seite nicht vom Betreiber erstellt wurden, werden die Urheberrechte Dritter beachtet. Insbesondere werden Inhalte Dritter als solche gekennzeichnet. Sollten Sie trotzdem auf eine Urheberrechtsverletzung aufmerksam werden, bitten wir um einen Hinweis. Bei Bekanntwerden von Rechtsverletzungen werden wir derartige Inhalte umgehend entfernen.<\/p>\n<h2 style=\"padding: 10px 0;\">Haftung f\u00fcr Fotos:<\/h2>\n<p style=\"padding: 10px 0;\">Alle Bilder auf dieser Website wurden entweder von einem professionellen Fotografen gemacht im Auftrag von <a href=\"https:\/\/www.regiotels.com\" target=\"_blank\" rel=\"noreferrer noopener\">RegiOtels<\/a> oder wurden vom Hotelpersonal selbst genommen. Bei Fragen zur Lizenzierung von Bildern oder \u00c4hnlichem bitten wir Sie, sich unter der folgenden E-Mail-Adresse an RegiOtels zu wenden: <a href=\"mailto:info@regiotels.com?subject=Photographs\">info@regiotels.com<\/a>.<\/p>\n<p style=\"padding: 10px 0;\">Die Bilder auf unserer Seite \"Sehensw\u00fcrdigkeiten\" stammen von <a href=\"https:\/\/www.visitluxembourg.com\/en\" target=\"_blank\" rel=\"noreferrer noopener\">visitluxembourg.com<\/a> oder anderen Websites, die diese Bilder ohne Lizenz anbieten.<\/p>\n<h2 style=\"padding: 10px 0;\">Datenschutz:<\/h2>\n<p style=\"padding: 10px 0;\">Weitere Informationen zu unseren Datenschutzbestimmungen finden Sie auf unserer\u00a0<a href=\"http:\/\/utpawdh.cluster031.hosting.ovh.net\/privacy-policy\/\">Seite mit Datenschutzbestimmungen<\/a>.<\/p>\n\n\t\t<\/div>\n\t<\/div>\n<\/div><\/div><\/div><\/div>","protected":false},"excerpt":{"rendered":"Company: Hotel Domaine du Moulin d'Asselborn Robert Nilles Op der Millen 1, L-9940 Asselborn Contact: Telephone:\u00a0+352 99 86 16 Fax:\u00a0+352 99 86 17 Email:\u00a0resa@hotelvieuxmoulin.lu Website:\u00a0www.hotelvieuxmoulin.lu Disclaimer: Liability for content: The contents of our pages were created with great care. However, we can not guarantee for the accuracy, completeness and currentness of the content. As a [...]","protected":false},"author":1,"featured_media":0,"parent":0,"menu_order":0,"comment_status":"closed","ping_status":"closed","template":"","meta":{"om_disable_all_campaigns":false,"_monsterinsights_skip_tracking":false,"_monsterinsights_sitenote_active":false,"_monsterinsights_sitenote_note":"","_monsterinsights_sitenote_category":0,"footnotes":""},"class_list":["post-2636","page","type-page","status-publish","hentry"],"yoast_head":"<!-- This site is optimized with the Yoast SEO plugin v21.9.1 - https:\/\/yoast.com\/wordpress\/plugins\/seo\/ -->\n<title>Impressum - Domaine du Moulin d&#039;Asselborn<\/title>\n<meta name=\"robots\" content=\"index, follow, max-snippet:-1, max-image-preview:large, max-video-preview:-1\" \/>\n<link rel=\"canonical\" href=\"https:\/\/www.hotelvieuxmoulin.lu\/de\/impressum\/\" \/>\n<meta property=\"og:locale\" content=\"de_DE\" \/>\n<meta property=\"og:type\" content=\"article\" \/>\n<meta property=\"og:title\" content=\"Impressum - Domaine du Moulin d&#039;Asselborn\" \/>\n<meta property=\"og:url\" content=\"https:\/\/www.hotelvieuxmoulin.lu\/de\/impressum\/\" \/>\n<meta property=\"og:site_name\" content=\"Domaine du Moulin d&#039;Asselborn\" \/>\n<meta property=\"article:modified_time\" content=\"2022-07-21T16:22:30+00:00\" \/>\n<meta name=\"twitter:card\" content=\"summary_large_image\" \/>\n<meta name=\"twitter:label1\" content=\"Gesch\u00e4tzte Lesezeit\" \/>\n\t<meta name=\"twitter:data1\" content=\"3\u00a0Minuten\" \/>\n<script type=\"application\/ld+json\" class=\"yoast-schema-graph\">{\"@context\":\"https:\/\/schema.org\",\"@graph\":[{\"@type\":\"WebPage\",\"@id\":\"https:\/\/www.hotelvieuxmoulin.lu\/impressum\/\",\"url\":\"https:\/\/www.hotelvieuxmoulin.lu\/impressum\/\",\"name\":\"Impressum - Domaine du Moulin d&#039;Asselborn\",\"isPartOf\":{\"@id\":\"https:\/\/www.hotelvieuxmoulin.lu\/#website\"},\"datePublished\":\"2019-08-24T16:56:32+00:00\",\"dateModified\":\"2022-07-21T16:22:30+00:00\",\"breadcrumb\":{\"@id\":\"https:\/\/www.hotelvieuxmoulin.lu\/impressum\/#breadcrumb\"},\"inLanguage\":\"de\",\"potentialAction\":[{\"@type\":\"ReadAction\",\"target\":[\"https:\/\/www.hotelvieuxmoulin.lu\/impressum\/\"]}]},{\"@type\":\"BreadcrumbList\",\"@id\":\"https:\/\/www.hotelvieuxmoulin.lu\/impressum\/#breadcrumb\",\"itemListElement\":[{\"@type\":\"ListItem\",\"position\":1,\"name\":\"Home\",\"item\":\"https:\/\/www.hotelvieuxmoulin.lu\/\"},{\"@type\":\"ListItem\",\"position\":2,\"name\":\"Impressum\"}]},{\"@type\":\"WebSite\",\"@id\":\"https:\/\/www.hotelvieuxmoulin.lu\/#website\",\"url\":\"https:\/\/www.hotelvieuxmoulin.lu\/\",\"name\":\"Domaine du Moulin d&#039;Asselborn\",\"description\":\"Regional Luxembourgish hotel tradition\",\"potentialAction\":[{\"@type\":\"SearchAction\",\"target\":{\"@type\":\"EntryPoint\",\"urlTemplate\":\"https:\/\/www.hotelvieuxmoulin.lu\/?s={search_term_string}\"},\"query-input\":\"required name=search_term_string\"}],\"inLanguage\":\"de\"}]}<\/script>\n<!-- \/ Yoast SEO plugin. -->","yoast_head_json":{"title":"Impressum - Domaine du Moulin d&#039;Asselborn","robots":{"index":"index","follow":"follow","max-snippet":"max-snippet:-1","max-image-preview":"max-image-preview:large","max-video-preview":"max-video-preview:-1"},"canonical":"https:\/\/www.hotelvieuxmoulin.lu\/de\/impressum\/","og_locale":"de_DE","og_type":"article","og_title":"Impressum - Domaine du Moulin d&#039;Asselborn","og_url":"https:\/\/www.hotelvieuxmoulin.lu\/de\/impressum\/","og_site_name":"Domaine du Moulin d&#039;Asselborn","article_modified_time":"2022-07-21T16:22:30+00:00","twitter_card":"summary_large_image","twitter_misc":{"Gesch\u00e4tzte Lesezeit":"3\u00a0Minuten"},"schema":{"@context":"https:\/\/schema.org","@graph":[{"@type":"WebPage","@id":"https:\/\/www.hotelvieuxmoulin.lu\/impressum\/","url":"https:\/\/www.hotelvieuxmoulin.lu\/impressum\/","name":"Impressum - Domaine du Moulin d&#039;Asselborn","isPartOf":{"@id":"https:\/\/www.hotelvieuxmoulin.lu\/#website"},"datePublished":"2019-08-24T16:56:32+00:00","dateModified":"2022-07-21T16:22:30+00:00","breadcrumb":{"@id":"https:\/\/www.hotelvieuxmoulin.lu\/impressum\/#breadcrumb"},"inLanguage":"de","potentialAction":[{"@type":"ReadAction","target":["https:\/\/www.hotelvieuxmoulin.lu\/impressum\/"]}]},{"@type":"BreadcrumbList","@id":"https:\/\/www.hotelvieuxmoulin.lu\/impressum\/#breadcrumb","itemListElement":[{"@type":"ListItem","position":1,"name":"Home","item":"https:\/\/www.hotelvieuxmoulin.lu\/"},{"@type":"ListItem","position":2,"name":"Impressum"}]},{"@type":"WebSite","@id":"https:\/\/www.hotelvieuxmoulin.lu\/#website","url":"https:\/\/www.hotelvieuxmoulin.lu\/","name":"Domaine du Moulin d&#039;Asselborn","description":"Regional Luxembourgish hotel tradition","potentialAction":[{"@type":"SearchAction","target":{"@type":"EntryPoint","urlTemplate":"https:\/\/www.hotelvieuxmoulin.lu\/?s={search_term_string}"},"query-input":"required name=search_term_string"}],"inLanguage":"de"}]}},"_links":{"self":[{"href":"https:\/\/www.hotelvieuxmoulin.lu\/de\/wp-json\/wp\/v2\/pages\/2636","targetHints":{"allow":["GET"]}}],"collection":[{"href":"https:\/\/www.hotelvieuxmoulin.lu\/de\/wp-json\/wp\/v2\/pages"}],"about":[{"href":"https:\/\/www.hotelvieuxmoulin.lu\/de\/wp-json\/wp\/v2\/types\/page"}],"author":[{"embeddable":true,"href":"https:\/\/www.hotelvieuxmoulin.lu\/de\/wp-json\/wp\/v2\/users\/1"}],"replies":[{"embeddable":true,"href":"https:\/\/www.hotelvieuxmoulin.lu\/de\/wp-json\/wp\/v2\/comments?post=2636"}],"version-history":[{"count":11,"href":"https:\/\/www.hotelvieuxmoulin.lu\/de\/wp-json\/wp\/v2\/pages\/2636\/revisions"}],"predecessor-version":[{"id":3405,"href":"https:\/\/www.hotelvieuxmoulin.lu\/de\/wp-json\/wp\/v2\/pages\/2636\/revisions\/3405"}],"wp:attachment":[{"href":"https:\/\/www.hotelvieuxmoulin.lu\/de\/wp-json\/wp\/v2\/media?parent=2636"}],"curies":[{"name":"wp","href":"https:\/\/api.w.org\/{rel}","templated":true}]}}