{"id":2595,"date":"2019-08-01T15:35:15","date_gmt":"2019-08-01T15:35:15","guid":{"rendered":"http:\/\/utpawdh.cluster031.hosting.ovh.net\/?page_id=2595"},"modified":"2022-07-29T17:52:06","modified_gmt":"2022-07-29T17:52:06","slug":"mobike","status":"publish","type":"page","link":"https:\/\/www.hotelvieuxmoulin.lu\/de\/mobike\/","title":{"rendered":"Ein Paradies f\u00fcr Motorr\u00e4der"},"content":{"rendered":"<div class=\"mobike\">\n<p>Asselborn ist eine Stadt im Norden von Luxemburg, die ein idealer Ausgangspunkt f\u00fcr Fans aufregender und sch\u00f6ner Motorradstra\u00dfen ist. Viele Menschen haben schon von der M\u00fcllerthal-Region geh\u00f6rt, aber der Norden des Landes steht dieser in keinster Weise nach. Entdecken Sie kurvenreiche Stra\u00dfen, die Sie durch die Luxemburger Ardennen (\u00c9islek) f\u00fchren, fahren Sie mit dem Motorrad zu den vielen Naturparks oder machen Sie eine Tour zu den Schl\u00f6ssern des Nordens.<\/p>\n<p class=\"mobike__paragraph\">Das Hotel Domaine du Moulin d'Asselborn l\u00e4dt Sie ein, die vielen Sehensw\u00fcrdigkeiten dieser Gegend direkt vom Hotel aus zu erkunden. Wir versorgen Sie mit dem Essen, das Sie f\u00fcr Ihre Reise ben\u00f6tigen, komfortable Zimmer f\u00fcr guten Schlaf und bieten Ihnen Tipps zu den besten Routen rund um das Hotel.<\/p>\n<p class=\"mobike__paragraph\">Wenn Sie \u00fcber den untenstehenden Link buchen, erhalten Sie einen <a href=\"https:\/\/reservations.cubilis.eu\/domaine-du-moulin-dasselborn-asselborn?Language=fr-FR&amp;DiscountCode=MOBIKE\" target=\"_blank\" rel=\"noreferrer noopener\"><em><strong><u>Rabatt von 10%<\/u><\/strong><\/em><\/a> bei der Buchung eines Zimmers im Domaine du Moulin d'Asselborn! Dies ist ein spezielles Angebot f\u00fcr unsere G\u00e4ste, die \u00fcber Mobile auf unsere Seite gekommen sind.<\/p>\n<figure class=\"mobike__banner\">\n<div class=\"mobike__banner-img\"><\/div>\n<p><iframe class=\"mobike__map\" src=\"https:\/\/www.google.com\/maps\/embed?pb=!1m18!1m12!1m3!1d1751.0976458779849!2d5.962789376850364!3d50.08791423454594!2m3!1f0!2f0!3f0!3m2!1i1024!2i768!4f13.1!3m3!1m2!1s0x47c00eb5cb10650b%3A0x9c82229b12549378!2sDomaine+du+Moulin+d'Asselborn+S%C3%A0rl!5e0!3m2!1sen!2slu!4v1564675019412!5m2!1sen!2slu\" height=\"450\" frameborder=\"0\" allowfullscreen=\"allowfullscreen\"><\/iframe><\/figure>\n<p>Asselborn ist mehr als nur ein gew\u00f6hnliches Hotel und Restaurant - es ist ein Ort der Entdeckung und des Zaubers. F\u00fcr einen unvergesslichen kulturellen und gastronomischen Aufenthalt nehmen Sie sich ein oder zwei N\u00e4chte (oder ein langes Wochenende) in unserem Hotel Zeit und genie\u00dfen Sie einen abenteuerlichen Zwischenstopp auf den besten Motorradwegen, die das Land zu bieten hat. Werfen Sie einen Blick auf diese beiden Listen, um einen Eindruck von unserem Angebot zu erhalten:<\/p>\n<div class=\"mobike__services\">\n<div class=\"mobike__service-item\">\n<table class=\"mobike__table\">\n<tbody>\n<tr>\n<td>Gro\u00dfe Terrasse<\/td>\n<td>Restaurant &amp; brasserie<\/td>\n<\/tr>\n<tr>\n<td>Komfortable Zimmer<\/td>\n<td>Regelm\u00e4\u00dfige Veranstaltungen<\/td>\n<\/tr>\n<tr>\n<td>Tolle und erschwingliche Arrangements<\/td>\n<td>Proximity to many sights<\/td>\n<\/tr>\n<\/tbody>\n<\/table>\n<\/div>\n<div class=\"mobike__service-item\">\n<p><strong>Services f\u00fcr Motorradfahrer<\/strong><\/p>\n<table class=\"mobike__table\">\n<tbody>\n<tr>\n<td>F\u00fchrungen<\/td>\n<\/tr>\n<\/tbody>\n<\/table>\n<\/div>\n<\/div>\n<\/div>\n<p class=\"mobike__book\"><a href=\"https:\/\/reservations.cubilis.eu\/domaine-du-moulin-dasselborn-asselborn?Language=fr-FR&amp;DiscountCode=MOBIKE\" target=\"_blank\" rel=\"noreferrer noopener\"><button>Jetzt online buchen<\/button><\/a><\/p>","protected":false},"excerpt":{"rendered":"<p>Asselborn is a town located in the far north of Luxembourg, which is a perfect starting point for fans of exciting and beautiful motorbike roads. Many people may have heard of the Mullerthal region, but the north of the country is in no way inferior. Discover winding roads that lead you through the Luxembourgish Ardennes [&hellip;]<\/p>","protected":false},"author":1,"featured_media":0,"parent":0,"menu_order":0,"comment_status":"closed","ping_status":"closed","template":"","meta":{"om_disable_all_campaigns":false,"_monsterinsights_skip_tracking":false,"_monsterinsights_sitenote_active":false,"_monsterinsights_sitenote_note":"","_monsterinsights_sitenote_category":0,"footnotes":""},"class_list":["post-2595","page","type-page","status-publish","hentry"],"yoast_head":"<!-- This site is optimized with the Yoast SEO plugin v21.9.1 - https:\/\/yoast.com\/wordpress\/plugins\/seo\/ -->\n<title>A haven for motorbikes - Domaine du Moulin d&#039;Asselborn<\/title>\n<meta name=\"robots\" content=\"index, follow, max-snippet:-1, max-image-preview:large, max-video-preview:-1\" \/>\n<link rel=\"canonical\" href=\"https:\/\/www.hotelvieuxmoulin.lu\/de\/mobike\/\" \/>\n<meta property=\"og:locale\" content=\"de_DE\" \/>\n<meta property=\"og:type\" content=\"article\" \/>\n<meta property=\"og:title\" content=\"A haven for motorbikes - Domaine du Moulin d&#039;Asselborn\" \/>\n<meta property=\"og:description\" content=\"Asselborn is a town located in the far north of Luxembourg, which is a perfect starting point for fans of exciting and beautiful motorbike roads. Many people may have heard of the Mullerthal region, but the north of the country is in no way inferior. Discover winding roads that lead you through the Luxembourgish Ardennes [&hellip;]\" \/>\n<meta property=\"og:url\" content=\"https:\/\/www.hotelvieuxmoulin.lu\/de\/mobike\/\" \/>\n<meta property=\"og:site_name\" content=\"Domaine du Moulin d&#039;Asselborn\" \/>\n<meta property=\"article:modified_time\" content=\"2022-07-29T17:52:06+00:00\" \/>\n<meta name=\"twitter:card\" content=\"summary_large_image\" \/>\n<meta name=\"twitter:label1\" content=\"Gesch\u00e4tzte Lesezeit\" \/>\n\t<meta name=\"twitter:data1\" content=\"2\u00a0Minuten\" \/>\n<script type=\"application\/ld+json\" class=\"yoast-schema-graph\">{\"@context\":\"https:\/\/schema.org\",\"@graph\":[{\"@type\":\"WebPage\",\"@id\":\"https:\/\/www.hotelvieuxmoulin.lu\/mobike\/\",\"url\":\"https:\/\/www.hotelvieuxmoulin.lu\/mobike\/\",\"name\":\"A haven for motorbikes - Domaine du Moulin d&#039;Asselborn\",\"isPartOf\":{\"@id\":\"https:\/\/www.hotelvieuxmoulin.lu\/#website\"},\"datePublished\":\"2019-08-01T15:35:15+00:00\",\"dateModified\":\"2022-07-29T17:52:06+00:00\",\"breadcrumb\":{\"@id\":\"https:\/\/www.hotelvieuxmoulin.lu\/mobike\/#breadcrumb\"},\"inLanguage\":\"de\",\"potentialAction\":[{\"@type\":\"ReadAction\",\"target\":[\"https:\/\/www.hotelvieuxmoulin.lu\/mobike\/\"]}]},{\"@type\":\"BreadcrumbList\",\"@id\":\"https:\/\/www.hotelvieuxmoulin.lu\/mobike\/#breadcrumb\",\"itemListElement\":[{\"@type\":\"ListItem\",\"position\":1,\"name\":\"Home\",\"item\":\"https:\/\/www.hotelvieuxmoulin.lu\/\"},{\"@type\":\"ListItem\",\"position\":2,\"name\":\"A haven for motorbikes\"}]},{\"@type\":\"WebSite\",\"@id\":\"https:\/\/www.hotelvieuxmoulin.lu\/#website\",\"url\":\"https:\/\/www.hotelvieuxmoulin.lu\/\",\"name\":\"Domaine du Moulin d&#039;Asselborn\",\"description\":\"Regional Luxembourgish hotel tradition\",\"potentialAction\":[{\"@type\":\"SearchAction\",\"target\":{\"@type\":\"EntryPoint\",\"urlTemplate\":\"https:\/\/www.hotelvieuxmoulin.lu\/?s={search_term_string}\"},\"query-input\":\"required name=search_term_string\"}],\"inLanguage\":\"de\"}]}<\/script>\n<!-- \/ Yoast SEO plugin. -->","yoast_head_json":{"title":"A haven for motorbikes - Domaine du Moulin d&#039;Asselborn","robots":{"index":"index","follow":"follow","max-snippet":"max-snippet:-1","max-image-preview":"max-image-preview:large","max-video-preview":"max-video-preview:-1"},"canonical":"https:\/\/www.hotelvieuxmoulin.lu\/de\/mobike\/","og_locale":"de_DE","og_type":"article","og_title":"A haven for motorbikes - Domaine du Moulin d&#039;Asselborn","og_description":"Asselborn is a town located in the far north of Luxembourg, which is a perfect starting point for fans of exciting and beautiful motorbike roads. Many people may have heard of the Mullerthal region, but the north of the country is in no way inferior. Discover winding roads that lead you through the Luxembourgish Ardennes [&hellip;]","og_url":"https:\/\/www.hotelvieuxmoulin.lu\/de\/mobike\/","og_site_name":"Domaine du Moulin d&#039;Asselborn","article_modified_time":"2022-07-29T17:52:06+00:00","twitter_card":"summary_large_image","twitter_misc":{"Gesch\u00e4tzte Lesezeit":"2\u00a0Minuten"},"schema":{"@context":"https:\/\/schema.org","@graph":[{"@type":"WebPage","@id":"https:\/\/www.hotelvieuxmoulin.lu\/mobike\/","url":"https:\/\/www.hotelvieuxmoulin.lu\/mobike\/","name":"A haven for motorbikes - Domaine du Moulin d&#039;Asselborn","isPartOf":{"@id":"https:\/\/www.hotelvieuxmoulin.lu\/#website"},"datePublished":"2019-08-01T15:35:15+00:00","dateModified":"2022-07-29T17:52:06+00:00","breadcrumb":{"@id":"https:\/\/www.hotelvieuxmoulin.lu\/mobike\/#breadcrumb"},"inLanguage":"de","potentialAction":[{"@type":"ReadAction","target":["https:\/\/www.hotelvieuxmoulin.lu\/mobike\/"]}]},{"@type":"BreadcrumbList","@id":"https:\/\/www.hotelvieuxmoulin.lu\/mobike\/#breadcrumb","itemListElement":[{"@type":"ListItem","position":1,"name":"Home","item":"https:\/\/www.hotelvieuxmoulin.lu\/"},{"@type":"ListItem","position":2,"name":"A haven for motorbikes"}]},{"@type":"WebSite","@id":"https:\/\/www.hotelvieuxmoulin.lu\/#website","url":"https:\/\/www.hotelvieuxmoulin.lu\/","name":"Domaine du Moulin d&#039;Asselborn","description":"Regional Luxembourgish hotel tradition","potentialAction":[{"@type":"SearchAction","target":{"@type":"EntryPoint","urlTemplate":"https:\/\/www.hotelvieuxmoulin.lu\/?s={search_term_string}"},"query-input":"required name=search_term_string"}],"inLanguage":"de"}]}},"_links":{"self":[{"href":"https:\/\/www.hotelvieuxmoulin.lu\/de\/wp-json\/wp\/v2\/pages\/2595","targetHints":{"allow":["GET"]}}],"collection":[{"href":"https:\/\/www.hotelvieuxmoulin.lu\/de\/wp-json\/wp\/v2\/pages"}],"about":[{"href":"https:\/\/www.hotelvieuxmoulin.lu\/de\/wp-json\/wp\/v2\/types\/page"}],"author":[{"embeddable":true,"href":"https:\/\/www.hotelvieuxmoulin.lu\/de\/wp-json\/wp\/v2\/users\/1"}],"replies":[{"embeddable":true,"href":"https:\/\/www.hotelvieuxmoulin.lu\/de\/wp-json\/wp\/v2\/comments?post=2595"}],"version-history":[{"count":27,"href":"https:\/\/www.hotelvieuxmoulin.lu\/de\/wp-json\/wp\/v2\/pages\/2595\/revisions"}],"predecessor-version":[{"id":2604,"href":"https:\/\/www.hotelvieuxmoulin.lu\/de\/wp-json\/wp\/v2\/pages\/2595\/revisions\/2604"}],"wp:attachment":[{"href":"https:\/\/www.hotelvieuxmoulin.lu\/de\/wp-json\/wp\/v2\/media?parent=2595"}],"curies":[{"name":"wp","href":"https:\/\/api.w.org\/{rel}","templated":true}]}}