{"id":1479,"date":"2019-02-10T17:27:16","date_gmt":"2019-02-10T17:27:16","guid":{"rendered":"http:\/\/utpawdh.cluster031.hosting.ovh.net\/?page_id=1479"},"modified":"2023-10-30T00:06:54","modified_gmt":"2023-10-30T00:06:54","slug":"packages","status":"publish","type":"page","link":"https:\/\/www.hotelvieuxmoulin.lu\/de\/packages\/","title":{"rendered":"Arrangements"},"content":{"rendered":"<div data-vc-full-width=\"true\" data-vc-full-width-init=\"false\" class=\"vc_row wpb_row vc_row-fluid vc_custom_1504096112164 vc_row-has-fill\"><div class=\"wpb_column vc_column_container vc_col-sm-12\"><div class=\"vc_column-inner vc_custom_1499939894926\"><div class=\"wpb_wrapper\"> <h6 style=\"color:#878787;padding:px;text-align:center;font-size:12px;line-height:12px;letter-spacing: 2px;font-weight:lighter\" class=\"nd_options_second_font\">Unsere<\/h6> <div style=\"background-color:;height: 10px\" class=\"nicdark_section\"><\/div>\n    <div class=\"nd_options_section nd_options_line_height_0  nd_options_text_align_center\">\n        <span style=\"height:1px;width:30px;background-color:#878787\" class=\"nd_options_display_inline_block\"><\/span>\n    <\/div>\n   <div style=\"background-color:;height: 30px\" class=\"nicdark_section\"><\/div> <h1 style=\"color:#1c1c1c;padding:px;text-align:center;font-size:55px;line-height:px;letter-spacing: px;font-weight:normal\" class=\"nd_options_font_size_40_important_all_iphone nd_options_line_height_40_important_all_iphone nd_options_first_font\">Arrangements<\/h1> <div style=\"background-color:;height: 45px\" class=\"nicdark_section\"><\/div><div class=\"nd_options_section nd_options_masonry_content packages-package\">\n\n\t<div class=\"nd_options_width_50_percentage nd_options_float_left nd_options_padding_15 nd_options_postgrid_posts_layout_4 nd_options_box_sizing_border_box nd_options_masonry_item nd_options_width_100_percentage_responsive\">\n\t    \n\t    <div class=\"nd_options_section nd_options_padding_40 nd_options_box_sizing_border_box nd_options_background_size_cover\" style=\"background-image:url(https:\/\/www.hotelvieuxmoulin.lu\/wp-content\/uploads\/2021\/01\/bouquet-of-roses-1024x682.jpg)\">\n            <div class=\"nd_options_section nd_options_bg_white_alpha_97 nd_options_padding_40 nd_options_box_sizing_border_box nd_options_text_align_center\">\n                <h3 class=\"nd_options_color_grey translation-block\">Romantisches Arrangement<\/h3>\n                <div class=\"nd_options_section nd_options_height_20\"><\/div>\n                <h5 class=\"nd_options_color_grey\">April 26, 2022<\/h5>\n                <div class=\"nd_options_section nd_options_height_20\"><\/div>\n                <div class=\"nd_options_section nd_options_line_height_0\"><span class=\"nd_options_height_2 nd_options_width_30 nd_options_display_inline_block nd_options_bg_grey_3\"><\/span><\/div>\n                <p class=\"nd_options_display_none nd_options_postgrid_posts_layout_4_divider\">x<\/p>\n                <div class=\"nd_options_section nd_options_height_20\"><\/div>\n                <p>Das romantische Angebot beinhaltet ...<\/p>\n                <div class=\"nd_options_section nd_options_height_20\"><\/div>\n                <a class=\"nd_options_display_inline_block nd_options_border_1_solid_grey nd_options_text_align_center nd_options_line_height_16 nd_options_box_sizing_border_box  nd_options_color_grey nd_options_first_font nd_options_padding_10_20\" href=\"https:\/\/www.hotelvieuxmoulin.lu\/de\/2022\/04\/26\/romantic-package-1\/\">WEITERLESEN<\/a>\n            <\/div>\n        <\/div>\n\n\t<\/div>\n\n  \n\n\t<div class=\"nd_options_width_50_percentage nd_options_float_left nd_options_padding_15 nd_options_postgrid_posts_layout_4 nd_options_box_sizing_border_box nd_options_masonry_item nd_options_width_100_percentage_responsive\">\n\t    \n\t    <div class=\"nd_options_section nd_options_padding_40 nd_options_box_sizing_border_box nd_options_background_size_cover\" style=\"background-image:url(https:\/\/www.hotelvieuxmoulin.lu\/wp-content\/uploads\/2022\/12\/red_roses_valentine_package-1024x683.jpg)\">\n            <div class=\"nd_options_section nd_options_bg_white_alpha_97 nd_options_padding_40 nd_options_box_sizing_border_box nd_options_text_align_center\">\n                <h3 class=\"nd_options_color_grey\">Valentine&#8217;s Day Package 2026<\/h3>\n                <div class=\"nd_options_section nd_options_height_20\"><\/div>\n                <h5 class=\"nd_options_color_grey\">Dezember 24, 2022<\/h5>\n                <div class=\"nd_options_section nd_options_height_20\"><\/div>\n                <div class=\"nd_options_section nd_options_line_height_0\"><span class=\"nd_options_height_2 nd_options_width_30 nd_options_display_inline_block nd_options_bg_grey_3\"><\/span><\/div>\n                <p class=\"nd_options_display_none nd_options_postgrid_posts_layout_4_divider\">x<\/p>\n                <div class=\"nd_options_section nd_options_height_20\"><\/div>\n                <p>This valentine's day package includes...<\/p>\n                <div class=\"nd_options_section nd_options_height_20\"><\/div>\n                <a class=\"nd_options_display_inline_block nd_options_border_1_solid_grey nd_options_text_align_center nd_options_line_height_16 nd_options_box_sizing_border_box  nd_options_color_grey nd_options_first_font nd_options_padding_10_20\" href=\"https:\/\/www.hotelvieuxmoulin.lu\/de\/2022\/12\/24\/saint-valentine-package\/\">WEITERLESEN<\/a>\n            <\/div>\n        <\/div>\n\n\t<\/div>\n\n  \n\n\t<div class=\"nd_options_width_50_percentage nd_options_float_left nd_options_padding_15 nd_options_postgrid_posts_layout_4 nd_options_box_sizing_border_box nd_options_masonry_item nd_options_width_100_percentage_responsive\">\n\t    \n\t    <div class=\"nd_options_section nd_options_padding_40 nd_options_box_sizing_border_box nd_options_background_size_cover\" style=\"background-image:url(https:\/\/www.hotelvieuxmoulin.lu\/wp-content\/uploads\/2022\/04\/bikeanddine-1024x683.jpg)\">\n            <div class=\"nd_options_section nd_options_bg_white_alpha_97 nd_options_padding_40 nd_options_box_sizing_border_box nd_options_text_align_center\">\n                <h3 class=\"nd_options_color_grey\">Bike &amp; Dine Arrangement<\/h3>\n                <div class=\"nd_options_section nd_options_height_20\"><\/div>\n                <h5 class=\"nd_options_color_grey\">April 24, 2022<\/h5>\n                <div class=\"nd_options_section nd_options_height_20\"><\/div>\n                <div class=\"nd_options_section nd_options_line_height_0\"><span class=\"nd_options_height_2 nd_options_width_30 nd_options_display_inline_block nd_options_bg_grey_3\"><\/span><\/div>\n                <p class=\"nd_options_display_none nd_options_postgrid_posts_layout_4_divider\">x<\/p>\n                <div class=\"nd_options_section nd_options_height_20\"><\/div>\n                <p>Das Bike &amp; Dine Paket beinhaltet...<\/p>\n                <div class=\"nd_options_section nd_options_height_20\"><\/div>\n                <a class=\"nd_options_display_inline_block nd_options_border_1_solid_grey nd_options_text_align_center nd_options_line_height_16 nd_options_box_sizing_border_box  nd_options_color_grey nd_options_first_font nd_options_padding_10_20\" href=\"https:\/\/www.hotelvieuxmoulin.lu\/de\/2022\/04\/24\/bike-dinepackage\/\">WEITERLESEN<\/a>\n            <\/div>\n        <\/div>\n\n\t<\/div>\n\n  \n\n\t<div class=\"nd_options_width_50_percentage nd_options_float_left nd_options_padding_15 nd_options_postgrid_posts_layout_4 nd_options_box_sizing_border_box nd_options_masonry_item nd_options_width_100_percentage_responsive\">\n\t    \n\t    <div class=\"nd_options_section nd_options_padding_40 nd_options_box_sizing_border_box nd_options_background_size_cover\" style=\"background-image:url(https:\/\/www.hotelvieuxmoulin.lu\/wp-content\/uploads\/2021\/05\/hotel_MoulinAsselborn-31-1024x682.jpg)\">\n            <div class=\"nd_options_section nd_options_bg_white_alpha_97 nd_options_padding_40 nd_options_box_sizing_border_box nd_options_text_align_center\">\n                <h3 class=\"nd_options_color_grey\">Hike &amp; Dine Arrangement<\/h3>\n                <div class=\"nd_options_section nd_options_height_20\"><\/div>\n                <h5 class=\"nd_options_color_grey\">Juni 2, 2021<\/h5>\n                <div class=\"nd_options_section nd_options_height_20\"><\/div>\n                <div class=\"nd_options_section nd_options_line_height_0\"><span class=\"nd_options_height_2 nd_options_width_30 nd_options_display_inline_block nd_options_bg_grey_3\"><\/span><\/div>\n                <p class=\"nd_options_display_none nd_options_postgrid_posts_layout_4_divider\">x<\/p>\n                <div class=\"nd_options_section nd_options_height_20\"><\/div>\n                <p>Unser Hike &amp; Dine Arrangement erwartet Sie ...<\/p>\n                <div class=\"nd_options_section nd_options_height_20\"><\/div>\n                <a class=\"nd_options_display_inline_block nd_options_border_1_solid_grey nd_options_text_align_center nd_options_line_height_16 nd_options_box_sizing_border_box  nd_options_color_grey nd_options_first_font nd_options_padding_10_20\" href=\"https:\/\/www.hotelvieuxmoulin.lu\/de\/2021\/06\/02\/hike-dinepackage\/\">WEITERLESEN<\/a>\n            <\/div>\n        <\/div>\n\n\t<\/div>\n\n  \n\n\t<div class=\"nd_options_width_50_percentage nd_options_float_left nd_options_padding_15 nd_options_postgrid_posts_layout_4 nd_options_box_sizing_border_box nd_options_masonry_item nd_options_width_100_percentage_responsive\">\n\t    \n\t    <div class=\"nd_options_section nd_options_padding_40 nd_options_box_sizing_border_box nd_options_background_size_cover\" style=\"background-image:url(https:\/\/www.hotelvieuxmoulin.lu\/wp-content\/uploads\/2020\/02\/hiking-square-e1582283559990-1.jpg)\">\n            <div class=\"nd_options_section nd_options_bg_white_alpha_97 nd_options_padding_40 nd_options_box_sizing_border_box nd_options_text_align_center\">\n                <h3 class=\"nd_options_color_grey\">Wander-Arrangement<\/h3>\n                <div class=\"nd_options_section nd_options_height_20\"><\/div>\n                <h5 class=\"nd_options_color_grey\">Februar 21, 2020<\/h5>\n                <div class=\"nd_options_section nd_options_height_20\"><\/div>\n                <div class=\"nd_options_section nd_options_line_height_0\"><span class=\"nd_options_height_2 nd_options_width_30 nd_options_display_inline_block nd_options_bg_grey_3\"><\/span><\/div>\n                <p class=\"nd_options_display_none nd_options_postgrid_posts_layout_4_divider\">x<\/p>\n                <div class=\"nd_options_section nd_options_height_20\"><\/div>\n                <p>Unser spezielles Wanderpaket f\u00fcr alle Abenteuerlustigen ...<\/p>\n                <div class=\"nd_options_section nd_options_height_20\"><\/div>\n                <a class=\"nd_options_display_inline_block nd_options_border_1_solid_grey nd_options_text_align_center nd_options_line_height_16 nd_options_box_sizing_border_box  nd_options_color_grey nd_options_first_font nd_options_padding_10_20\" href=\"https:\/\/www.hotelvieuxmoulin.lu\/de\/2020\/02\/21\/hikingpackage\/\">WEITERLESEN<\/a>\n            <\/div>\n        <\/div>\n\n\t<\/div>\n\n  \n\n\t<div class=\"nd_options_width_50_percentage nd_options_float_left nd_options_padding_15 nd_options_postgrid_posts_layout_4 nd_options_box_sizing_border_box nd_options_masonry_item nd_options_width_100_percentage_responsive\">\n\t    \n\t    <div class=\"nd_options_section nd_options_padding_40 nd_options_box_sizing_border_box nd_options_background_size_cover\" style=\"background-image:url(https:\/\/www.hotelvieuxmoulin.lu\/wp-content\/uploads\/2019\/02\/forfait-terroir.png)\">\n            <div class=\"nd_options_section nd_options_bg_white_alpha_97 nd_options_padding_40 nd_options_box_sizing_border_box nd_options_text_align_center\">\n                <h3 class=\"nd_options_color_grey\">Halbpensions-Arrangement 'ECO' (Drei G\u00e4nge)<\/h3>\n                <div class=\"nd_options_section nd_options_height_20\"><\/div>\n                <h5 class=\"nd_options_color_grey\">Februar 11, 2019<\/h5>\n                <div class=\"nd_options_section nd_options_height_20\"><\/div>\n                <div class=\"nd_options_section nd_options_line_height_0\"><span class=\"nd_options_height_2 nd_options_width_30 nd_options_display_inline_block nd_options_bg_grey_3\"><\/span><\/div>\n                <p class=\"nd_options_display_none nd_options_postgrid_posts_layout_4_divider\">x<\/p>\n                <div class=\"nd_options_section nd_options_height_20\"><\/div>\n                <p>Lassen Sie sich von uns mit einer Mahlzeit ...<\/p>\n                <div class=\"nd_options_section nd_options_height_20\"><\/div>\n                <a class=\"nd_options_display_inline_block nd_options_border_1_solid_grey nd_options_text_align_center nd_options_line_height_16 nd_options_box_sizing_border_box  nd_options_color_grey nd_options_first_font nd_options_padding_10_20\" href=\"https:\/\/www.hotelvieuxmoulin.lu\/de\/2019\/02\/11\/forfait-terroir\/\">WEITERLESEN<\/a>\n            <\/div>\n        <\/div>\n\n\t<\/div>\n\n  \n\n\t<div class=\"nd_options_width_50_percentage nd_options_float_left nd_options_padding_15 nd_options_postgrid_posts_layout_4 nd_options_box_sizing_border_box nd_options_masonry_item nd_options_width_100_percentage_responsive\">\n\t    \n\t    <div class=\"nd_options_section nd_options_padding_40 nd_options_box_sizing_border_box nd_options_background_size_cover\" style=\"background-image:url(https:\/\/www.hotelvieuxmoulin.lu\/wp-content\/uploads\/2019\/02\/forfait-gastronomique.png)\">\n            <div class=\"nd_options_section nd_options_bg_white_alpha_97 nd_options_padding_40 nd_options_box_sizing_border_box nd_options_text_align_center\">\n                <h3 class=\"nd_options_color_grey\">Halbpensions-Arrangement 'Klassik' (Vier G\u00e4nge)<\/h3>\n                <div class=\"nd_options_section nd_options_height_20\"><\/div>\n                <h5 class=\"nd_options_color_grey\">Februar 11, 2019<\/h5>\n                <div class=\"nd_options_section nd_options_height_20\"><\/div>\n                <div class=\"nd_options_section nd_options_line_height_0\"><span class=\"nd_options_height_2 nd_options_width_30 nd_options_display_inline_block nd_options_bg_grey_3\"><\/span><\/div>\n                <p class=\"nd_options_display_none nd_options_postgrid_posts_layout_4_divider\">x<\/p>\n                <div class=\"nd_options_section nd_options_height_20\"><\/div>\n                <p>1 Nacht f\u00fcr 2 Personen inklusive Fr\u00fchst\u00fcck und ...<\/p>\n                <div class=\"nd_options_section nd_options_height_20\"><\/div>\n                <a class=\"nd_options_display_inline_block nd_options_border_1_solid_grey nd_options_text_align_center nd_options_line_height_16 nd_options_box_sizing_border_box  nd_options_color_grey nd_options_first_font nd_options_padding_10_20\" href=\"https:\/\/www.hotelvieuxmoulin.lu\/de\/2019\/02\/11\/forfait-classique\/\">WEITERLESEN<\/a>\n            <\/div>\n        <\/div>\n\n\t<\/div>\n\n  \n\n\t<div class=\"nd_options_width_50_percentage nd_options_float_left nd_options_padding_15 nd_options_postgrid_posts_layout_4 nd_options_box_sizing_border_box nd_options_masonry_item nd_options_width_100_percentage_responsive\">\n\t    \n\t    <div class=\"nd_options_section nd_options_padding_40 nd_options_box_sizing_border_box nd_options_background_size_cover\" style=\"background-image:url(https:\/\/www.hotelvieuxmoulin.lu\/wp-content\/uploads\/2019\/02\/assel.jpg)\">\n            <div class=\"nd_options_section nd_options_bg_white_alpha_97 nd_options_padding_40 nd_options_box_sizing_border_box nd_options_text_align_center\">\n                <h3 class=\"nd_options_color_grey\">Halbpensions-Arrangement 'Gastronomisch' (F\u00fcnf G\u00e4nge)<\/h3>\n                <div class=\"nd_options_section nd_options_height_20\"><\/div>\n                <h5 class=\"nd_options_color_grey\">Januar 11, 2019<\/h5>\n                <div class=\"nd_options_section nd_options_height_20\"><\/div>\n                <div class=\"nd_options_section nd_options_line_height_0\"><span class=\"nd_options_height_2 nd_options_width_30 nd_options_display_inline_block nd_options_bg_grey_3\"><\/span><\/div>\n                <p class=\"nd_options_display_none nd_options_postgrid_posts_layout_4_divider\">x<\/p>\n                <div class=\"nd_options_section nd_options_height_20\"><\/div>\n                <p>In Ihrem Aufenthalt ist das Fr\u00fchst\u00fcck und ein ...<\/p>\n                <div class=\"nd_options_section nd_options_height_20\"><\/div>\n                <a class=\"nd_options_display_inline_block nd_options_border_1_solid_grey nd_options_text_align_center nd_options_line_height_16 nd_options_box_sizing_border_box  nd_options_color_grey nd_options_first_font nd_options_padding_10_20\" href=\"https:\/\/www.hotelvieuxmoulin.lu\/de\/2019\/01\/11\/forfait-gastronomique\/\">WEITERLESEN<\/a>\n            <\/div>\n        <\/div>\n\n\t<\/div>\n\n  <\/div><\/div><\/div><\/div><\/div><div class=\"vc_row-full-width vc_clearfix\"><\/div>","protected":false},"excerpt":{"rendered":"This package \"Gastronomic\" at our traditional hotel in Asselborn includes: &nbsp; Overnight stay Breakfast Five-course menu (drinks not included) &nbsp; What can you expect from the half board 'Gastronomic' package? Experience the ultimate indulgence with our Half Board package at Moulin d'Asselborn, a charming hotel nestled in the heart of the Luxembourgish countryside. This package [...]","protected":false},"author":1,"featured_media":0,"parent":0,"menu_order":0,"comment_status":"closed","ping_status":"closed","template":"","meta":{"om_disable_all_campaigns":false,"_monsterinsights_skip_tracking":false,"_monsterinsights_sitenote_active":false,"_monsterinsights_sitenote_note":"","_monsterinsights_sitenote_category":0,"footnotes":""},"class_list":["post-1479","page","type-page","status-publish","hentry"],"yoast_head":"<!-- This site is optimized with the Yoast SEO plugin v21.9.1 - https:\/\/yoast.com\/wordpress\/plugins\/seo\/ -->\n<title>Packages - Domaine du Moulin d&#039;Asselborn<\/title>\n<meta name=\"robots\" content=\"index, follow, max-snippet:-1, max-image-preview:large, max-video-preview:-1\" \/>\n<link rel=\"canonical\" href=\"https:\/\/www.hotelvieuxmoulin.lu\/de\/packages\/\" \/>\n<meta property=\"og:locale\" content=\"de_DE\" \/>\n<meta property=\"og:type\" content=\"article\" \/>\n<meta property=\"og:title\" content=\"Packages - Domaine du Moulin d&#039;Asselborn\" \/>\n<meta property=\"og:url\" content=\"https:\/\/www.hotelvieuxmoulin.lu\/de\/packages\/\" \/>\n<meta property=\"og:site_name\" content=\"Domaine du Moulin d&#039;Asselborn\" \/>\n<meta property=\"article:modified_time\" content=\"2023-10-30T00:06:54+00:00\" \/>\n<meta name=\"twitter:card\" content=\"summary_large_image\" \/>\n<meta name=\"twitter:label1\" content=\"Gesch\u00e4tzte Lesezeit\" \/>\n\t<meta name=\"twitter:data1\" content=\"1\u00a0Minute\" \/>\n<script type=\"application\/ld+json\" class=\"yoast-schema-graph\">{\"@context\":\"https:\/\/schema.org\",\"@graph\":[{\"@type\":\"WebPage\",\"@id\":\"https:\/\/www.hotelvieuxmoulin.lu\/packages\/\",\"url\":\"https:\/\/www.hotelvieuxmoulin.lu\/packages\/\",\"name\":\"Packages - Domaine du Moulin d&#039;Asselborn\",\"isPartOf\":{\"@id\":\"https:\/\/www.hotelvieuxmoulin.lu\/#website\"},\"datePublished\":\"2019-02-10T17:27:16+00:00\",\"dateModified\":\"2023-10-30T00:06:54+00:00\",\"breadcrumb\":{\"@id\":\"https:\/\/www.hotelvieuxmoulin.lu\/packages\/#breadcrumb\"},\"inLanguage\":\"de\",\"potentialAction\":[{\"@type\":\"ReadAction\",\"target\":[\"https:\/\/www.hotelvieuxmoulin.lu\/packages\/\"]}]},{\"@type\":\"BreadcrumbList\",\"@id\":\"https:\/\/www.hotelvieuxmoulin.lu\/packages\/#breadcrumb\",\"itemListElement\":[{\"@type\":\"ListItem\",\"position\":1,\"name\":\"Home\",\"item\":\"https:\/\/www.hotelvieuxmoulin.lu\/\"},{\"@type\":\"ListItem\",\"position\":2,\"name\":\"Packages\"}]},{\"@type\":\"WebSite\",\"@id\":\"https:\/\/www.hotelvieuxmoulin.lu\/#website\",\"url\":\"https:\/\/www.hotelvieuxmoulin.lu\/\",\"name\":\"Domaine du Moulin d&#039;Asselborn\",\"description\":\"Regional Luxembourgish hotel tradition\",\"potentialAction\":[{\"@type\":\"SearchAction\",\"target\":{\"@type\":\"EntryPoint\",\"urlTemplate\":\"https:\/\/www.hotelvieuxmoulin.lu\/?s={search_term_string}\"},\"query-input\":\"required name=search_term_string\"}],\"inLanguage\":\"de\"}]}<\/script>\n<!-- \/ Yoast SEO plugin. -->","yoast_head_json":{"title":"Packages - Domaine du Moulin d&#039;Asselborn","robots":{"index":"index","follow":"follow","max-snippet":"max-snippet:-1","max-image-preview":"max-image-preview:large","max-video-preview":"max-video-preview:-1"},"canonical":"https:\/\/www.hotelvieuxmoulin.lu\/de\/packages\/","og_locale":"de_DE","og_type":"article","og_title":"Packages - Domaine du Moulin d&#039;Asselborn","og_url":"https:\/\/www.hotelvieuxmoulin.lu\/de\/packages\/","og_site_name":"Domaine du Moulin d&#039;Asselborn","article_modified_time":"2023-10-30T00:06:54+00:00","twitter_card":"summary_large_image","twitter_misc":{"Gesch\u00e4tzte Lesezeit":"1\u00a0Minute"},"schema":{"@context":"https:\/\/schema.org","@graph":[{"@type":"WebPage","@id":"https:\/\/www.hotelvieuxmoulin.lu\/packages\/","url":"https:\/\/www.hotelvieuxmoulin.lu\/packages\/","name":"Packages - Domaine du Moulin d&#039;Asselborn","isPartOf":{"@id":"https:\/\/www.hotelvieuxmoulin.lu\/#website"},"datePublished":"2019-02-10T17:27:16+00:00","dateModified":"2023-10-30T00:06:54+00:00","breadcrumb":{"@id":"https:\/\/www.hotelvieuxmoulin.lu\/packages\/#breadcrumb"},"inLanguage":"de","potentialAction":[{"@type":"ReadAction","target":["https:\/\/www.hotelvieuxmoulin.lu\/packages\/"]}]},{"@type":"BreadcrumbList","@id":"https:\/\/www.hotelvieuxmoulin.lu\/packages\/#breadcrumb","itemListElement":[{"@type":"ListItem","position":1,"name":"Home","item":"https:\/\/www.hotelvieuxmoulin.lu\/"},{"@type":"ListItem","position":2,"name":"Packages"}]},{"@type":"WebSite","@id":"https:\/\/www.hotelvieuxmoulin.lu\/#website","url":"https:\/\/www.hotelvieuxmoulin.lu\/","name":"Domaine du Moulin d&#039;Asselborn","description":"Regional Luxembourgish hotel tradition","potentialAction":[{"@type":"SearchAction","target":{"@type":"EntryPoint","urlTemplate":"https:\/\/www.hotelvieuxmoulin.lu\/?s={search_term_string}"},"query-input":"required name=search_term_string"}],"inLanguage":"de"}]}},"_links":{"self":[{"href":"https:\/\/www.hotelvieuxmoulin.lu\/de\/wp-json\/wp\/v2\/pages\/1479","targetHints":{"allow":["GET"]}}],"collection":[{"href":"https:\/\/www.hotelvieuxmoulin.lu\/de\/wp-json\/wp\/v2\/pages"}],"about":[{"href":"https:\/\/www.hotelvieuxmoulin.lu\/de\/wp-json\/wp\/v2\/types\/page"}],"author":[{"embeddable":true,"href":"https:\/\/www.hotelvieuxmoulin.lu\/de\/wp-json\/wp\/v2\/users\/1"}],"replies":[{"embeddable":true,"href":"https:\/\/www.hotelvieuxmoulin.lu\/de\/wp-json\/wp\/v2\/comments?post=1479"}],"version-history":[{"count":20,"href":"https:\/\/www.hotelvieuxmoulin.lu\/de\/wp-json\/wp\/v2\/pages\/1479\/revisions"}],"predecessor-version":[{"id":3858,"href":"https:\/\/www.hotelvieuxmoulin.lu\/de\/wp-json\/wp\/v2\/pages\/1479\/revisions\/3858"}],"wp:attachment":[{"href":"https:\/\/www.hotelvieuxmoulin.lu\/de\/wp-json\/wp\/v2\/media?parent=1479"}],"curies":[{"name":"wp","href":"https:\/\/api.w.org\/{rel}","templated":true}]}}